{"id":84595,"date":"2026-01-27T10:45:40","date_gmt":"2026-01-27T09:45:40","guid":{"rendered":"https:\/\/www.marelle-bio.com\/?post_type=product&#038;p=84595"},"modified":"2026-01-29T15:28:52","modified_gmt":"2026-01-29T14:28:52","slug":"marelle-lingettes-lavables","status":"publish","type":"product","link":"https:\/\/www.marelle-bio.com\/fr\/produit\/marelle-lingettes-lavables\/","title":{"rendered":"Lingettes lavables"},"content":{"rendered":"","protected":false},"excerpt":{"rendered":"<p>Lot de 5 lingettes lavables en 100% coton bio, une alternative \u00e9cologique et pratique aux lingettes et cotons jetables.<\/p>\n<p>Douces et polyvalentes, ces lingettes lavables sont id\u00e9ales pour prendre soin de la peau d\u00e9licate des b\u00e9b\u00e9s, des enfants et de toute la famille.<\/p>\n<p>Fabriqu\u00e9es \u00e0 partir de coton biologique certifi\u00e9 GOTS et confectionn\u00e9es dans un atelier bas\u00e9 en Haute-Savoie en France, elles sont s\u00fbres et respectueuses de l&#8217;environnement.<\/p>\n<p>Avec leur double face, ces lingettes offrent une exp\u00e9rience douce et confortable \u00e0 chaque utilisation. Le c\u00f4t\u00e9 en molleton est doux et absorbant et le c\u00f4t\u00e9 en micro-\u00e9ponge permet un nettoyage plus en profondeur.<\/p>\n<p>D\u00c9TAILS &amp; COMPOSITION:<\/p>\n<p>Dimensions &amp; couleur :\u00a010 x 10 cm, naturel\/cr\u00e8me.<\/p>\n<p>Composition : Coton biologique certifi\u00e9 GOTS, 100% des fibres sont issues de l&#8217;agriculture biologique. Confection dans un atelier bas\u00e9 en Haute-Savoie en France.<\/p>\n<p>Conseils d\u2019entretien\u00a0:\u00a0Lavage en machine \u00e0 30\u00b0C.<\/p>\n<p>CONSEILS D\u2019UTILISATION:<\/p>\n<p>A utiliser avec notre Eau florale micellaire pour un nettoyage de la peau tout en douceur.<\/p>\n<p>Impr\u00e9gner la face en molleton de la lingette de l\u2019Eau florale micellaire. Vous pouvez l\u2019humidifier au pr\u00e9alable si vous le souhaitez. Nettoyer d\u00e9licatement le visage, le cou, les mains, le si\u00e8ge afin d\u2019enlever toutes traces d\u2019impuret\u00e9s.<\/p>\n<p>Retourner la lingette et utiliser la face en micro-\u00e9ponge pour s\u00e9cher la peau si vous le souhaitez.<\/p>\n<p>Rincer la lingette \u00e0 l\u2019eau ti\u00e8de et au savon apr\u00e8s chaque utilisation. Lorsque cela est n\u00e9cessaire, laver les lingettes en machine \u00e0 30\u00b0C.<\/p>\n","protected":false},"featured_media":84717,"template":"","meta":[],"product_cat":[76],"bundle_layout":"","bundled_by":[],"bundled_items":[],"acf":[],"yoast_head":"<!-- This site is optimized with the Yoast SEO plugin v21.2 - https:\/\/yoast.com\/wordpress\/plugins\/seo\/ -->\n<title>Lingettes lavables &#8226; Marelle<\/title>\n<meta name=\"description\" content=\"D\u00e9couvrez nos nouvelles lingettes lavables en 100% coton bio. Une alternative \u00e9cologique et pratique aux lingettes et cotons jetables.\" \/>\n<meta name=\"robots\" content=\"index, follow, max-snippet:-1, max-image-preview:large, max-video-preview:-1\" \/>\n<link rel=\"canonical\" href=\"https:\/\/www.marelle-bio.com\/fr\/produit\/marelle-lingettes-lavables\/\" \/>\n<meta property=\"og:locale\" content=\"fr_FR\" \/>\n<meta property=\"og:type\" content=\"article\" \/>\n<meta property=\"og:title\" content=\"Lingettes lavables &#8226; Marelle\" \/>\n<meta property=\"og:description\" content=\"D\u00e9couvrez nos nouvelles lingettes lavables en 100% coton bio. Une alternative \u00e9cologique et pratique aux lingettes et cotons jetables.\" \/>\n<meta property=\"og:url\" content=\"https:\/\/www.marelle-bio.com\/fr\/produit\/marelle-lingettes-lavables\/\" \/>\n<meta property=\"og:site_name\" content=\"Marelle\" \/>\n<meta property=\"article:publisher\" content=\"https:\/\/www.facebook.com\/marellebio\/\" \/>\n<meta property=\"article:modified_time\" content=\"2026-01-29T14:28:52+00:00\" \/>\n<meta property=\"og:image\" content=\"https:\/\/www.marelle-bio.com\/wp-content\/uploads\/2026\/01\/marelle_lingettes_lavables_1.jpeg\" \/>\n\t<meta property=\"og:image:width\" content=\"2032\" \/>\n\t<meta property=\"og:image:height\" content=\"2032\" \/>\n\t<meta property=\"og:image:type\" content=\"image\/jpeg\" \/>\n<meta name=\"twitter:card\" content=\"summary_large_image\" \/>\n<script type=\"application\/ld+json\" class=\"yoast-schema-graph\">{\"@context\":\"https:\/\/schema.org\",\"@graph\":[{\"@type\":\"WebPage\",\"@id\":\"https:\/\/www.marelle-bio.com\/fr\/produit\/marelle-lingettes-lavables\/\",\"url\":\"https:\/\/www.marelle-bio.com\/fr\/produit\/marelle-lingettes-lavables\/\",\"name\":\"Lingettes lavables &#8226; Marelle\",\"isPartOf\":{\"@id\":\"https:\/\/www.marelle-bio.com\/fr\/#website\"},\"datePublished\":\"2026-01-27T09:45:40+00:00\",\"dateModified\":\"2026-01-29T14:28:52+00:00\",\"description\":\"D\u00e9couvrez nos nouvelles lingettes lavables en 100% coton bio. Une alternative \u00e9cologique et pratique aux lingettes et cotons jetables.\",\"breadcrumb\":{\"@id\":\"https:\/\/www.marelle-bio.com\/fr\/produit\/marelle-lingettes-lavables\/#breadcrumb\"},\"inLanguage\":\"fr-FR\",\"potentialAction\":[{\"@type\":\"ReadAction\",\"target\":[\"https:\/\/www.marelle-bio.com\/fr\/produit\/marelle-lingettes-lavables\/\"]}]},{\"@type\":\"BreadcrumbList\",\"@id\":\"https:\/\/www.marelle-bio.com\/fr\/produit\/marelle-lingettes-lavables\/#breadcrumb\",\"itemListElement\":[{\"@type\":\"ListItem\",\"position\":1,\"name\":\"Accueil\",\"item\":\"https:\/\/www.marelle-bio.com\/fr\/\"},{\"@type\":\"ListItem\",\"position\":2,\"name\":\"Boutique\",\"item\":\"https:\/\/www.marelle-bio.com\/fr\/marelle-soins-bio-e-shop\/\"},{\"@type\":\"ListItem\",\"position\":3,\"name\":\"Lingettes lavables\"}]},{\"@type\":\"WebSite\",\"@id\":\"https:\/\/www.marelle-bio.com\/fr\/#website\",\"url\":\"https:\/\/www.marelle-bio.com\/fr\/\",\"name\":\"Marelle\",\"description\":\"Soins bio pour b\u00e9b\u00e9s et enfants\",\"publisher\":{\"@id\":\"https:\/\/www.marelle-bio.com\/fr\/#organization\"},\"potentialAction\":[{\"@type\":\"SearchAction\",\"target\":{\"@type\":\"EntryPoint\",\"urlTemplate\":\"https:\/\/www.marelle-bio.com\/fr\/?s={search_term_string}\"},\"query-input\":\"required name=search_term_string\"}],\"inLanguage\":\"fr-FR\"},{\"@type\":\"Organization\",\"@id\":\"https:\/\/www.marelle-bio.com\/fr\/#organization\",\"name\":\"Marelle\",\"url\":\"https:\/\/www.marelle-bio.com\/fr\/\",\"logo\":{\"@type\":\"ImageObject\",\"inLanguage\":\"fr-FR\",\"@id\":\"https:\/\/www.marelle-bio.com\/fr\/#\/schema\/logo\/image\/\",\"url\":\"https:\/\/www.marelle-bio.com\/wp-content\/uploads\/2019\/10\/logo.png\",\"contentUrl\":\"https:\/\/www.marelle-bio.com\/wp-content\/uploads\/2019\/10\/logo.png\",\"width\":608,\"height\":295,\"caption\":\"Marelle\"},\"image\":{\"@id\":\"https:\/\/www.marelle-bio.com\/fr\/#\/schema\/logo\/image\/\"},\"sameAs\":[\"https:\/\/www.facebook.com\/marellebio\/\",\"https:\/\/www.instagram.com\/marelle_bio\/\"]}]}<\/script>\n<!-- \/ Yoast SEO plugin. -->","yoast_head_json":{"title":"Lingettes lavables &#8226; Marelle","description":"D\u00e9couvrez nos nouvelles lingettes lavables en 100% coton bio. Une alternative \u00e9cologique et pratique aux lingettes et cotons jetables.","robots":{"index":"index","follow":"follow","max-snippet":"max-snippet:-1","max-image-preview":"max-image-preview:large","max-video-preview":"max-video-preview:-1"},"canonical":"https:\/\/www.marelle-bio.com\/fr\/produit\/marelle-lingettes-lavables\/","og_locale":"fr_FR","og_type":"article","og_title":"Lingettes lavables &#8226; Marelle","og_description":"D\u00e9couvrez nos nouvelles lingettes lavables en 100% coton bio. Une alternative \u00e9cologique et pratique aux lingettes et cotons jetables.","og_url":"https:\/\/www.marelle-bio.com\/fr\/produit\/marelle-lingettes-lavables\/","og_site_name":"Marelle","article_publisher":"https:\/\/www.facebook.com\/marellebio\/","article_modified_time":"2026-01-29T14:28:52+00:00","og_image":[{"width":2032,"height":2032,"url":"https:\/\/www.marelle-bio.com\/wp-content\/uploads\/2026\/01\/marelle_lingettes_lavables_1.jpeg","type":"image\/jpeg"}],"twitter_card":"summary_large_image","schema":{"@context":"https:\/\/schema.org","@graph":[{"@type":"WebPage","@id":"https:\/\/www.marelle-bio.com\/fr\/produit\/marelle-lingettes-lavables\/","url":"https:\/\/www.marelle-bio.com\/fr\/produit\/marelle-lingettes-lavables\/","name":"Lingettes lavables &#8226; Marelle","isPartOf":{"@id":"https:\/\/www.marelle-bio.com\/fr\/#website"},"datePublished":"2026-01-27T09:45:40+00:00","dateModified":"2026-01-29T14:28:52+00:00","description":"D\u00e9couvrez nos nouvelles lingettes lavables en 100% coton bio. Une alternative \u00e9cologique et pratique aux lingettes et cotons jetables.","breadcrumb":{"@id":"https:\/\/www.marelle-bio.com\/fr\/produit\/marelle-lingettes-lavables\/#breadcrumb"},"inLanguage":"fr-FR","potentialAction":[{"@type":"ReadAction","target":["https:\/\/www.marelle-bio.com\/fr\/produit\/marelle-lingettes-lavables\/"]}]},{"@type":"BreadcrumbList","@id":"https:\/\/www.marelle-bio.com\/fr\/produit\/marelle-lingettes-lavables\/#breadcrumb","itemListElement":[{"@type":"ListItem","position":1,"name":"Accueil","item":"https:\/\/www.marelle-bio.com\/fr\/"},{"@type":"ListItem","position":2,"name":"Boutique","item":"https:\/\/www.marelle-bio.com\/fr\/marelle-soins-bio-e-shop\/"},{"@type":"ListItem","position":3,"name":"Lingettes lavables"}]},{"@type":"WebSite","@id":"https:\/\/www.marelle-bio.com\/fr\/#website","url":"https:\/\/www.marelle-bio.com\/fr\/","name":"Marelle","description":"Soins bio pour b\u00e9b\u00e9s et enfants","publisher":{"@id":"https:\/\/www.marelle-bio.com\/fr\/#organization"},"potentialAction":[{"@type":"SearchAction","target":{"@type":"EntryPoint","urlTemplate":"https:\/\/www.marelle-bio.com\/fr\/?s={search_term_string}"},"query-input":"required name=search_term_string"}],"inLanguage":"fr-FR"},{"@type":"Organization","@id":"https:\/\/www.marelle-bio.com\/fr\/#organization","name":"Marelle","url":"https:\/\/www.marelle-bio.com\/fr\/","logo":{"@type":"ImageObject","inLanguage":"fr-FR","@id":"https:\/\/www.marelle-bio.com\/fr\/#\/schema\/logo\/image\/","url":"https:\/\/www.marelle-bio.com\/wp-content\/uploads\/2019\/10\/logo.png","contentUrl":"https:\/\/www.marelle-bio.com\/wp-content\/uploads\/2019\/10\/logo.png","width":608,"height":295,"caption":"Marelle"},"image":{"@id":"https:\/\/www.marelle-bio.com\/fr\/#\/schema\/logo\/image\/"},"sameAs":["https:\/\/www.facebook.com\/marellebio\/","https:\/\/www.instagram.com\/marelle_bio\/"]}]}},"_links":{"self":[{"href":"https:\/\/www.marelle-bio.com\/fr\/wp-json\/wp\/v2\/product\/84595"}],"collection":[{"href":"https:\/\/www.marelle-bio.com\/fr\/wp-json\/wp\/v2\/product"}],"about":[{"href":"https:\/\/www.marelle-bio.com\/fr\/wp-json\/wp\/v2\/types\/product"}],"wp:featuredmedia":[{"embeddable":true,"href":"https:\/\/www.marelle-bio.com\/fr\/wp-json\/wp\/v2\/media\/84717"}],"wp:attachment":[{"href":"https:\/\/www.marelle-bio.com\/fr\/wp-json\/wp\/v2\/media?parent=84595"}],"wp:term":[{"taxonomy":"product_cat","embeddable":true,"href":"https:\/\/www.marelle-bio.com\/fr\/wp-json\/wp\/v2\/product_cat?post=84595"}],"curies":[{"name":"wp","href":"https:\/\/api.w.org\/{rel}","templated":true}]}}