{"id":328,"date":"2019-09-24T12:25:34","date_gmt":"2019-09-24T10:25:34","guid":{"rendered":"http:\/\/www.marelle-bio.com\/?post_type=product&#038;p=328"},"modified":"2026-04-07T11:54:10","modified_gmt":"2026-04-07T09:54:10","slug":"marelle-creme-hydratante-delicate","status":"publish","type":"product","link":"https:\/\/www.marelle-bio.com\/fr\/produit\/marelle-creme-hydratante-delicate\/","title":{"rendered":"Cr\u00e8me hydratante d\u00e9licate"},"content":{"rendered":"","protected":false},"excerpt":{"rendered":"<p><strong>fleur d&#8217;edelweiss et cire d&#8217;abeille blanche<\/strong><br \/>\n<strong>visage &amp; corps<\/strong><\/p>\n<p>Cette cr\u00e8me hydratante certifi\u00e9e bio \u00e0 la texture ultra fine nourrit, adoucit et prot\u00e8ge la peau d\u00e9licate des b\u00e9b\u00e9s et des plus grands.<\/p>\n<p>Sa formule est gorg\u00e9e d&#8217;actifs bio: des extraits de fleurs d&#8217;edelweiss cultiv\u00e9es biologiquement dans les Alpes suisses aux propri\u00e9t\u00e9s protectrices, du beurre de karit\u00e9 bio r\u00e9g\u00e9n\u00e9rant et de l\u2019huile d\u2019amande douce bio nourrissante.<br \/>\nElle contient \u00e9galement de la cire d&#8217;abeille blanche aux vertus adoucissantes.<\/p>\n","protected":false},"featured_media":25838,"template":"","meta":[],"product_cat":[73],"bundle_layout":"","bundled_by":["546","548","1715","14581","42405"],"bundled_items":[],"acf":[],"yoast_head":"<!-- This site is optimized with the Yoast SEO plugin v21.2 - https:\/\/yoast.com\/wordpress\/plugins\/seo\/ -->\n<title>Cr\u00e8me hydratante d\u00e9licate &#8226; Marelle<\/title>\n<meta name=\"description\" content=\"Cette cr\u00e8me hydratante certifi\u00e9e bio Cosmos Organic \u00e0 la texture ultra fine nourrit, adoucit et prot\u00e8ge la peau d\u00e9licate des b\u00e9b\u00e9s et des plus grands.\" \/>\n<meta name=\"robots\" content=\"index, follow, max-snippet:-1, max-image-preview:large, max-video-preview:-1\" \/>\n<link rel=\"canonical\" href=\"https:\/\/www.marelle-bio.com\/fr\/produit\/marelle-creme-hydratante-delicate\/\" \/>\n<meta property=\"og:locale\" content=\"fr_FR\" \/>\n<meta property=\"og:type\" content=\"article\" \/>\n<meta property=\"og:title\" content=\"Cr\u00e8me hydratante d\u00e9licate &#8226; Marelle\" \/>\n<meta property=\"og:description\" content=\"Cette cr\u00e8me hydratante certifi\u00e9e bio Cosmos Organic \u00e0 la texture ultra fine nourrit, adoucit et prot\u00e8ge la peau d\u00e9licate des b\u00e9b\u00e9s et des plus grands.\" \/>\n<meta property=\"og:url\" content=\"https:\/\/www.marelle-bio.com\/fr\/produit\/marelle-creme-hydratante-delicate\/\" \/>\n<meta property=\"og:site_name\" content=\"Marelle\" \/>\n<meta property=\"article:publisher\" content=\"https:\/\/www.facebook.com\/marellebio\/\" \/>\n<meta property=\"article:modified_time\" content=\"2026-04-07T09:54:10+00:00\" \/>\n<meta property=\"og:image\" content=\"https:\/\/www.marelle-bio.com\/wp-content\/uploads\/2019\/09\/Marelle-soins-bio-pour-b\u00e9b\u00e9s-et-enfants-Cr\u00e8me-hydratante-d\u00e9licate-2-e1623945461144.png\" \/>\n\t<meta property=\"og:image:width\" content=\"1058\" \/>\n\t<meta property=\"og:image:height\" content=\"1058\" \/>\n\t<meta property=\"og:image:type\" content=\"image\/png\" \/>\n<meta name=\"twitter:card\" content=\"summary_large_image\" \/>\n<script type=\"application\/ld+json\" class=\"yoast-schema-graph\">{\"@context\":\"https:\/\/schema.org\",\"@graph\":[{\"@type\":\"WebPage\",\"@id\":\"https:\/\/www.marelle-bio.com\/fr\/produit\/marelle-creme-hydratante-delicate\/\",\"url\":\"https:\/\/www.marelle-bio.com\/fr\/produit\/marelle-creme-hydratante-delicate\/\",\"name\":\"Cr\u00e8me hydratante d\u00e9licate &#8226; Marelle\",\"isPartOf\":{\"@id\":\"https:\/\/www.marelle-bio.com\/fr\/#website\"},\"datePublished\":\"2019-09-24T10:25:34+00:00\",\"dateModified\":\"2026-04-07T09:54:10+00:00\",\"description\":\"Cette cr\u00e8me hydratante certifi\u00e9e bio Cosmos Organic \u00e0 la texture ultra fine nourrit, adoucit et prot\u00e8ge la peau d\u00e9licate des b\u00e9b\u00e9s et des plus grands.\",\"breadcrumb\":{\"@id\":\"https:\/\/www.marelle-bio.com\/fr\/produit\/marelle-creme-hydratante-delicate\/#breadcrumb\"},\"inLanguage\":\"fr-FR\",\"potentialAction\":[{\"@type\":\"ReadAction\",\"target\":[\"https:\/\/www.marelle-bio.com\/fr\/produit\/marelle-creme-hydratante-delicate\/\"]}]},{\"@type\":\"BreadcrumbList\",\"@id\":\"https:\/\/www.marelle-bio.com\/fr\/produit\/marelle-creme-hydratante-delicate\/#breadcrumb\",\"itemListElement\":[{\"@type\":\"ListItem\",\"position\":1,\"name\":\"Accueil\",\"item\":\"https:\/\/www.marelle-bio.com\/fr\/\"},{\"@type\":\"ListItem\",\"position\":2,\"name\":\"Boutique\",\"item\":\"https:\/\/www.marelle-bio.com\/fr\/marelle-soins-bio-e-shop\/\"},{\"@type\":\"ListItem\",\"position\":3,\"name\":\"Cr\u00e8me hydratante d\u00e9licate\"}]},{\"@type\":\"WebSite\",\"@id\":\"https:\/\/www.marelle-bio.com\/fr\/#website\",\"url\":\"https:\/\/www.marelle-bio.com\/fr\/\",\"name\":\"Marelle\",\"description\":\"Soins bio pour b\u00e9b\u00e9s et enfants\",\"publisher\":{\"@id\":\"https:\/\/www.marelle-bio.com\/fr\/#organization\"},\"potentialAction\":[{\"@type\":\"SearchAction\",\"target\":{\"@type\":\"EntryPoint\",\"urlTemplate\":\"https:\/\/www.marelle-bio.com\/fr\/?s={search_term_string}\"},\"query-input\":\"required name=search_term_string\"}],\"inLanguage\":\"fr-FR\"},{\"@type\":\"Organization\",\"@id\":\"https:\/\/www.marelle-bio.com\/fr\/#organization\",\"name\":\"Marelle\",\"url\":\"https:\/\/www.marelle-bio.com\/fr\/\",\"logo\":{\"@type\":\"ImageObject\",\"inLanguage\":\"fr-FR\",\"@id\":\"https:\/\/www.marelle-bio.com\/fr\/#\/schema\/logo\/image\/\",\"url\":\"https:\/\/www.marelle-bio.com\/wp-content\/uploads\/2019\/10\/logo.png\",\"contentUrl\":\"https:\/\/www.marelle-bio.com\/wp-content\/uploads\/2019\/10\/logo.png\",\"width\":608,\"height\":295,\"caption\":\"Marelle\"},\"image\":{\"@id\":\"https:\/\/www.marelle-bio.com\/fr\/#\/schema\/logo\/image\/\"},\"sameAs\":[\"https:\/\/www.facebook.com\/marellebio\/\",\"https:\/\/www.instagram.com\/marelle_bio\/\"]}]}<\/script>\n<!-- \/ Yoast SEO plugin. -->","yoast_head_json":{"title":"Cr\u00e8me hydratante d\u00e9licate &#8226; Marelle","description":"Cette cr\u00e8me hydratante certifi\u00e9e bio Cosmos Organic \u00e0 la texture ultra fine nourrit, adoucit et prot\u00e8ge la peau d\u00e9licate des b\u00e9b\u00e9s et des plus grands.","robots":{"index":"index","follow":"follow","max-snippet":"max-snippet:-1","max-image-preview":"max-image-preview:large","max-video-preview":"max-video-preview:-1"},"canonical":"https:\/\/www.marelle-bio.com\/fr\/produit\/marelle-creme-hydratante-delicate\/","og_locale":"fr_FR","og_type":"article","og_title":"Cr\u00e8me hydratante d\u00e9licate &#8226; Marelle","og_description":"Cette cr\u00e8me hydratante certifi\u00e9e bio Cosmos Organic \u00e0 la texture ultra fine nourrit, adoucit et prot\u00e8ge la peau d\u00e9licate des b\u00e9b\u00e9s et des plus grands.","og_url":"https:\/\/www.marelle-bio.com\/fr\/produit\/marelle-creme-hydratante-delicate\/","og_site_name":"Marelle","article_publisher":"https:\/\/www.facebook.com\/marellebio\/","article_modified_time":"2026-04-07T09:54:10+00:00","og_image":[{"width":1058,"height":1058,"url":"https:\/\/www.marelle-bio.com\/wp-content\/uploads\/2019\/09\/Marelle-soins-bio-pour-b\u00e9b\u00e9s-et-enfants-Cr\u00e8me-hydratante-d\u00e9licate-2-e1623945461144.png","type":"image\/png"}],"twitter_card":"summary_large_image","schema":{"@context":"https:\/\/schema.org","@graph":[{"@type":"WebPage","@id":"https:\/\/www.marelle-bio.com\/fr\/produit\/marelle-creme-hydratante-delicate\/","url":"https:\/\/www.marelle-bio.com\/fr\/produit\/marelle-creme-hydratante-delicate\/","name":"Cr\u00e8me hydratante d\u00e9licate &#8226; Marelle","isPartOf":{"@id":"https:\/\/www.marelle-bio.com\/fr\/#website"},"datePublished":"2019-09-24T10:25:34+00:00","dateModified":"2026-04-07T09:54:10+00:00","description":"Cette cr\u00e8me hydratante certifi\u00e9e bio Cosmos Organic \u00e0 la texture ultra fine nourrit, adoucit et prot\u00e8ge la peau d\u00e9licate des b\u00e9b\u00e9s et des plus grands.","breadcrumb":{"@id":"https:\/\/www.marelle-bio.com\/fr\/produit\/marelle-creme-hydratante-delicate\/#breadcrumb"},"inLanguage":"fr-FR","potentialAction":[{"@type":"ReadAction","target":["https:\/\/www.marelle-bio.com\/fr\/produit\/marelle-creme-hydratante-delicate\/"]}]},{"@type":"BreadcrumbList","@id":"https:\/\/www.marelle-bio.com\/fr\/produit\/marelle-creme-hydratante-delicate\/#breadcrumb","itemListElement":[{"@type":"ListItem","position":1,"name":"Accueil","item":"https:\/\/www.marelle-bio.com\/fr\/"},{"@type":"ListItem","position":2,"name":"Boutique","item":"https:\/\/www.marelle-bio.com\/fr\/marelle-soins-bio-e-shop\/"},{"@type":"ListItem","position":3,"name":"Cr\u00e8me hydratante d\u00e9licate"}]},{"@type":"WebSite","@id":"https:\/\/www.marelle-bio.com\/fr\/#website","url":"https:\/\/www.marelle-bio.com\/fr\/","name":"Marelle","description":"Soins bio pour b\u00e9b\u00e9s et enfants","publisher":{"@id":"https:\/\/www.marelle-bio.com\/fr\/#organization"},"potentialAction":[{"@type":"SearchAction","target":{"@type":"EntryPoint","urlTemplate":"https:\/\/www.marelle-bio.com\/fr\/?s={search_term_string}"},"query-input":"required name=search_term_string"}],"inLanguage":"fr-FR"},{"@type":"Organization","@id":"https:\/\/www.marelle-bio.com\/fr\/#organization","name":"Marelle","url":"https:\/\/www.marelle-bio.com\/fr\/","logo":{"@type":"ImageObject","inLanguage":"fr-FR","@id":"https:\/\/www.marelle-bio.com\/fr\/#\/schema\/logo\/image\/","url":"https:\/\/www.marelle-bio.com\/wp-content\/uploads\/2019\/10\/logo.png","contentUrl":"https:\/\/www.marelle-bio.com\/wp-content\/uploads\/2019\/10\/logo.png","width":608,"height":295,"caption":"Marelle"},"image":{"@id":"https:\/\/www.marelle-bio.com\/fr\/#\/schema\/logo\/image\/"},"sameAs":["https:\/\/www.facebook.com\/marellebio\/","https:\/\/www.instagram.com\/marelle_bio\/"]}]}},"_links":{"self":[{"href":"https:\/\/www.marelle-bio.com\/fr\/wp-json\/wp\/v2\/product\/328"}],"collection":[{"href":"https:\/\/www.marelle-bio.com\/fr\/wp-json\/wp\/v2\/product"}],"about":[{"href":"https:\/\/www.marelle-bio.com\/fr\/wp-json\/wp\/v2\/types\/product"}],"wp:featuredmedia":[{"embeddable":true,"href":"https:\/\/www.marelle-bio.com\/fr\/wp-json\/wp\/v2\/media\/25838"}],"wp:attachment":[{"href":"https:\/\/www.marelle-bio.com\/fr\/wp-json\/wp\/v2\/media?parent=328"}],"wp:term":[{"taxonomy":"product_cat","embeddable":true,"href":"https:\/\/www.marelle-bio.com\/fr\/wp-json\/wp\/v2\/product_cat?post=328"}],"curies":[{"name":"wp","href":"https:\/\/api.w.org\/{rel}","templated":true}]}}