{"id":84,"date":"2019-09-16T16:17:25","date_gmt":"2019-09-16T14:17:25","guid":{"rendered":"http:\/\/www.marelle-bio.com\/?page_id=84"},"modified":"2023-09-26T10:24:32","modified_gmt":"2023-09-26T08:24:32","slug":"marelle-soins-bio-bebes-et-enfants-ingredients","status":"publish","type":"page","link":"https:\/\/www.marelle-bio.com\/fr\/marelle-soins-bio-bebes-et-enfants-ingredients\/","title":{"rendered":"Ingr\u00e9dients"},"content":{"rendered":"<section class=\"wrap pic first-pic\">\n\n      <figure class=\"rellax\" style=\"background-image:url(https:\/\/www.marelle-bio.com\/wp-content\/uploads\/2023\/03\/marelle-soins-bio-bebe-enfants-7-533x800.jpg);\">\n      <img loading=\"lazy\" width=\"533\" height=\"800\" src=\"https:\/\/www.marelle-bio.com\/wp-content\/uploads\/2023\/03\/marelle-soins-bio-bebe-enfants-7-533x800.jpg\" class=\"attachment-medium size-medium\" alt=\"Marelle soins bio b\u00e9b\u00e9s et enfants parfum\" decoding=\"async\" srcset=\"https:\/\/www.marelle-bio.com\/wp-content\/uploads\/2023\/03\/marelle-soins-bio-bebe-enfants-7-533x800.jpg 533w, https:\/\/www.marelle-bio.com\/wp-content\/uploads\/2023\/03\/marelle-soins-bio-bebe-enfants-7-600x900.jpg 600w, https:\/\/www.marelle-bio.com\/wp-content\/uploads\/2023\/03\/marelle-soins-bio-bebe-enfants-7-683x1024.jpg 683w, https:\/\/www.marelle-bio.com\/wp-content\/uploads\/2023\/03\/marelle-soins-bio-bebe-enfants-7-768x1152.jpg 768w, https:\/\/www.marelle-bio.com\/wp-content\/uploads\/2023\/03\/marelle-soins-bio-bebe-enfants-7-1024x1536.jpg 1024w, https:\/\/www.marelle-bio.com\/wp-content\/uploads\/2023\/03\/marelle-soins-bio-bebe-enfants-7-scaled.jpg 1365w, https:\/\/www.marelle-bio.com\/wp-content\/uploads\/2023\/03\/marelle-soins-bio-bebe-enfants-7-2000x3000.jpg 2000w, https:\/\/www.marelle-bio.com\/wp-content\/uploads\/2023\/03\/marelle-soins-bio-bebe-enfants-7-300x450.jpg 300w\" sizes=\"(max-width: 533px) 100vw, 533px\" \/>    <\/figure>\n    \n  <div class=\"text\">\n    <h1>99% \u00e0 100% d&#8217;ingr\u00e9dients naturels<\/h1>\n<p>Les produits Marelle prot\u00e8gent et prennent soin de la peau particuli\u00e8rement fragile des b\u00e9b\u00e9s et des plus grands.<\/p>\n<p>Tous les produits ont \u00e9t\u00e9 test\u00e9s sous contr\u00f4le dermatologique sur peau sensible et peuvent \u00eatre utilis\u00e9s d\u00e8s la naissance.<\/p>\n<p>Les ingr\u00e9dients ont \u00e9t\u00e9 m\u00e9ticuleusement s\u00e9lectionn\u00e9s et puis\u00e9s au c\u0153ur de la nature et pour certains de la Suisse afin d&#8217;\u00eatre les plus doux, naturels et purs possible.<\/p>\n<p>&nbsp;<\/p>\n<h2>Le parfum<\/h2>\n<p>Un parfum 100% d&#8217;origine naturelle, respectueux de la peau d\u00e9licate des b\u00e9b\u00e9s et des plus grands a \u00e9t\u00e9 cr\u00e9\u00e9 pour la gamme de soins Marelle. Il est lui aussi certifi\u00e9 Bio Cosmos Organic.<\/p>\n<p>C&#8217;est un parfum doux et subtil aux notes de fleur d&#8217;oranger, de miel et d&#8217;amande douce qui \u00e9voque les senteurs de la nature, les champs de fleurs, les herbes hautes, la l\u00e9g\u00e8ret\u00e9 et la douceur de l&#8217;enfance&#8230;<\/p>\n  <\/div>\n\n<\/section>\n\n\n\n  <section class=\"wrap pic small\">\n\n    <img decoding=\"async\" src=\"https:\/\/www.marelle-bio.com\/wp-content\/uploads\/2019\/11\/edelweiss.svg\" \/>\n    <div class=\"text\">\n      <h2>Extrait de fleur d&#8217;edelweiss bio<\/h2>\n      <p><p>L&#8217;extrait de fleur d&#8217;edelweiss est l&#8217;ingr\u00e9dient transversal de la marque Marelle que l&#8217;on retrouve dans chaque produit.<\/p>\n<p>C&#8217;est une fleur de montagne rare aux p\u00e9tales blancs duveteux qui poss\u00e8de des vertus apaisantes, adoucissantes et protectrices pour les peaux les plus fragiles, comme celles des b\u00e9b\u00e9s et des enfants.<\/p>\n<p>Confront\u00e9e \u00e0 un climat extr\u00eame, la fleur d&#8217;edelweiss a d\u00e9velopp\u00e9 des d\u00e9fenses tr\u00e8s efficaces pour r\u00e9sister \u00e0 des temp\u00e9ratures glaciales, des vents violents et un soleil de plomb. Cela lui conf\u00e8re des propri\u00e9t\u00e9s uniques en mati\u00e8re de protection de l&#8217;\u00e9piderme.<\/p>\n<p>L&#8217;extrait qui est utilis\u00e9 dans les produits Marelle est obtenu \u00e0 partir de plantes cultiv\u00e9es biologiquement dans les Alpes suisses.<\/p>\n<\/p>\n    <\/div>\n\n  <\/section>\n\n  \n  <section class=\"wrap pic small right\">\n\n    <img decoding=\"async\" src=\"https:\/\/www.marelle-bio.com\/wp-content\/uploads\/2019\/11\/amandes.svg\" \/>\n    <div class=\"text\">\n      <h2>Lait d&#8217;amande douce bio<\/h2>\n      <p><p>Le lait d&#8217;amande douce est hydratant, adoucissant, \u00e9mollient et nourrissant. Ce lait provient d&#8217;amandes cultiv\u00e9es biologiquement.<\/p>\n<\/p>\n    <\/div>\n\n  <\/section>\n\n  \n  <section class=\"wrap pic small\">\n\n    <img decoding=\"async\" src=\"https:\/\/www.marelle-bio.com\/wp-content\/uploads\/2019\/11\/karite.svg\" \/>\n    <div class=\"text\">\n      <h2>Beurre de karit\u00e9 bio<\/h2>\n      <p><p>Le beurre de karit\u00e9 cultiv\u00e9 biologiquement est hautement r\u00e9g\u00e9n\u00e9rant. De plus, il poss\u00e8de des vertus adoucissantes, hydratantes et restructurantes.<\/p>\n<\/p>\n    <\/div>\n\n  <\/section>\n\n  \n  <section class=\"wrap pic small right\">\n\n    <img decoding=\"async\" src=\"https:\/\/www.marelle-bio.com\/wp-content\/uploads\/2019\/11\/camomille.svg\" \/>\n    <div class=\"text\">\n      <h2>Eau florale de camomille bio<\/h2>\n      <p><p>L&#8217;hydrolat de camomille romaine provient de fleurs de camomille cultiv\u00e9es biologiquement distill\u00e9es par entrainement \u00e0 la vapeur. Cette eau florale aide \u00e0 calmer et adoucir la peau.<\/p>\n<\/p>\n    <\/div>\n\n  <\/section>\n\n  \n  <section class=\"wrap pic small\">\n\n    <img decoding=\"async\" src=\"https:\/\/www.marelle-bio.com\/wp-content\/uploads\/2019\/09\/hive.svg\" \/>\n    <div class=\"text\">\n      <h2>Cire d&#8217;abeille blanche<\/h2>\n      <p><p>La cire d&#8217;abeille poss\u00e8de des vertus l\u00e9nifiantes et adoucissantes. Elle forme en surface de la peau un film qui la prot\u00e8ge des agressions ext\u00e9rieures et du dess\u00e8chement.<\/p>\n<\/p>\n    <\/div>\n\n  <\/section>\n\n  \n  <section class=\"wrap pic small right\">\n\n    <img decoding=\"async\" src=\"https:\/\/www.marelle-bio.com\/wp-content\/uploads\/2019\/09\/aloevera.svg\" \/>\n    <div class=\"text\">\n      <h2>Aloe vera bio<\/h2>\n      <p><p>Le gel provenant des feuilles d\u2019aloe vera est gorg\u00e9 de vitamines et de min\u00e9raux. Il a des propri\u00e9t\u00e9s hydratantes et r\u00e9g\u00e9n\u00e9rantes sur la peau. L\u2019extrait utilis\u00e9 dans les produits Marelle est obtenu \u00e0 partir d\u2019aloe cultiv\u00e9 biologiquement.<\/p>\n<\/p>\n    <\/div>\n\n  <\/section>\n\n  \n\n<section class=\"featured wrap white-green\">\n\n  <div class=\"featured-img\">\n    <img loading=\"lazy\" width=\"800\" height=\"585\" src=\"https:\/\/www.marelle-bio.com\/wp-content\/uploads\/2023\/03\/Marelle-gamme-1-2-e1677769575694-800x585.png\" class=\"attachment-medium size-medium\" alt=\"Marelle soins bio b\u00e9b\u00e9s et enfants gamme\" decoding=\"async\" srcset=\"https:\/\/www.marelle-bio.com\/wp-content\/uploads\/2023\/03\/Marelle-gamme-1-2-e1677769575694-800x585.png 800w, https:\/\/www.marelle-bio.com\/wp-content\/uploads\/2023\/03\/Marelle-gamme-1-2-e1677769575694-600x439.png 600w, https:\/\/www.marelle-bio.com\/wp-content\/uploads\/2023\/03\/Marelle-gamme-1-2-e1677769575694-1024x749.png 1024w, https:\/\/www.marelle-bio.com\/wp-content\/uploads\/2023\/03\/Marelle-gamme-1-2-e1677769575694-768x562.png 768w, https:\/\/www.marelle-bio.com\/wp-content\/uploads\/2023\/03\/Marelle-gamme-1-2-e1677769575694-300x219.png 300w, https:\/\/www.marelle-bio.com\/wp-content\/uploads\/2023\/03\/Marelle-gamme-1-2-e1677769575694.png 1105w\" sizes=\"(max-width: 800px) 100vw, 800px\" \/>  <\/div>\n\n  <div class=\"featured-content\">\n\n    <h2>\n      Notre e-shop    <\/h2>\n\n    <p class=\"left\">\n      D\u00e9couvrez la gamme Marelle. <br \/>\r\n<br \/>\r\nDes soins tout doux pour b\u00e9b\u00e9s et enfants, certifi\u00e9s bio et fabriqu\u00e9s en Suisse. Cr\u00e9\u00e9s par une maman en collaboration avec un laboratoire situ\u00e9 sur les hauteurs du lac L\u00e9man, les produits contiennent le meilleur de la nature.<br \/>\r\n<br \/>\r\nInspir\u00e9 par la beaut\u00e9 et la puret\u00e9 de la nature suisse.<br \/>\r\n    <\/p>\n\n    <a href=\"https:\/\/www.marelle-bio.com\/fr\/marelle-soins-bio-e-shop\/\" title=\"D\u00e9couvrir nos produits\" class=\"arrow\">\n      D\u00e9couvrir nos produits      <svg xmlns=\"http:\/\/www.w3.org\/2000\/svg\" viewBox=\"0 0 14.31 7.5\"><title>arrow<\/title><g id=\"Calque_2\" data-name=\"Calque 2\"><g id=\"Calque_1-2\" data-name=\"Calque 1\"><polygon points=\"10.53 0 9.83 0.71 12.4 3.25 0 3.25 0 4.25 12.37 4.25 9.83 6.79 10.54 7.5 14.31 3.73 10.53 0\"\/><\/g><\/g><\/svg>    <\/a>\n\n  <\/div>\n<\/section>\n\n\n<section id=\"usps\" class=\"green small\">\n\n        <div class=\"usp\">\n        <a href=\"https:\/\/www.marelle-bio.com\/fr\/marelle-soins-bio-responsable\/\" title=\"Acc\u00e8s \u00e0 la page \u00e0 propos de bio et responsable\">\n\n          <div class=\"usp-content\">\n            <img decoding=\"async\" src=\"https:\/\/www.marelle-bio.com\/wp-content\/uploads\/2019\/09\/cosmos-white.png\" \/>          <\/div>\n\n          <h2>bio et responsable<\/h2>\n\n        <\/a>\n      <\/div>\n            <div class=\"usp\">\n        <a href=\"https:\/\/www.marelle-bio.com\/fr\/swiss-made\/\" title=\"Acc\u00e8s \u00e0 la page \u00e0 propos de le swiss made\">\n\n          <div class=\"usp-content\">\n            <?xml version=\"1.0\" encoding=\"utf-8\"?>\n<!-- Generator: Adobe Illustrator 21.0.2, SVG Export Plug-In . SVG Version: 6.00 Build 0)  -->\n<svg version=\"1.1\" id=\"Calque_1\" xmlns=\"http:\/\/www.w3.org\/2000\/svg\" xmlns:xlink=\"http:\/\/www.w3.org\/1999\/xlink\" x=\"0px\" y=\"0px\"\n\t viewBox=\"0 0 82 82\" style=\"enable-background:new 0 0 82 82;\" xml:space=\"preserve\">\n<path d=\"M41,82C18.4,82,0,63.6,0,41S18.4,0,41,0l0,0c22.6,0,41,18.4,41,41S63.6,82,41,82z M41,2C19.5,2,2,19.5,2,41s17.5,39,39,39\n\tl0,0c21.5,0,39-17.5,39-39S62.5,2,41,2z\"\/>\n<polygon id=\"Path\" points=\"61,47.7 47.7,47.7 47.7,61 34.3,61 34.3,47.7 21,47.7 21,34.3 34.3,34.3 34.3,21 47.7,21 47.7,34.3 \n\t61,34.3 \"\/>\n<\/svg>\n          <\/div>\n\n          <h2>le swiss made<\/h2>\n\n        <\/a>\n      <\/div>\n            <div class=\"usp\">\n        <a href=\"https:\/\/www.marelle-bio.com\/fr\/marelle-soins-bio-marque\/\" title=\"Acc\u00e8s \u00e0 la page \u00e0 propos de l'histoire\">\n\n          <div class=\"usp-content\">\n            <?xml version=\"1.0\" encoding=\"utf-8\"?>\n<!-- Generator: Adobe Illustrator 21.0.2, SVG Export Plug-In . SVG Version: 6.00 Build 0)  -->\n<svg version=\"1.1\" id=\"Calque_1\" xmlns=\"http:\/\/www.w3.org\/2000\/svg\" xmlns:xlink=\"http:\/\/www.w3.org\/1999\/xlink\" x=\"0px\" y=\"0px\"\n\t viewBox=\"0 0 82 82\" style=\"enable-background:new 0 0 82 82;\" xml:space=\"preserve\">\n<path d=\"M50.2,25c-3.7,0.1-7.1,1.9-9.2,5c-2.1-3.1-5.6-4.9-9.3-5c-3.3,0.1-6.3,1.6-8.5,4c-2.2,2.4-3.3,5.5-3.2,8.8\n\tc0,10.7,16.1,23.3,19.4,25.7c0.9,0.7,2.2,0.7,3.2,0C43,63.1,62,49.4,62,37.8c0.1-3.2-1-6.4-3.2-8.8C56.6,26.6,53.5,25.1,50.2,25z\"\/>\n<path d=\"M70,12C54-4,28-4,12,12s-16,42,0,58s42,16,58,0c7.7-7.7,12-18.1,12-29C82,30.1,77.7,19.7,70,12z M41,80C19.5,80,2,62.5,2,41\n\tS19.5,2,41,2s39,17.5,39,39S62.5,80,41,80z\"\/>\n<\/svg>\n          <\/div>\n\n          <h2>l&#8217;histoire<\/h2>\n\n        <\/a>\n      <\/div>\n      \n<\/section>\n","protected":false},"excerpt":{"rendered":"","protected":false},"author":1,"featured_media":0,"parent":0,"menu_order":0,"comment_status":"closed","ping_status":"closed","template":"","meta":{"footnotes":""},"acf":[],"yoast_head":"<!-- This site is optimized with the Yoast SEO plugin v21.2 - https:\/\/yoast.com\/wordpress\/plugins\/seo\/ -->\n<title>Ingr\u00e9dients &#8226; Marelle<\/title>\n<meta name=\"description\" content=\"Des ingr\u00e9dients m\u00e9ticuleusement s\u00e9lectionn\u00e9s et puis\u00e9s au c\u0153ur de la nature afin d&#039;\u00eatre les plus doux, naturels et purs possible.\" \/>\n<meta name=\"robots\" content=\"index, follow, max-snippet:-1, max-image-preview:large, max-video-preview:-1\" \/>\n<link rel=\"canonical\" href=\"https:\/\/www.marelle-bio.com\/fr\/marelle-soins-bio-bebes-et-enfants-ingredients\/\" \/>\n<meta property=\"og:locale\" content=\"fr_FR\" \/>\n<meta property=\"og:type\" content=\"article\" \/>\n<meta property=\"og:title\" content=\"Ingr\u00e9dients &#8226; Marelle\" \/>\n<meta property=\"og:description\" content=\"Des ingr\u00e9dients m\u00e9ticuleusement s\u00e9lectionn\u00e9s et puis\u00e9s au c\u0153ur de la nature afin d&#039;\u00eatre les plus doux, naturels et purs possible.\" \/>\n<meta property=\"og:url\" content=\"https:\/\/www.marelle-bio.com\/fr\/marelle-soins-bio-bebes-et-enfants-ingredients\/\" \/>\n<meta property=\"og:site_name\" content=\"Marelle\" \/>\n<meta property=\"article:publisher\" content=\"https:\/\/www.facebook.com\/marellebio\/\" \/>\n<meta property=\"article:modified_time\" content=\"2023-09-26T08:24:32+00:00\" \/>\n<meta property=\"og:image\" content=\"https:\/\/www.marelle-bio.com\/wp-content\/uploads\/2022\/09\/Marelle-soins-bio-pour-bebes-et-enfants-11-1024x683.jpg\" \/>\n\t<meta property=\"og:image:width\" content=\"1024\" \/>\n\t<meta property=\"og:image:height\" content=\"683\" \/>\n\t<meta property=\"og:image:type\" content=\"image\/jpeg\" \/>\n<meta name=\"twitter:card\" content=\"summary_large_image\" \/>\n<script type=\"application\/ld+json\" class=\"yoast-schema-graph\">{\"@context\":\"https:\/\/schema.org\",\"@graph\":[{\"@type\":\"WebPage\",\"@id\":\"https:\/\/www.marelle-bio.com\/fr\/marelle-soins-bio-bebes-et-enfants-ingredients\/\",\"url\":\"https:\/\/www.marelle-bio.com\/fr\/marelle-soins-bio-bebes-et-enfants-ingredients\/\",\"name\":\"Ingr\u00e9dients &#8226; Marelle\",\"isPartOf\":{\"@id\":\"https:\/\/www.marelle-bio.com\/fr\/#website\"},\"datePublished\":\"2019-09-16T14:17:25+00:00\",\"dateModified\":\"2023-09-26T08:24:32+00:00\",\"description\":\"Des ingr\u00e9dients m\u00e9ticuleusement s\u00e9lectionn\u00e9s et puis\u00e9s au c\u0153ur de la nature afin d'\u00eatre les plus doux, naturels et purs possible.\",\"breadcrumb\":{\"@id\":\"https:\/\/www.marelle-bio.com\/fr\/marelle-soins-bio-bebes-et-enfants-ingredients\/#breadcrumb\"},\"inLanguage\":\"fr-FR\",\"potentialAction\":[{\"@type\":\"ReadAction\",\"target\":[\"https:\/\/www.marelle-bio.com\/fr\/marelle-soins-bio-bebes-et-enfants-ingredients\/\"]}]},{\"@type\":\"BreadcrumbList\",\"@id\":\"https:\/\/www.marelle-bio.com\/fr\/marelle-soins-bio-bebes-et-enfants-ingredients\/#breadcrumb\",\"itemListElement\":[{\"@type\":\"ListItem\",\"position\":1,\"name\":\"Accueil\",\"item\":\"https:\/\/www.marelle-bio.com\/fr\/\"},{\"@type\":\"ListItem\",\"position\":2,\"name\":\"Ingr\u00e9dients\"}]},{\"@type\":\"WebSite\",\"@id\":\"https:\/\/www.marelle-bio.com\/fr\/#website\",\"url\":\"https:\/\/www.marelle-bio.com\/fr\/\",\"name\":\"Marelle\",\"description\":\"Soins bio pour b\u00e9b\u00e9s et enfants\",\"publisher\":{\"@id\":\"https:\/\/www.marelle-bio.com\/fr\/#organization\"},\"potentialAction\":[{\"@type\":\"SearchAction\",\"target\":{\"@type\":\"EntryPoint\",\"urlTemplate\":\"https:\/\/www.marelle-bio.com\/fr\/?s={search_term_string}\"},\"query-input\":\"required name=search_term_string\"}],\"inLanguage\":\"fr-FR\"},{\"@type\":\"Organization\",\"@id\":\"https:\/\/www.marelle-bio.com\/fr\/#organization\",\"name\":\"Marelle\",\"url\":\"https:\/\/www.marelle-bio.com\/fr\/\",\"logo\":{\"@type\":\"ImageObject\",\"inLanguage\":\"fr-FR\",\"@id\":\"https:\/\/www.marelle-bio.com\/fr\/#\/schema\/logo\/image\/\",\"url\":\"https:\/\/www.marelle-bio.com\/wp-content\/uploads\/2019\/10\/logo.png\",\"contentUrl\":\"https:\/\/www.marelle-bio.com\/wp-content\/uploads\/2019\/10\/logo.png\",\"width\":608,\"height\":295,\"caption\":\"Marelle\"},\"image\":{\"@id\":\"https:\/\/www.marelle-bio.com\/fr\/#\/schema\/logo\/image\/\"},\"sameAs\":[\"https:\/\/www.facebook.com\/marellebio\/\",\"https:\/\/www.instagram.com\/marelle_bio\/\"]}]}<\/script>\n<!-- \/ Yoast SEO plugin. -->","yoast_head_json":{"title":"Ingr\u00e9dients &#8226; Marelle","description":"Des ingr\u00e9dients m\u00e9ticuleusement s\u00e9lectionn\u00e9s et puis\u00e9s au c\u0153ur de la nature afin d'\u00eatre les plus doux, naturels et purs possible.","robots":{"index":"index","follow":"follow","max-snippet":"max-snippet:-1","max-image-preview":"max-image-preview:large","max-video-preview":"max-video-preview:-1"},"canonical":"https:\/\/www.marelle-bio.com\/fr\/marelle-soins-bio-bebes-et-enfants-ingredients\/","og_locale":"fr_FR","og_type":"article","og_title":"Ingr\u00e9dients &#8226; Marelle","og_description":"Des ingr\u00e9dients m\u00e9ticuleusement s\u00e9lectionn\u00e9s et puis\u00e9s au c\u0153ur de la nature afin d'\u00eatre les plus doux, naturels et purs possible.","og_url":"https:\/\/www.marelle-bio.com\/fr\/marelle-soins-bio-bebes-et-enfants-ingredients\/","og_site_name":"Marelle","article_publisher":"https:\/\/www.facebook.com\/marellebio\/","article_modified_time":"2023-09-26T08:24:32+00:00","og_image":[{"width":1024,"height":683,"url":"https:\/\/www.marelle-bio.com\/wp-content\/uploads\/2022\/09\/Marelle-soins-bio-pour-bebes-et-enfants-11-1024x683.jpg","type":"image\/jpeg"}],"twitter_card":"summary_large_image","schema":{"@context":"https:\/\/schema.org","@graph":[{"@type":"WebPage","@id":"https:\/\/www.marelle-bio.com\/fr\/marelle-soins-bio-bebes-et-enfants-ingredients\/","url":"https:\/\/www.marelle-bio.com\/fr\/marelle-soins-bio-bebes-et-enfants-ingredients\/","name":"Ingr\u00e9dients &#8226; Marelle","isPartOf":{"@id":"https:\/\/www.marelle-bio.com\/fr\/#website"},"datePublished":"2019-09-16T14:17:25+00:00","dateModified":"2023-09-26T08:24:32+00:00","description":"Des ingr\u00e9dients m\u00e9ticuleusement s\u00e9lectionn\u00e9s et puis\u00e9s au c\u0153ur de la nature afin d'\u00eatre les plus doux, naturels et purs possible.","breadcrumb":{"@id":"https:\/\/www.marelle-bio.com\/fr\/marelle-soins-bio-bebes-et-enfants-ingredients\/#breadcrumb"},"inLanguage":"fr-FR","potentialAction":[{"@type":"ReadAction","target":["https:\/\/www.marelle-bio.com\/fr\/marelle-soins-bio-bebes-et-enfants-ingredients\/"]}]},{"@type":"BreadcrumbList","@id":"https:\/\/www.marelle-bio.com\/fr\/marelle-soins-bio-bebes-et-enfants-ingredients\/#breadcrumb","itemListElement":[{"@type":"ListItem","position":1,"name":"Accueil","item":"https:\/\/www.marelle-bio.com\/fr\/"},{"@type":"ListItem","position":2,"name":"Ingr\u00e9dients"}]},{"@type":"WebSite","@id":"https:\/\/www.marelle-bio.com\/fr\/#website","url":"https:\/\/www.marelle-bio.com\/fr\/","name":"Marelle","description":"Soins bio pour b\u00e9b\u00e9s et enfants","publisher":{"@id":"https:\/\/www.marelle-bio.com\/fr\/#organization"},"potentialAction":[{"@type":"SearchAction","target":{"@type":"EntryPoint","urlTemplate":"https:\/\/www.marelle-bio.com\/fr\/?s={search_term_string}"},"query-input":"required name=search_term_string"}],"inLanguage":"fr-FR"},{"@type":"Organization","@id":"https:\/\/www.marelle-bio.com\/fr\/#organization","name":"Marelle","url":"https:\/\/www.marelle-bio.com\/fr\/","logo":{"@type":"ImageObject","inLanguage":"fr-FR","@id":"https:\/\/www.marelle-bio.com\/fr\/#\/schema\/logo\/image\/","url":"https:\/\/www.marelle-bio.com\/wp-content\/uploads\/2019\/10\/logo.png","contentUrl":"https:\/\/www.marelle-bio.com\/wp-content\/uploads\/2019\/10\/logo.png","width":608,"height":295,"caption":"Marelle"},"image":{"@id":"https:\/\/www.marelle-bio.com\/fr\/#\/schema\/logo\/image\/"},"sameAs":["https:\/\/www.facebook.com\/marellebio\/","https:\/\/www.instagram.com\/marelle_bio\/"]}]}},"_links":{"self":[{"href":"https:\/\/www.marelle-bio.com\/fr\/wp-json\/wp\/v2\/pages\/84"}],"collection":[{"href":"https:\/\/www.marelle-bio.com\/fr\/wp-json\/wp\/v2\/pages"}],"about":[{"href":"https:\/\/www.marelle-bio.com\/fr\/wp-json\/wp\/v2\/types\/page"}],"author":[{"embeddable":true,"href":"https:\/\/www.marelle-bio.com\/fr\/wp-json\/wp\/v2\/users\/1"}],"replies":[{"embeddable":true,"href":"https:\/\/www.marelle-bio.com\/fr\/wp-json\/wp\/v2\/comments?post=84"}],"version-history":[{"count":103,"href":"https:\/\/www.marelle-bio.com\/fr\/wp-json\/wp\/v2\/pages\/84\/revisions"}],"predecessor-version":[{"id":81008,"href":"https:\/\/www.marelle-bio.com\/fr\/wp-json\/wp\/v2\/pages\/84\/revisions\/81008"}],"wp:attachment":[{"href":"https:\/\/www.marelle-bio.com\/fr\/wp-json\/wp\/v2\/media?parent=84"}],"curies":[{"name":"wp","href":"https:\/\/api.w.org\/{rel}","templated":true}]}}