{"id":341,"date":"2019-09-24T12:34:37","date_gmt":"2019-09-24T10:34:37","guid":{"rendered":"http:\/\/www.marelle-bio.com\/?page_id=341"},"modified":"2023-10-04T15:05:28","modified_gmt":"2023-10-04T13:05:28","slug":"livraison-retours","status":"publish","type":"page","link":"https:\/\/www.marelle-bio.com\/fr\/livraison-retours\/","title":{"rendered":"Livraisons et retours"},"content":{"rendered":"\n<p class=\"has-text-align-center\">Bienvenue sur le site <a href=\"http:\/\/www.marelle-bio.com\">www.marelle-bio.com<\/a>. <\/p>\n\n\n\n<p class=\"has-text-align-center\">Nous vous remercions de votre visite.<\/p>\n\n\n\n<h2 class=\"wp-block-heading\">Livraisons et retours<\/h2>\n\n\n\n<p>Vous trouverez ici l&#8217;ensemble des informations concernant les livraisons et les retours des produits Marelle.<\/p>\n\n\n\n<h3 class=\"wp-block-heading\">1. Livraisons<\/h3>\n\n\n\n<p><strong>Les frais de livraison sont offerts \u00e0 partir de 70 CHF d&#8217;achat en Suisse et 70 \u20ac en France.<\/strong><\/p>\n\n\n\n<p>D\u00e8s r\u00e9ception du paiement, la commande sera trait\u00e9e dans les meilleurs d\u00e9lais. Nous accordons le plus grand soin \u00e0 la pr\u00e9paration de nos commandes.<\/p>\n\n\n\n<p>En p\u00e9riode de salons professionnels ou vacances, la pr\u00e9paration des commandes peut prendre un peu plus de temps. Dans ce cas, une notification par email vous sera envoy\u00e9e. <\/p>\n\n\n\n<h3 class=\"wp-block-heading\">Livraisons en Suisse<\/h3>\n\n\n\n<p>Les livraisons pour la Suisse sont envoy\u00e9es par la Poste Suisse. <\/p>\n\n\n\n<p>Apr\u00e8s l&#8217;exp\u00e9dition, vous recevrez automatiquement un num\u00e9ro de suivi de votre commande.<\/p>\n\n\n\n<p>Voici les diff\u00e9rents tarifs et options de livraison:<\/p>\n\n\n\n<figure class=\"wp-block-table aligncenter\"><table><tbody><tr><td><strong>Poids<\/strong> <\/td><td><strong>Type de livraison<\/strong> <\/td><td><strong>D\u00e9lai de livraison<\/strong> <\/td><td><strong>Tarif<\/strong><\/td><\/tr><tr><td>Jusqu&#8217;\u00e0 2 kg<\/td><td>PostPac Economy  <\/td><td>2-3 jours ouvrables<\/td><td>7 CHF    <\/td><\/tr><tr><td>Jusqu&#8217;\u00e0 2 kg<\/td><td>PostPac Priority<\/td><td>1-2 jour ouvrables<\/td><td>9 CHF<\/td><\/tr><tr><td>Jusqu&#8217;\u00e0 10 kg<\/td><td>PostPac Economy<\/td><td>2-3 jours ouvrables<\/td><td>10 CHF<\/td><\/tr><tr><td>Jusqu&#8217;\u00e0 10 kg<\/td><td>PostPac Priority<\/td><td>1-2 jour ouvrables<\/td><td>11 CHF<\/td><\/tr><\/tbody><\/table><\/figure>\n\n\n\n<h3 class=\"wp-block-heading\">Livraisons en Union Europ\u00e9enne et \u00e0 l&#8217;International<\/h3>\n\n\n\n<p>Pour les livraisons en Union Europ\u00e9enne et \u00e0 l&#8217;International, les frais de livraison varient selon la destination et le poids du colis. <\/p>\n\n\n\n<p>Les frais d\u00e9finitifs sont calcul\u00e9s \u00e0 la fin de la commande.<\/p>\n\n\n\n<h3 class=\"wp-block-heading\">2. Retours<\/h3>\n\n\n\n<p>Si les produits ne vous conviennent pas, vous disposez d&#8217;un d\u00e9lai de quinze (15) jours, \u00e0 compter de la r\u00e9ception de votre commande pour nous les renvoyer.<\/p>\n\n\n\n<p>Le co\u00fbt du transport de la marchandise retourn\u00e9e sera \u00e0 votre charge. <\/p>\n\n\n\n<p>Les produits doivent \u00eatre retourn\u00e9s dans leur emballage d&#8217;origine, dans leur \u00e9tat d&#8217;origine, incluant les bagues d&#8217;inviolabilit\u00e9 intactes sur chaque produit (opercule en aluminium sur le tube de la Cr\u00e8me hydratante d\u00e9licate et bague de protection sur la pompe du Gel nettoyant tout doux et de l&#8217;Eau florale micellaire).<\/p>\n\n\n\n<p><strong>IMPORTANT: Marelle se r\u00e9serve le droit d&#8217;\u00e9carter le droit de r\u00e9traction du Client pour les articles retourn\u00e9s descell\u00e9es et ce pour des raisons d&#8217;hygi\u00e8ne et de s\u00e9curit\u00e9.<\/strong><\/p>\n\n\n\n<p>Pour effectuer un retour, le Client doit:<\/p>\n\n\n\n<ul>\n<li>Faire une demande de retour \u00e0 notre service relation client \u00e0 l&#8217;adresse suivante: contact@marelle-bio.com dans un d\u00e9lai inf\u00e9rieur \u00e0 15 jours.<\/li>\n\n\n\n<li>Joindre \u00e0 l&#8217;envoi le ou les produit(s) dans son\/ leur emballage d&#8217;origine, n&#8217;ayant pas \u00e9t\u00e9 ouvert(s), ni endommag\u00e9(s), le num\u00e9ro de la commande concern\u00e9e par le retour, ainsi qu&#8217;une demande d&#8217;\u00e9change ou de remboursement.<\/li>\n<\/ul>\n\n\n\n<p><\/p>\n\n\n\n<p>Une fois le retour valid\u00e9, vous recevrez le remboursement par le m\u00eame moyen que celui du paiement dans le cas d&#8217;une demande de remboursement.<\/p>\n\n\n\n<p>A d\u00e9faut de respect par le Client des pr\u00e9sentes conditions, notamment des conditions de retour ou d&#8217;\u00e9change, Marelle ne pourra proc\u00e9der au remboursement des produits concern\u00e9s.<\/p>\n","protected":false},"excerpt":{"rendered":"<p>Bienvenue sur le site www.marelle-bio.com. Nous vous remercions de votre visite. Livraisons et retours Vous trouverez ici l&#8217;ensemble des informations concernant les livraisons et les (&#8230;)<\/p>\n","protected":false},"author":1,"featured_media":0,"parent":0,"menu_order":0,"comment_status":"closed","ping_status":"closed","template":"template-basic-content.php","meta":{"footnotes":""},"acf":[],"yoast_head":"<!-- This site is optimized with the Yoast SEO plugin v21.2 - https:\/\/yoast.com\/wordpress\/plugins\/seo\/ -->\n<title>Livraisons et retours &#8226; Marelle<\/title>\n<meta name=\"description\" content=\"D\u00e8s r\u00e9ception du paiement, la commande sera trait\u00e9e dans les meilleurs d\u00e9lais. Nous accordons le plus grand soin \u00e0 la pr\u00e9paration de nos commandes.\" \/>\n<meta name=\"robots\" content=\"index, follow, max-snippet:-1, max-image-preview:large, max-video-preview:-1\" \/>\n<link rel=\"canonical\" href=\"https:\/\/www.marelle-bio.com\/fr\/livraison-retours\/\" \/>\n<meta property=\"og:locale\" content=\"fr_FR\" \/>\n<meta property=\"og:type\" content=\"article\" \/>\n<meta property=\"og:title\" content=\"Livraisons et retours &#8226; Marelle\" \/>\n<meta property=\"og:description\" content=\"D\u00e8s r\u00e9ception du paiement, la commande sera trait\u00e9e dans les meilleurs d\u00e9lais. Nous accordons le plus grand soin \u00e0 la pr\u00e9paration de nos commandes.\" \/>\n<meta property=\"og:url\" content=\"https:\/\/www.marelle-bio.com\/fr\/livraison-retours\/\" \/>\n<meta property=\"og:site_name\" content=\"Marelle\" \/>\n<meta property=\"article:publisher\" content=\"https:\/\/www.facebook.com\/marellebio\/\" \/>\n<meta property=\"article:modified_time\" content=\"2023-10-04T13:05:28+00:00\" \/>\n<meta property=\"og:image\" content=\"https:\/\/www.marelle-bio.com\/wp-content\/uploads\/2022\/09\/Marelle-soins-bio-pour-bebes-et-enfants-11-1024x683.jpg\" \/>\n\t<meta property=\"og:image:width\" content=\"1024\" \/>\n\t<meta property=\"og:image:height\" content=\"683\" \/>\n\t<meta property=\"og:image:type\" content=\"image\/jpeg\" \/>\n<meta name=\"twitter:card\" content=\"summary_large_image\" \/>\n<meta name=\"twitter:label1\" content=\"Dur\u00e9e de lecture estim\u00e9e\" \/>\n\t<meta name=\"twitter:data1\" content=\"3 minutes\" \/>\n<script type=\"application\/ld+json\" class=\"yoast-schema-graph\">{\"@context\":\"https:\/\/schema.org\",\"@graph\":[{\"@type\":\"WebPage\",\"@id\":\"https:\/\/www.marelle-bio.com\/fr\/livraison-retours\/\",\"url\":\"https:\/\/www.marelle-bio.com\/fr\/livraison-retours\/\",\"name\":\"Livraisons et retours &#8226; Marelle\",\"isPartOf\":{\"@id\":\"https:\/\/www.marelle-bio.com\/fr\/#website\"},\"datePublished\":\"2019-09-24T10:34:37+00:00\",\"dateModified\":\"2023-10-04T13:05:28+00:00\",\"description\":\"D\u00e8s r\u00e9ception du paiement, la commande sera trait\u00e9e dans les meilleurs d\u00e9lais. Nous accordons le plus grand soin \u00e0 la pr\u00e9paration de nos commandes.\",\"breadcrumb\":{\"@id\":\"https:\/\/www.marelle-bio.com\/fr\/livraison-retours\/#breadcrumb\"},\"inLanguage\":\"fr-FR\",\"potentialAction\":[{\"@type\":\"ReadAction\",\"target\":[\"https:\/\/www.marelle-bio.com\/fr\/livraison-retours\/\"]}]},{\"@type\":\"BreadcrumbList\",\"@id\":\"https:\/\/www.marelle-bio.com\/fr\/livraison-retours\/#breadcrumb\",\"itemListElement\":[{\"@type\":\"ListItem\",\"position\":1,\"name\":\"Accueil\",\"item\":\"https:\/\/www.marelle-bio.com\/fr\/\"},{\"@type\":\"ListItem\",\"position\":2,\"name\":\"Livraisons et retours\"}]},{\"@type\":\"WebSite\",\"@id\":\"https:\/\/www.marelle-bio.com\/fr\/#website\",\"url\":\"https:\/\/www.marelle-bio.com\/fr\/\",\"name\":\"Marelle\",\"description\":\"Soins bio pour b\u00e9b\u00e9s et enfants\",\"publisher\":{\"@id\":\"https:\/\/www.marelle-bio.com\/fr\/#organization\"},\"potentialAction\":[{\"@type\":\"SearchAction\",\"target\":{\"@type\":\"EntryPoint\",\"urlTemplate\":\"https:\/\/www.marelle-bio.com\/fr\/?s={search_term_string}\"},\"query-input\":\"required name=search_term_string\"}],\"inLanguage\":\"fr-FR\"},{\"@type\":\"Organization\",\"@id\":\"https:\/\/www.marelle-bio.com\/fr\/#organization\",\"name\":\"Marelle\",\"url\":\"https:\/\/www.marelle-bio.com\/fr\/\",\"logo\":{\"@type\":\"ImageObject\",\"inLanguage\":\"fr-FR\",\"@id\":\"https:\/\/www.marelle-bio.com\/fr\/#\/schema\/logo\/image\/\",\"url\":\"https:\/\/www.marelle-bio.com\/wp-content\/uploads\/2019\/10\/logo.png\",\"contentUrl\":\"https:\/\/www.marelle-bio.com\/wp-content\/uploads\/2019\/10\/logo.png\",\"width\":608,\"height\":295,\"caption\":\"Marelle\"},\"image\":{\"@id\":\"https:\/\/www.marelle-bio.com\/fr\/#\/schema\/logo\/image\/\"},\"sameAs\":[\"https:\/\/www.facebook.com\/marellebio\/\",\"https:\/\/www.instagram.com\/marelle_bio\/\"]}]}<\/script>\n<!-- \/ Yoast SEO plugin. -->","yoast_head_json":{"title":"Livraisons et retours &#8226; Marelle","description":"D\u00e8s r\u00e9ception du paiement, la commande sera trait\u00e9e dans les meilleurs d\u00e9lais. Nous accordons le plus grand soin \u00e0 la pr\u00e9paration de nos commandes.","robots":{"index":"index","follow":"follow","max-snippet":"max-snippet:-1","max-image-preview":"max-image-preview:large","max-video-preview":"max-video-preview:-1"},"canonical":"https:\/\/www.marelle-bio.com\/fr\/livraison-retours\/","og_locale":"fr_FR","og_type":"article","og_title":"Livraisons et retours &#8226; Marelle","og_description":"D\u00e8s r\u00e9ception du paiement, la commande sera trait\u00e9e dans les meilleurs d\u00e9lais. Nous accordons le plus grand soin \u00e0 la pr\u00e9paration de nos commandes.","og_url":"https:\/\/www.marelle-bio.com\/fr\/livraison-retours\/","og_site_name":"Marelle","article_publisher":"https:\/\/www.facebook.com\/marellebio\/","article_modified_time":"2023-10-04T13:05:28+00:00","og_image":[{"width":1024,"height":683,"url":"https:\/\/www.marelle-bio.com\/wp-content\/uploads\/2022\/09\/Marelle-soins-bio-pour-bebes-et-enfants-11-1024x683.jpg","type":"image\/jpeg"}],"twitter_card":"summary_large_image","twitter_misc":{"Dur\u00e9e de lecture estim\u00e9e":"3 minutes"},"schema":{"@context":"https:\/\/schema.org","@graph":[{"@type":"WebPage","@id":"https:\/\/www.marelle-bio.com\/fr\/livraison-retours\/","url":"https:\/\/www.marelle-bio.com\/fr\/livraison-retours\/","name":"Livraisons et retours &#8226; Marelle","isPartOf":{"@id":"https:\/\/www.marelle-bio.com\/fr\/#website"},"datePublished":"2019-09-24T10:34:37+00:00","dateModified":"2023-10-04T13:05:28+00:00","description":"D\u00e8s r\u00e9ception du paiement, la commande sera trait\u00e9e dans les meilleurs d\u00e9lais. Nous accordons le plus grand soin \u00e0 la pr\u00e9paration de nos commandes.","breadcrumb":{"@id":"https:\/\/www.marelle-bio.com\/fr\/livraison-retours\/#breadcrumb"},"inLanguage":"fr-FR","potentialAction":[{"@type":"ReadAction","target":["https:\/\/www.marelle-bio.com\/fr\/livraison-retours\/"]}]},{"@type":"BreadcrumbList","@id":"https:\/\/www.marelle-bio.com\/fr\/livraison-retours\/#breadcrumb","itemListElement":[{"@type":"ListItem","position":1,"name":"Accueil","item":"https:\/\/www.marelle-bio.com\/fr\/"},{"@type":"ListItem","position":2,"name":"Livraisons et retours"}]},{"@type":"WebSite","@id":"https:\/\/www.marelle-bio.com\/fr\/#website","url":"https:\/\/www.marelle-bio.com\/fr\/","name":"Marelle","description":"Soins bio pour b\u00e9b\u00e9s et enfants","publisher":{"@id":"https:\/\/www.marelle-bio.com\/fr\/#organization"},"potentialAction":[{"@type":"SearchAction","target":{"@type":"EntryPoint","urlTemplate":"https:\/\/www.marelle-bio.com\/fr\/?s={search_term_string}"},"query-input":"required name=search_term_string"}],"inLanguage":"fr-FR"},{"@type":"Organization","@id":"https:\/\/www.marelle-bio.com\/fr\/#organization","name":"Marelle","url":"https:\/\/www.marelle-bio.com\/fr\/","logo":{"@type":"ImageObject","inLanguage":"fr-FR","@id":"https:\/\/www.marelle-bio.com\/fr\/#\/schema\/logo\/image\/","url":"https:\/\/www.marelle-bio.com\/wp-content\/uploads\/2019\/10\/logo.png","contentUrl":"https:\/\/www.marelle-bio.com\/wp-content\/uploads\/2019\/10\/logo.png","width":608,"height":295,"caption":"Marelle"},"image":{"@id":"https:\/\/www.marelle-bio.com\/fr\/#\/schema\/logo\/image\/"},"sameAs":["https:\/\/www.facebook.com\/marellebio\/","https:\/\/www.instagram.com\/marelle_bio\/"]}]}},"_links":{"self":[{"href":"https:\/\/www.marelle-bio.com\/fr\/wp-json\/wp\/v2\/pages\/341"}],"collection":[{"href":"https:\/\/www.marelle-bio.com\/fr\/wp-json\/wp\/v2\/pages"}],"about":[{"href":"https:\/\/www.marelle-bio.com\/fr\/wp-json\/wp\/v2\/types\/page"}],"author":[{"embeddable":true,"href":"https:\/\/www.marelle-bio.com\/fr\/wp-json\/wp\/v2\/users\/1"}],"replies":[{"embeddable":true,"href":"https:\/\/www.marelle-bio.com\/fr\/wp-json\/wp\/v2\/comments?post=341"}],"version-history":[{"count":48,"href":"https:\/\/www.marelle-bio.com\/fr\/wp-json\/wp\/v2\/pages\/341\/revisions"}],"predecessor-version":[{"id":81384,"href":"https:\/\/www.marelle-bio.com\/fr\/wp-json\/wp\/v2\/pages\/341\/revisions\/81384"}],"wp:attachment":[{"href":"https:\/\/www.marelle-bio.com\/fr\/wp-json\/wp\/v2\/media?parent=341"}],"curies":[{"name":"wp","href":"https:\/\/api.w.org\/{rel}","templated":true}]}}