{"id":1620,"date":"2019-10-29T11:41:01","date_gmt":"2019-10-29T10:41:01","guid":{"rendered":"https:\/\/www.marelle-bio.com\/?page_id=1620"},"modified":"2023-09-25T16:38:59","modified_gmt":"2023-09-25T14:38:59","slug":"marelle-organic-and-responsible","status":"publish","type":"page","link":"https:\/\/www.marelle-bio.com\/en\/marelle-organic-and-responsible\/","title":{"rendered":"Organic and responsible"},"content":{"rendered":"<section class=\"wrap pic right first-pic\">\n\n      <figure class=\"rellax\" style=\"background-image:url(https:\/\/www.marelle-bio.com\/wp-content\/uploads\/2019\/10\/marelle-soins-bio-bebes-et-enfants-suisse-1-534x800.jpg);\">\n      <img loading=\"lazy\" width=\"534\" height=\"800\" src=\"https:\/\/www.marelle-bio.com\/wp-content\/uploads\/2019\/10\/marelle-soins-bio-bebes-et-enfants-suisse-1-534x800.jpg\" class=\"attachment-medium size-medium\" alt=\"\" decoding=\"async\" srcset=\"https:\/\/www.marelle-bio.com\/wp-content\/uploads\/2019\/10\/marelle-soins-bio-bebes-et-enfants-suisse-1-534x800.jpg 534w, https:\/\/www.marelle-bio.com\/wp-content\/uploads\/2019\/10\/marelle-soins-bio-bebes-et-enfants-suisse-1-684x1024.jpg 684w, https:\/\/www.marelle-bio.com\/wp-content\/uploads\/2019\/10\/marelle-soins-bio-bebes-et-enfants-suisse-1-768x1151.jpg 768w, https:\/\/www.marelle-bio.com\/wp-content\/uploads\/2019\/10\/marelle-soins-bio-bebes-et-enfants-suisse-1-1025x1536.jpg 1025w, https:\/\/www.marelle-bio.com\/wp-content\/uploads\/2019\/10\/marelle-soins-bio-bebes-et-enfants-suisse-1-300x449.jpg 300w, https:\/\/www.marelle-bio.com\/wp-content\/uploads\/2019\/10\/marelle-soins-bio-bebes-et-enfants-suisse-1-600x899.jpg 600w, https:\/\/www.marelle-bio.com\/wp-content\/uploads\/2019\/10\/marelle-soins-bio-bebes-et-enfants-suisse-1.jpg 1367w\" sizes=\"(max-width: 534px) 100vw, 534px\" \/>    <\/figure>\n    \n  <div class=\"text\">\n    <h2>Organic and responsible<\/h2>\n<p>Marelle is committed to taking care of babies&#8217; and children&#8217;s skin on a daily basis, as well as protecting the environment.<\/p>\n<p>Each Marelle product is accredited by 3 certifications:<\/p>\n<ol>\n<li><strong>COSMOS ORGANIC<\/strong> (Cosmetic Organic Standard) which represents today the most demanding certification in Europe for organic cosmetics. It\u00a0ensures consumers that the products are genuine organic or natural cosmetics produced to the highest feasible sustainability practices.<\/li>\n<li><strong>ECOCERT<\/strong>\u00a0which guarantees a minimum of 95% of organically grown plant ingredients and forbids both toxic and non environmentally-friendly ingredients.<\/li>\n<li><strong>COSMEBIO<\/strong>\u00a0which is a professional association for natural, ecological and organic cosmetics offering the guarantee of a minimum of 95% of ingredients of natural origin and a minimum of 95% of organically grown plant ingredients.<\/li>\n<\/ol>\n<p>&nbsp;<\/p>\n  <\/div>\n\n<\/section>\n\n\n<section class=\"wrap pic first-pic\">\n\n      <figure class=\"rellax\" style=\"background-image:url(https:\/\/www.marelle-bio.com\/wp-content\/uploads\/2022\/05\/Marelle-soins-bio-b\u00e9b\u00e9s-et-enfants-48-533x800.jpg);\">\n      <img loading=\"lazy\" width=\"533\" height=\"800\" src=\"https:\/\/www.marelle-bio.com\/wp-content\/uploads\/2022\/05\/Marelle-soins-bio-b\u00e9b\u00e9s-et-enfants-48-533x800.jpg\" class=\"attachment-medium size-medium\" alt=\"Marelle soins bio pour b\u00e9b\u00e9s et enfants coffret\" decoding=\"async\" srcset=\"https:\/\/www.marelle-bio.com\/wp-content\/uploads\/2022\/05\/Marelle-soins-bio-b\u00e9b\u00e9s-et-enfants-48-533x800.jpg 533w, https:\/\/www.marelle-bio.com\/wp-content\/uploads\/2022\/05\/Marelle-soins-bio-b\u00e9b\u00e9s-et-enfants-48-683x1024.jpg 683w, https:\/\/www.marelle-bio.com\/wp-content\/uploads\/2022\/05\/Marelle-soins-bio-b\u00e9b\u00e9s-et-enfants-48-768x1152.jpg 768w, https:\/\/www.marelle-bio.com\/wp-content\/uploads\/2022\/05\/Marelle-soins-bio-b\u00e9b\u00e9s-et-enfants-48-1024x1536.jpg 1024w, https:\/\/www.marelle-bio.com\/wp-content\/uploads\/2022\/05\/Marelle-soins-bio-b\u00e9b\u00e9s-et-enfants-48-scaled.jpg 1365w, https:\/\/www.marelle-bio.com\/wp-content\/uploads\/2022\/05\/Marelle-soins-bio-b\u00e9b\u00e9s-et-enfants-48-2000x3000.jpg 2000w, https:\/\/www.marelle-bio.com\/wp-content\/uploads\/2022\/05\/Marelle-soins-bio-b\u00e9b\u00e9s-et-enfants-48-300x450.jpg 300w, https:\/\/www.marelle-bio.com\/wp-content\/uploads\/2022\/05\/Marelle-soins-bio-b\u00e9b\u00e9s-et-enfants-48-600x900.jpg 600w\" sizes=\"(max-width: 533px) 100vw, 533px\" \/>    <\/figure>\n    \n  <div class=\"text\">\n    <p>Thanks to these 3 certifications, the Marelle products possess the following properties:<\/p>\n<ul>\n<li>Between 100% and 99% of ingredients are from natural origin.*<\/li>\n<li>Entirely biodegradable formulations containing ingredients from renewable resources that respect the skin, health and the environment.<\/li>\n<li>Recyclable packaging that respects our planet.<\/li>\n<li>Not tested on animals, in accordance with the European legislation.<\/li>\n<li>Without any toxic ingredients: no parabene, no colorant, no penoxyethanol, no sulfate, no silicone.<\/li>\n<\/ul>\n<p><i>* The ingredient corresponding to the 1% of non natural origin is a preservative used in the floral waters. It is of course certified by Cosmos Organic as\u00a0completely healthy and non toxic.<\/i><\/p>\n  <\/div>\n\n<\/section>\n\n\n\n  <section class=\"wrap pic small\">\n\n    <img decoding=\"async\" src=\"https:\/\/www.marelle-bio.com\/wp-content\/uploads\/2019\/10\/cosmos-organic-2.png\" \/>\n    <div class=\"text\">\n      <h2><\/h2>\n      <p><p>The COSMOS ORGANIC\u00a0certification is a new European norm for organic cosmetics launched on January 1st, 2017. Its aim is to harmonise all of the currently existing organic certifications in Europe. It represents today the most demanding label by imposing 2 new requirements:<\/p>\n<ol>\n<li>A higher content of organic ingredients: a minimum of 20% of organic ingredients for non-rinced products (such as creams) instead of 10% according to previous certification requirements.<\/li>\n<li>The exclusive use of biodegradable ingredients.<\/li>\n<\/ol>\n<p>&nbsp;<\/p>\n<p>For more information:\u00a0<a href=\"https:\/\/www.cosmos-standard.org\">https:\/\/www.cosmos-standard.org<\/a><\/p>\n<\/p>\n    <\/div>\n\n  <\/section>\n\n  \n  <section class=\"wrap pic small right\">\n\n    <img decoding=\"async\" src=\"https:\/\/www.marelle-bio.com\/wp-content\/uploads\/2019\/10\/ecocert-cosmos-organic-2.png\" \/>\n    <div class=\"text\">\n      <h2><\/h2>\n      <p><p>ECOCERT is a French control and certification authority, recognized by the State, which formulates norms for natural and organic cosmetics. It was founded in France in 1991 by agricultural engineers and has become the leading organic certification organisation in France. ECOCERT controls product manufacture, packaging, energy and waste management, transport and storage.<\/p>\n<p>For more information:<a href=\"https:\/\/www.ecocert.com\/en\/home\">https:\/\/www.ecocert.com\/en\/home<\/a><\/p>\n<\/p>\n    <\/div>\n\n  <\/section>\n\n  \n  <section class=\"wrap pic small\">\n\n    <img decoding=\"async\" src=\"https:\/\/www.marelle-bio.com\/wp-content\/uploads\/2019\/10\/cosmebio-cosmos-organic-2.png\" \/>\n    <div class=\"text\">\n      <h2><\/h2>\n      <p><p>COSMEBIO is France\u2019s leading professional organisation for organic and environmentally friendly cosmetics. The Cosmebio charter sets out very strict guidelines that govern the development of products derived from organic farming and green chemistry. This charter has been registered with the French Ministry of Industry and Trade. Any brand that wishes to use the Cosmebio label on their products must comply with its standards.<\/p>\n<p>For more information:<a href=\"https:\/\/www.cosmebio.org\/en\/\">https:\/\/www.cosmebio.org\/en\/<\/a><\/p>\n<\/p>\n    <\/div>\n\n  <\/section>\n\n  \n\n<section class=\"wrap pic right landscape first-pic\">\n\n      <figure class=\"rellax\" style=\"background-image:url(https:\/\/www.marelle-bio.com\/wp-content\/uploads\/2023\/09\/marelle-soins-bio-bebes-et-enfants-4-800x533.jpg);\">\n      <img loading=\"lazy\" width=\"800\" height=\"533\" src=\"https:\/\/www.marelle-bio.com\/wp-content\/uploads\/2023\/09\/marelle-soins-bio-bebes-et-enfants-4-800x533.jpg\" class=\"attachment-medium size-medium\" alt=\"Marelle soins bio pour b\u00e9b\u00e9s et enfants\" decoding=\"async\" srcset=\"https:\/\/www.marelle-bio.com\/wp-content\/uploads\/2023\/09\/marelle-soins-bio-bebes-et-enfants-4-800x533.jpg 800w, https:\/\/www.marelle-bio.com\/wp-content\/uploads\/2023\/09\/marelle-soins-bio-bebes-et-enfants-4-600x400.jpg 600w, https:\/\/www.marelle-bio.com\/wp-content\/uploads\/2023\/09\/marelle-soins-bio-bebes-et-enfants-4-1024x683.jpg 1024w, https:\/\/www.marelle-bio.com\/wp-content\/uploads\/2023\/09\/marelle-soins-bio-bebes-et-enfants-4-768x512.jpg 768w, https:\/\/www.marelle-bio.com\/wp-content\/uploads\/2023\/09\/marelle-soins-bio-bebes-et-enfants-4-1536x1024.jpg 1536w, https:\/\/www.marelle-bio.com\/wp-content\/uploads\/2023\/09\/marelle-soins-bio-bebes-et-enfants-4-scaled.jpg 2048w, https:\/\/www.marelle-bio.com\/wp-content\/uploads\/2023\/09\/marelle-soins-bio-bebes-et-enfants-4-2000x1333.jpg 2000w, https:\/\/www.marelle-bio.com\/wp-content\/uploads\/2023\/09\/marelle-soins-bio-bebes-et-enfants-4-300x200.jpg 300w\" sizes=\"(max-width: 800px) 100vw, 800px\" \/>    <\/figure>\n    \n  <div class=\"text\">\n    <h2>The packaging<\/h2>\n<p>The Marelle packaging is recyclable and certified by Ecocert.<\/p>\n<p>It has a soft touch texture similar to the softness of baby skin.<\/p>\n<p>The graphic design\u00a0conveys organic, plant and flower shapes and water droplets.<\/p>\n<p>The formats are generous and the bottles include pumps for ease of use.<\/p>\n<p><img decoding=\"async\" loading=\"lazy\" class=\"alignnone wp-image-1403\" src=\"https:\/\/www.marelle-bio.com\/wp-content\/uploads\/2019\/10\/emballage-marelle-cosmetique-bio-enfants.png\" alt=\"\" width=\"150\" height=\"60\" srcset=\"https:\/\/www.marelle-bio.com\/wp-content\/uploads\/2019\/10\/emballage-marelle-cosmetique-bio-enfants.png 250w, https:\/\/www.marelle-bio.com\/wp-content\/uploads\/2019\/10\/emballage-marelle-cosmetique-bio-enfants-248x100.png 248w\" sizes=\"(max-width: 150px) 100vw, 150px\" \/><\/p>\n<p>&nbsp;<\/p>\n  <\/div>\n\n<\/section>\n\n\n<section class=\"featured wrap white-green\">\n\n  <div class=\"featured-img\">\n    <img loading=\"lazy\" width=\"800\" height=\"593\" src=\"https:\/\/www.marelle-bio.com\/wp-content\/uploads\/2023\/03\/Marelle-gamme-1-e1677768457600-800x593.png\" class=\"attachment-medium size-medium\" alt=\"Marelle soins bio b\u00e9b\u00e9s et enfants gamme\" decoding=\"async\" srcset=\"https:\/\/www.marelle-bio.com\/wp-content\/uploads\/2023\/03\/Marelle-gamme-1-e1677768457600-800x593.png 800w, https:\/\/www.marelle-bio.com\/wp-content\/uploads\/2023\/03\/Marelle-gamme-1-e1677768457600-600x444.png 600w, https:\/\/www.marelle-bio.com\/wp-content\/uploads\/2023\/03\/Marelle-gamme-1-e1677768457600-1024x758.png 1024w, https:\/\/www.marelle-bio.com\/wp-content\/uploads\/2023\/03\/Marelle-gamme-1-e1677768457600-768x569.png 768w, https:\/\/www.marelle-bio.com\/wp-content\/uploads\/2023\/03\/Marelle-gamme-1-e1677768457600-1536x1138.png 1536w, https:\/\/www.marelle-bio.com\/wp-content\/uploads\/2023\/03\/Marelle-gamme-1-e1677768457600-300x222.png 300w, https:\/\/www.marelle-bio.com\/wp-content\/uploads\/2023\/03\/Marelle-gamme-1-e1677768457600.png 1797w\" sizes=\"(max-width: 800px) 100vw, 800px\" \/>  <\/div>\n\n  <div class=\"featured-content\">\n\n    <h2>\n      Our e-shop    <\/h2>\n\n    <p class=\"left\">\n      Discover the Marelle range.<br \/>\r\n<br \/>\r\nUltra gentle skin care products for babies and children, certified organic and made in Switzerland. Created by a mother in collaboration with a laboratory situated on the heights of Lake Geneva, the products contain the best of nature.<br \/>\r\n<br \/>\r\nInspired by the beauty and purity of the Swiss Alps.     <\/p>\n\n    <a href=\"\" title=\"Discover our products\" class=\"arrow\">\n      Discover our products      <svg xmlns=\"http:\/\/www.w3.org\/2000\/svg\" viewBox=\"0 0 14.31 7.5\"><title>arrow<\/title><g id=\"Calque_2\" data-name=\"Calque 2\"><g id=\"Calque_1-2\" data-name=\"Calque 1\"><polygon points=\"10.53 0 9.83 0.71 12.4 3.25 0 3.25 0 4.25 12.37 4.25 9.83 6.79 10.54 7.5 14.31 3.73 10.53 0\"\/><\/g><\/g><\/svg>    <\/a>\n\n  <\/div>\n<\/section>\n\n\n<section id=\"usps\" class=\"green small\">\n\n        <div class=\"usp\">\n        <a href=\"https:\/\/www.marelle-bio.com\/en\/marelle-organic-skin-care-babies-and-children-ingredients\/\" title=\"Acc\u00e8s \u00e0 la page \u00e0 propos de the ingredients\">\n\n          <div class=\"usp-content\">\n            <?xml version=\"1.0\" encoding=\"utf-8\"?>\n<!-- Generator: Adobe Illustrator 21.0.2, SVG Export Plug-In . SVG Version: 6.00 Build 0)  -->\n<svg version=\"1.1\" id=\"Calque_1\" xmlns=\"http:\/\/www.w3.org\/2000\/svg\" xmlns:xlink=\"http:\/\/www.w3.org\/1999\/xlink\" x=\"0px\" y=\"0px\"\n\t viewBox=\"0 0 82 82\" style=\"enable-background:new 0 0 82 82;\" xml:space=\"preserve\">\n<path d=\"M41,82C18.4,82,0,63.6,0,41S18.4,0,41,0s41,18.4,41,41S63.6,82,41,82z M41,2C19.5,2,2,19.5,2,41c0,21.5,17.5,39,39,39\n\ts39-17.5,39-39c0-10.3-4.1-20.3-11.4-27.6C61.3,6.1,51.3,2,41,2z\"\/>\n<path id=\"Fill-1\" d=\"M26.6,56.4L26.6,56.4c-0.3,0.3-0.8,0.3-1.1,0l0,0c-0.3-0.3-0.3-0.8,0-1.2c0,0,0,0,0,0l6.2-6.3l0,0V41\n\tc0-0.5,0.4-0.8,0.8-0.8c0.5,0,0.8,0.4,0.8,0.8v6.2l4.9-4.9V37c0-0.5,0.4-0.8,0.8-0.8c0.5,0,0.8,0.4,0.8,0.8v3.8l0,0l4.9-4.9v-2.2\n\tc0-0.5,0.4-0.8,0.8-0.8s0.8,0.4,0.8,0.8c0,0,0,0,0,0v1.6h1.7c0.5,0,0.8,0.4,0.8,0.8s-0.4,0.8-0.8,0.8c0,0,0,0,0,0H46l-4.9,4.9h3.8\n\tc0.5,0,0.8,0.4,0.8,0.8s-0.4,0.8-0.8,0.8c0,0,0,0,0,0h-5.4l-4.5,4.9h6.2c0.5,0,0.8,0.4,0.8,0.8c0,0.5-0.4,0.8-0.8,0.8h-7.8\n\tL26.6,56.4z M58.6,23.2c-0.2-0.2-0.4-0.3-0.7-0.2c-1.1,0.1-27.7,3.2-33.7,16c-2,4.1-1.5,8.8,1.3,13.9l-1.2,1.2c-1,1-1,2.5,0,3.5\n\ts2.5,1,3.5,0l1.3-1.3c2.6,1.5,5.5,2.4,8.5,2.5c7.2,0,13.2-6.1,17.3-17.6c1.9-5.6,3.3-11.4,4-17.3C58.9,23.7,58.8,23.4,58.6,23.2z\"\/>\n<\/svg>\n          <\/div>\n\n          <h2>the ingredients<\/h2>\n\n        <\/a>\n      <\/div>\n            <div class=\"usp\">\n        <a href=\"https:\/\/www.marelle-bio.com\/en\/swiss-made\/\" title=\"Acc\u00e8s \u00e0 la page \u00e0 propos de Swiss made\">\n\n          <div class=\"usp-content\">\n            <?xml version=\"1.0\" encoding=\"utf-8\"?>\n<!-- Generator: Adobe Illustrator 21.0.2, SVG Export Plug-In . SVG Version: 6.00 Build 0)  -->\n<svg version=\"1.1\" id=\"Calque_1\" xmlns=\"http:\/\/www.w3.org\/2000\/svg\" xmlns:xlink=\"http:\/\/www.w3.org\/1999\/xlink\" x=\"0px\" y=\"0px\"\n\t viewBox=\"0 0 82 82\" style=\"enable-background:new 0 0 82 82;\" xml:space=\"preserve\">\n<path d=\"M41,82C18.4,82,0,63.6,0,41S18.4,0,41,0l0,0c22.6,0,41,18.4,41,41S63.6,82,41,82z M41,2C19.5,2,2,19.5,2,41s17.5,39,39,39\n\tl0,0c21.5,0,39-17.5,39-39S62.5,2,41,2z\"\/>\n<polygon id=\"Path\" points=\"61,47.7 47.7,47.7 47.7,61 34.3,61 34.3,47.7 21,47.7 21,34.3 34.3,34.3 34.3,21 47.7,21 47.7,34.3 \n\t61,34.3 \"\/>\n<\/svg>\n          <\/div>\n\n          <h2>Swiss made<\/h2>\n\n        <\/a>\n      <\/div>\n            <div class=\"usp\">\n        <a href=\"https:\/\/www.marelle-bio.com\/en\/the-brand\/\" title=\"Acc\u00e8s \u00e0 la page \u00e0 propos de the story\">\n\n          <div class=\"usp-content\">\n            <?xml version=\"1.0\" encoding=\"utf-8\"?>\n<!-- Generator: Adobe Illustrator 21.0.2, SVG Export Plug-In . SVG Version: 6.00 Build 0)  -->\n<svg version=\"1.1\" id=\"Calque_1\" xmlns=\"http:\/\/www.w3.org\/2000\/svg\" xmlns:xlink=\"http:\/\/www.w3.org\/1999\/xlink\" x=\"0px\" y=\"0px\"\n\t viewBox=\"0 0 82 82\" style=\"enable-background:new 0 0 82 82;\" xml:space=\"preserve\">\n<path d=\"M50.2,25c-3.7,0.1-7.1,1.9-9.2,5c-2.1-3.1-5.6-4.9-9.3-5c-3.3,0.1-6.3,1.6-8.5,4c-2.2,2.4-3.3,5.5-3.2,8.8\n\tc0,10.7,16.1,23.3,19.4,25.7c0.9,0.7,2.2,0.7,3.2,0C43,63.1,62,49.4,62,37.8c0.1-3.2-1-6.4-3.2-8.8C56.6,26.6,53.5,25.1,50.2,25z\"\/>\n<path d=\"M70,12C54-4,28-4,12,12s-16,42,0,58s42,16,58,0c7.7-7.7,12-18.1,12-29C82,30.1,77.7,19.7,70,12z M41,80C19.5,80,2,62.5,2,41\n\tS19.5,2,41,2s39,17.5,39,39S62.5,80,41,80z\"\/>\n<\/svg>\n          <\/div>\n\n          <h2>the story<\/h2>\n\n        <\/a>\n      <\/div>\n      \n<\/section>\n","protected":false},"excerpt":{"rendered":"","protected":false},"author":1,"featured_media":0,"parent":0,"menu_order":0,"comment_status":"closed","ping_status":"closed","template":"","meta":{"footnotes":""},"acf":[],"yoast_head":"<!-- This site is optimized with the Yoast SEO plugin v21.2 - https:\/\/yoast.com\/wordpress\/plugins\/seo\/ -->\n<title>Organic and responsible &#8226; Marelle<\/title>\n<meta name=\"description\" content=\"Marelle is committed to taking care of babys&#039; and children&#039;s skin on a daily basis, as well as protecting the environment.\" \/>\n<meta name=\"robots\" content=\"index, follow, max-snippet:-1, max-image-preview:large, max-video-preview:-1\" \/>\n<link rel=\"canonical\" href=\"https:\/\/www.marelle-bio.com\/fr\/marelle-soins-bio-responsable\/\" \/>\n<meta property=\"og:locale\" content=\"en_US\" \/>\n<meta property=\"og:type\" content=\"article\" \/>\n<meta property=\"og:title\" content=\"Organic and responsible &#8226; Marelle\" \/>\n<meta property=\"og:description\" content=\"Marelle is committed to taking care of babys&#039; and children&#039;s skin on a daily basis, as well as protecting the environment.\" \/>\n<meta property=\"og:url\" content=\"https:\/\/www.marelle-bio.com\/fr\/marelle-soins-bio-responsable\/\" \/>\n<meta property=\"og:site_name\" content=\"Marelle\" \/>\n<meta property=\"article:publisher\" content=\"https:\/\/www.facebook.com\/marellebio\/\" \/>\n<meta property=\"article:modified_time\" content=\"2023-09-25T14:38:59+00:00\" \/>\n<meta property=\"og:image\" content=\"https:\/\/www.marelle-bio.com\/wp-content\/uploads\/2022\/09\/Marelle-soins-bio-pour-bebes-et-enfants-11-1024x683.jpg\" \/>\n\t<meta property=\"og:image:width\" content=\"1024\" \/>\n\t<meta property=\"og:image:height\" content=\"683\" \/>\n\t<meta property=\"og:image:type\" content=\"image\/jpeg\" \/>\n<meta name=\"twitter:card\" content=\"summary_large_image\" \/>\n<script type=\"application\/ld+json\" class=\"yoast-schema-graph\">{\"@context\":\"https:\/\/schema.org\",\"@graph\":[{\"@type\":\"WebPage\",\"@id\":\"https:\/\/www.marelle-bio.com\/fr\/marelle-soins-bio-responsable\/\",\"url\":\"https:\/\/www.marelle-bio.com\/fr\/marelle-soins-bio-responsable\/\",\"name\":\"Organic and responsible &#8226; Marelle\",\"isPartOf\":{\"@id\":\"https:\/\/www.marelle-bio.com\/fr\/#website\"},\"datePublished\":\"2019-10-29T10:41:01+00:00\",\"dateModified\":\"2023-09-25T14:38:59+00:00\",\"description\":\"Marelle is committed to taking care of babys' and children's skin on a daily basis, as well as protecting the environment.\",\"breadcrumb\":{\"@id\":\"https:\/\/www.marelle-bio.com\/fr\/marelle-soins-bio-responsable\/#breadcrumb\"},\"inLanguage\":\"en-US\",\"potentialAction\":[{\"@type\":\"ReadAction\",\"target\":[\"https:\/\/www.marelle-bio.com\/fr\/marelle-soins-bio-responsable\/\"]}]},{\"@type\":\"BreadcrumbList\",\"@id\":\"https:\/\/www.marelle-bio.com\/fr\/marelle-soins-bio-responsable\/#breadcrumb\",\"itemListElement\":[{\"@type\":\"ListItem\",\"position\":1,\"name\":\"Accueil\",\"item\":\"https:\/\/www.marelle-bio.com\/en\/\"},{\"@type\":\"ListItem\",\"position\":2,\"name\":\"Organic and responsible\"}]},{\"@type\":\"WebSite\",\"@id\":\"https:\/\/www.marelle-bio.com\/fr\/#website\",\"url\":\"https:\/\/www.marelle-bio.com\/fr\/\",\"name\":\"Marelle\",\"description\":\"Organic skin care for babies and children\",\"publisher\":{\"@id\":\"https:\/\/www.marelle-bio.com\/fr\/#organization\"},\"potentialAction\":[{\"@type\":\"SearchAction\",\"target\":{\"@type\":\"EntryPoint\",\"urlTemplate\":\"https:\/\/www.marelle-bio.com\/fr\/?s={search_term_string}\"},\"query-input\":\"required name=search_term_string\"}],\"inLanguage\":\"en-US\"},{\"@type\":\"Organization\",\"@id\":\"https:\/\/www.marelle-bio.com\/fr\/#organization\",\"name\":\"Marelle\",\"url\":\"https:\/\/www.marelle-bio.com\/fr\/\",\"logo\":{\"@type\":\"ImageObject\",\"inLanguage\":\"en-US\",\"@id\":\"https:\/\/www.marelle-bio.com\/fr\/#\/schema\/logo\/image\/\",\"url\":\"https:\/\/www.marelle-bio.com\/wp-content\/uploads\/2019\/10\/logo.png\",\"contentUrl\":\"https:\/\/www.marelle-bio.com\/wp-content\/uploads\/2019\/10\/logo.png\",\"width\":608,\"height\":295,\"caption\":\"Marelle\"},\"image\":{\"@id\":\"https:\/\/www.marelle-bio.com\/fr\/#\/schema\/logo\/image\/\"},\"sameAs\":[\"https:\/\/www.facebook.com\/marellebio\/\",\"https:\/\/www.instagram.com\/marelle_bio\/\"]}]}<\/script>\n<!-- \/ Yoast SEO plugin. -->","yoast_head_json":{"title":"Organic and responsible &#8226; Marelle","description":"Marelle is committed to taking care of babys' and children's skin on a daily basis, as well as protecting the environment.","robots":{"index":"index","follow":"follow","max-snippet":"max-snippet:-1","max-image-preview":"max-image-preview:large","max-video-preview":"max-video-preview:-1"},"canonical":"https:\/\/www.marelle-bio.com\/fr\/marelle-soins-bio-responsable\/","og_locale":"en_US","og_type":"article","og_title":"Organic and responsible &#8226; Marelle","og_description":"Marelle is committed to taking care of babys' and children's skin on a daily basis, as well as protecting the environment.","og_url":"https:\/\/www.marelle-bio.com\/fr\/marelle-soins-bio-responsable\/","og_site_name":"Marelle","article_publisher":"https:\/\/www.facebook.com\/marellebio\/","article_modified_time":"2023-09-25T14:38:59+00:00","og_image":[{"width":1024,"height":683,"url":"https:\/\/www.marelle-bio.com\/wp-content\/uploads\/2022\/09\/Marelle-soins-bio-pour-bebes-et-enfants-11-1024x683.jpg","type":"image\/jpeg"}],"twitter_card":"summary_large_image","schema":{"@context":"https:\/\/schema.org","@graph":[{"@type":"WebPage","@id":"https:\/\/www.marelle-bio.com\/fr\/marelle-soins-bio-responsable\/","url":"https:\/\/www.marelle-bio.com\/fr\/marelle-soins-bio-responsable\/","name":"Organic and responsible &#8226; Marelle","isPartOf":{"@id":"https:\/\/www.marelle-bio.com\/fr\/#website"},"datePublished":"2019-10-29T10:41:01+00:00","dateModified":"2023-09-25T14:38:59+00:00","description":"Marelle is committed to taking care of babys' and children's skin on a daily basis, as well as protecting the environment.","breadcrumb":{"@id":"https:\/\/www.marelle-bio.com\/fr\/marelle-soins-bio-responsable\/#breadcrumb"},"inLanguage":"en-US","potentialAction":[{"@type":"ReadAction","target":["https:\/\/www.marelle-bio.com\/fr\/marelle-soins-bio-responsable\/"]}]},{"@type":"BreadcrumbList","@id":"https:\/\/www.marelle-bio.com\/fr\/marelle-soins-bio-responsable\/#breadcrumb","itemListElement":[{"@type":"ListItem","position":1,"name":"Accueil","item":"https:\/\/www.marelle-bio.com\/en\/"},{"@type":"ListItem","position":2,"name":"Organic and responsible"}]},{"@type":"WebSite","@id":"https:\/\/www.marelle-bio.com\/fr\/#website","url":"https:\/\/www.marelle-bio.com\/fr\/","name":"Marelle","description":"Organic skin care for babies and children","publisher":{"@id":"https:\/\/www.marelle-bio.com\/fr\/#organization"},"potentialAction":[{"@type":"SearchAction","target":{"@type":"EntryPoint","urlTemplate":"https:\/\/www.marelle-bio.com\/fr\/?s={search_term_string}"},"query-input":"required name=search_term_string"}],"inLanguage":"en-US"},{"@type":"Organization","@id":"https:\/\/www.marelle-bio.com\/fr\/#organization","name":"Marelle","url":"https:\/\/www.marelle-bio.com\/fr\/","logo":{"@type":"ImageObject","inLanguage":"en-US","@id":"https:\/\/www.marelle-bio.com\/fr\/#\/schema\/logo\/image\/","url":"https:\/\/www.marelle-bio.com\/wp-content\/uploads\/2019\/10\/logo.png","contentUrl":"https:\/\/www.marelle-bio.com\/wp-content\/uploads\/2019\/10\/logo.png","width":608,"height":295,"caption":"Marelle"},"image":{"@id":"https:\/\/www.marelle-bio.com\/fr\/#\/schema\/logo\/image\/"},"sameAs":["https:\/\/www.facebook.com\/marellebio\/","https:\/\/www.instagram.com\/marelle_bio\/"]}]}},"_links":{"self":[{"href":"https:\/\/www.marelle-bio.com\/en\/wp-json\/wp\/v2\/pages\/1620"}],"collection":[{"href":"https:\/\/www.marelle-bio.com\/en\/wp-json\/wp\/v2\/pages"}],"about":[{"href":"https:\/\/www.marelle-bio.com\/en\/wp-json\/wp\/v2\/types\/page"}],"author":[{"embeddable":true,"href":"https:\/\/www.marelle-bio.com\/en\/wp-json\/wp\/v2\/users\/1"}],"replies":[{"embeddable":true,"href":"https:\/\/www.marelle-bio.com\/en\/wp-json\/wp\/v2\/comments?post=1620"}],"version-history":[{"count":84,"href":"https:\/\/www.marelle-bio.com\/en\/wp-json\/wp\/v2\/pages\/1620\/revisions"}],"predecessor-version":[{"id":80948,"href":"https:\/\/www.marelle-bio.com\/en\/wp-json\/wp\/v2\/pages\/1620\/revisions\/80948"}],"wp:attachment":[{"href":"https:\/\/www.marelle-bio.com\/en\/wp-json\/wp\/v2\/media?parent=1620"}],"curies":[{"name":"wp","href":"https:\/\/api.w.org\/{rel}","templated":true}]}}