{"id":1474,"date":"2019-10-29T11:42:14","date_gmt":"2019-10-29T10:42:14","guid":{"rendered":"https:\/\/www.marelle-bio.com\/?page_id=1474"},"modified":"2025-03-07T11:02:20","modified_gmt":"2025-03-07T10:02:20","slug":"the-brand","status":"publish","type":"page","link":"https:\/\/www.marelle-bio.com\/en\/the-brand\/","title":{"rendered":"The brand"},"content":{"rendered":"<section class=\"wrap centered\">\n\n  <h1>The story<\/h1>\n\n  <p>Created by a mother, Marelle is a range of baby and children\u2019s skincare products inspired by the beauty and purity of Swiss nature.<\/p>\n<p>Certified organic and manufactured in a renowned cosmetics laboratory overlooking Lake Geneva, Marelle products are made from 99% to 100% of natural ingredients.<\/p>\n<p>Specially developed for little ones, the textures and fragrance are gentle and allergen-free. The formulas respect the most delicate skins and can be used from birth.<\/p>\n\n<\/section>\n\n\n<section class=\"wrap pic right landscape no-pt first-pic\">\n\n      <figure class=\"rellax\" style=\"background-image:url(https:\/\/www.marelle-bio.com\/wp-content\/uploads\/2020\/01\/Marelle-soins-bio-b\u00e9b\u00e9s-et-enfants-champs-2-800x533.jpg);\">\n      <img loading=\"lazy\" width=\"800\" height=\"533\" src=\"https:\/\/www.marelle-bio.com\/wp-content\/uploads\/2020\/01\/Marelle-soins-bio-b\u00e9b\u00e9s-et-enfants-champs-2-800x533.jpg\" class=\"attachment-medium size-medium\" alt=\"Marelle soins bio b\u00e9b\u00e9s et enfants dans les champs\" decoding=\"async\" srcset=\"https:\/\/www.marelle-bio.com\/wp-content\/uploads\/2020\/01\/Marelle-soins-bio-b\u00e9b\u00e9s-et-enfants-champs-2-800x533.jpg 800w, https:\/\/www.marelle-bio.com\/wp-content\/uploads\/2020\/01\/Marelle-soins-bio-b\u00e9b\u00e9s-et-enfants-champs-2-1024x683.jpg 1024w, https:\/\/www.marelle-bio.com\/wp-content\/uploads\/2020\/01\/Marelle-soins-bio-b\u00e9b\u00e9s-et-enfants-champs-2-768x512.jpg 768w, https:\/\/www.marelle-bio.com\/wp-content\/uploads\/2020\/01\/Marelle-soins-bio-b\u00e9b\u00e9s-et-enfants-champs-2-300x200.jpg 300w, https:\/\/www.marelle-bio.com\/wp-content\/uploads\/2020\/01\/Marelle-soins-bio-b\u00e9b\u00e9s-et-enfants-champs-2-600x400.jpg 600w, https:\/\/www.marelle-bio.com\/wp-content\/uploads\/2020\/01\/Marelle-soins-bio-b\u00e9b\u00e9s-et-enfants-champs-2.jpg 1500w\" sizes=\"(max-width: 800px) 100vw, 800px\" \/>    <\/figure>\n    \n  <div class=\"text\">\n    <h2>Created by a mother<\/h2>\n<p>Marelle is a story with a human dimension.<\/p>\n<p>The products have been imagined by a mother of 3 children living in Switzerland, who has always worked within the cosmetics sector.<\/p>\n<p>Inspired by the beauty and the purity of the environment in which she lives, this mother imagined a range of skin care products for babies and children of a unique naturality, quality and gentleness.<\/p>\n<p>She then partners with a Swiss cosmetics laboratory and a team of recognized scientists and professionals in order to manufacture the products.<\/p>\n<p>&nbsp;<\/p>\n  <\/div>\n\n<\/section>\n\n\n<section class=\"wrap pic no-pt first-pic\">\n\n      <figure class=\"rellax\" style=\"background-image:url(https:\/\/www.marelle-bio.com\/wp-content\/uploads\/2024\/02\/marelle-soins-bio-bebes-et-enfants-6-533x800.jpg);\">\n      <img loading=\"lazy\" width=\"533\" height=\"800\" src=\"https:\/\/www.marelle-bio.com\/wp-content\/uploads\/2024\/02\/marelle-soins-bio-bebes-et-enfants-6-533x800.jpg\" class=\"attachment-medium size-medium\" alt=\"Marelle soins bio pour b\u00e9b\u00e9s et enfants Vanessa Toublanc\" decoding=\"async\" srcset=\"https:\/\/www.marelle-bio.com\/wp-content\/uploads\/2024\/02\/marelle-soins-bio-bebes-et-enfants-6-533x800.jpg 533w, https:\/\/www.marelle-bio.com\/wp-content\/uploads\/2024\/02\/marelle-soins-bio-bebes-et-enfants-6-scaled-600x900.jpg 600w, https:\/\/www.marelle-bio.com\/wp-content\/uploads\/2024\/02\/marelle-soins-bio-bebes-et-enfants-6-683x1024.jpg 683w, https:\/\/www.marelle-bio.com\/wp-content\/uploads\/2024\/02\/marelle-soins-bio-bebes-et-enfants-6-768x1152.jpg 768w, https:\/\/www.marelle-bio.com\/wp-content\/uploads\/2024\/02\/marelle-soins-bio-bebes-et-enfants-6-1024x1536.jpg 1024w, https:\/\/www.marelle-bio.com\/wp-content\/uploads\/2024\/02\/marelle-soins-bio-bebes-et-enfants-6-scaled.jpg 1366w, https:\/\/www.marelle-bio.com\/wp-content\/uploads\/2024\/02\/marelle-soins-bio-bebes-et-enfants-6-2000x3000.jpg 2000w, https:\/\/www.marelle-bio.com\/wp-content\/uploads\/2024\/02\/marelle-soins-bio-bebes-et-enfants-6-300x450.jpg 300w\" sizes=\"(max-width: 533px) 100vw, 533px\" \/>    <\/figure>\n    \n  <div class=\"text\">\n    <blockquote><p>Given that we, parents, are very concerned about the safety of the cosmetics products that we use for our children, I dreamt of launching a healthy, organic and responsible skin care brand of an outstanding quality, in coherence with the beauty and purity of unspoiled Swiss nature.<\/p>\n<p>I wanted this brand to reconcile naturality with aestehtics, the most organic formulations with the most beautiful packaging!<\/p>\n<p>Marelle was born from this idea.<\/p>\n<p>My children love the gentleness and purity of the Marelle products, I hope your children will enjoy them as well!<\/p>\n<p><cite>Vanessa Toublanc<\/cite><\/p><\/blockquote>\n  <\/div>\n\n<\/section>\n\n\n<section class=\"featured wrap white-green\">\n\n  <div class=\"featured-img\">\n    <img loading=\"lazy\" width=\"800\" height=\"583\" src=\"https:\/\/www.marelle-bio.com\/wp-content\/uploads\/2023\/03\/Marelle-gamme-1-2-e1677769330187-800x583.png\" class=\"attachment-medium size-medium\" alt=\"Marelle soins bio b\u00e9b\u00e9s et enfants gamme\" decoding=\"async\" srcset=\"https:\/\/www.marelle-bio.com\/wp-content\/uploads\/2023\/03\/Marelle-gamme-1-2-e1677769330187-800x583.png 800w, https:\/\/www.marelle-bio.com\/wp-content\/uploads\/2023\/03\/Marelle-gamme-1-2-e1677769330187-600x437.png 600w, https:\/\/www.marelle-bio.com\/wp-content\/uploads\/2023\/03\/Marelle-gamme-1-2-e1677769330187-1024x746.png 1024w, https:\/\/www.marelle-bio.com\/wp-content\/uploads\/2023\/03\/Marelle-gamme-1-2-e1677769330187-768x559.png 768w, https:\/\/www.marelle-bio.com\/wp-content\/uploads\/2023\/03\/Marelle-gamme-1-2-e1677769330187-1536x1119.png 1536w, https:\/\/www.marelle-bio.com\/wp-content\/uploads\/2023\/03\/Marelle-gamme-1-2-e1677769330187-300x219.png 300w, https:\/\/www.marelle-bio.com\/wp-content\/uploads\/2023\/03\/Marelle-gamme-1-2-e1677769330187.png 1558w\" sizes=\"(max-width: 800px) 100vw, 800px\" \/>  <\/div>\n\n  <div class=\"featured-content\">\n\n    <h2>\n      Our e-shop    <\/h2>\n\n    <p class=\"left\">\n      Discover the Marelle range.<br \/>\r\n<br \/>\r\nUltra gentle skin care products for babies and children, certified organic and made in Switzerland. Created by a mother in collaboration with a laboratory situated on the heights of lake Geneva, the products contain the best of nature.<br \/>\r\n<br \/>\r\nInspired by the beauty and purity of the Swiss Alps.    <\/p>\n\n    <a href=\"\" title=\"Discover our products\" class=\"arrow\">\n      Discover our products      <svg xmlns=\"http:\/\/www.w3.org\/2000\/svg\" viewBox=\"0 0 14.31 7.5\"><title>arrow<\/title><g id=\"Calque_2\" data-name=\"Calque 2\"><g id=\"Calque_1-2\" data-name=\"Calque 1\"><polygon points=\"10.53 0 9.83 0.71 12.4 3.25 0 3.25 0 4.25 12.37 4.25 9.83 6.79 10.54 7.5 14.31 3.73 10.53 0\"\/><\/g><\/g><\/svg>    <\/a>\n\n  <\/div>\n<\/section>\n\n\n<section id=\"usps\" class=\"green small\">\n\n        <div class=\"usp\">\n        <a href=\"https:\/\/www.marelle-bio.com\/en\/marelle-organic-and-responsible\/\" title=\"Acc\u00e8s \u00e0 la page \u00e0 propos de organic and responsible\">\n\n          <div class=\"usp-content\">\n            <img decoding=\"async\" src=\"https:\/\/www.marelle-bio.com\/wp-content\/uploads\/2019\/09\/cosmos-white.png\" \/>          <\/div>\n\n          <h2>organic and responsible<\/h2>\n\n        <\/a>\n      <\/div>\n            <div class=\"usp\">\n        <a href=\"https:\/\/www.marelle-bio.com\/en\/marelle-organic-skin-care-babies-and-children-ingredients\/\" title=\"Acc\u00e8s \u00e0 la page \u00e0 propos de the ingredients\">\n\n          <div class=\"usp-content\">\n            <?xml version=\"1.0\" encoding=\"utf-8\"?>\n<!-- Generator: Adobe Illustrator 21.0.2, SVG Export Plug-In . SVG Version: 6.00 Build 0)  -->\n<svg version=\"1.1\" id=\"Calque_1\" xmlns=\"http:\/\/www.w3.org\/2000\/svg\" xmlns:xlink=\"http:\/\/www.w3.org\/1999\/xlink\" x=\"0px\" y=\"0px\"\n\t viewBox=\"0 0 82 82\" style=\"enable-background:new 0 0 82 82;\" xml:space=\"preserve\">\n<path d=\"M41,82C18.4,82,0,63.6,0,41S18.4,0,41,0s41,18.4,41,41S63.6,82,41,82z M41,2C19.5,2,2,19.5,2,41c0,21.5,17.5,39,39,39\n\ts39-17.5,39-39c0-10.3-4.1-20.3-11.4-27.6C61.3,6.1,51.3,2,41,2z\"\/>\n<path id=\"Fill-1\" d=\"M26.6,56.4L26.6,56.4c-0.3,0.3-0.8,0.3-1.1,0l0,0c-0.3-0.3-0.3-0.8,0-1.2c0,0,0,0,0,0l6.2-6.3l0,0V41\n\tc0-0.5,0.4-0.8,0.8-0.8c0.5,0,0.8,0.4,0.8,0.8v6.2l4.9-4.9V37c0-0.5,0.4-0.8,0.8-0.8c0.5,0,0.8,0.4,0.8,0.8v3.8l0,0l4.9-4.9v-2.2\n\tc0-0.5,0.4-0.8,0.8-0.8s0.8,0.4,0.8,0.8c0,0,0,0,0,0v1.6h1.7c0.5,0,0.8,0.4,0.8,0.8s-0.4,0.8-0.8,0.8c0,0,0,0,0,0H46l-4.9,4.9h3.8\n\tc0.5,0,0.8,0.4,0.8,0.8s-0.4,0.8-0.8,0.8c0,0,0,0,0,0h-5.4l-4.5,4.9h6.2c0.5,0,0.8,0.4,0.8,0.8c0,0.5-0.4,0.8-0.8,0.8h-7.8\n\tL26.6,56.4z M58.6,23.2c-0.2-0.2-0.4-0.3-0.7-0.2c-1.1,0.1-27.7,3.2-33.7,16c-2,4.1-1.5,8.8,1.3,13.9l-1.2,1.2c-1,1-1,2.5,0,3.5\n\ts2.5,1,3.5,0l1.3-1.3c2.6,1.5,5.5,2.4,8.5,2.5c7.2,0,13.2-6.1,17.3-17.6c1.9-5.6,3.3-11.4,4-17.3C58.9,23.7,58.8,23.4,58.6,23.2z\"\/>\n<\/svg>\n          <\/div>\n\n          <h2>the ingredients<\/h2>\n\n        <\/a>\n      <\/div>\n            <div class=\"usp\">\n        <a href=\"https:\/\/www.marelle-bio.com\/en\/swiss-made\/\" title=\"Acc\u00e8s \u00e0 la page \u00e0 propos de Swiss made\">\n\n          <div class=\"usp-content\">\n            <?xml version=\"1.0\" encoding=\"utf-8\"?>\n<!-- Generator: Adobe Illustrator 21.0.2, SVG Export Plug-In . SVG Version: 6.00 Build 0)  -->\n<svg version=\"1.1\" id=\"Calque_1\" xmlns=\"http:\/\/www.w3.org\/2000\/svg\" xmlns:xlink=\"http:\/\/www.w3.org\/1999\/xlink\" x=\"0px\" y=\"0px\"\n\t viewBox=\"0 0 82 82\" style=\"enable-background:new 0 0 82 82;\" xml:space=\"preserve\">\n<path d=\"M41,82C18.4,82,0,63.6,0,41S18.4,0,41,0l0,0c22.6,0,41,18.4,41,41S63.6,82,41,82z M41,2C19.5,2,2,19.5,2,41s17.5,39,39,39\n\tl0,0c21.5,0,39-17.5,39-39S62.5,2,41,2z\"\/>\n<polygon id=\"Path\" points=\"61,47.7 47.7,47.7 47.7,61 34.3,61 34.3,47.7 21,47.7 21,34.3 34.3,34.3 34.3,21 47.7,21 47.7,34.3 \n\t61,34.3 \"\/>\n<\/svg>\n          <\/div>\n\n          <h2>Swiss made<\/h2>\n\n        <\/a>\n      <\/div>\n      \n<\/section>\n","protected":false},"excerpt":{"rendered":"","protected":false},"author":1,"featured_media":0,"parent":0,"menu_order":0,"comment_status":"closed","ping_status":"closed","template":"","meta":{"footnotes":""},"acf":[],"yoast_head":"<!-- This site is optimized with the Yoast SEO plugin v21.2 - https:\/\/yoast.com\/wordpress\/plugins\/seo\/ -->\n<title>The brand &#8226; Marelle<\/title>\n<meta name=\"description\" content=\"Marelle est une histoire \u00e0 dimension humaine. Les produits ont \u00e9t\u00e9 imagin\u00e9s par une maman de 3 enfants en collaboration avec un laboratoire suisse.\" \/>\n<meta name=\"robots\" content=\"index, follow, max-snippet:-1, max-image-preview:large, max-video-preview:-1\" \/>\n<link rel=\"canonical\" href=\"https:\/\/www.marelle-bio.com\/en\/the-brand\/\" \/>\n<meta property=\"og:locale\" content=\"en_US\" \/>\n<meta property=\"og:type\" content=\"article\" \/>\n<meta property=\"og:title\" content=\"The brand &#8226; Marelle\" \/>\n<meta property=\"og:description\" content=\"Marelle est une histoire \u00e0 dimension humaine. Les produits ont \u00e9t\u00e9 imagin\u00e9s par une maman de 3 enfants en collaboration avec un laboratoire suisse.\" \/>\n<meta property=\"og:url\" content=\"https:\/\/www.marelle-bio.com\/en\/the-brand\/\" \/>\n<meta property=\"og:site_name\" content=\"Marelle\" \/>\n<meta property=\"article:publisher\" content=\"https:\/\/www.facebook.com\/marellebio\/\" \/>\n<meta property=\"article:modified_time\" content=\"2025-03-07T10:02:20+00:00\" \/>\n<meta property=\"og:image\" content=\"https:\/\/www.marelle-bio.com\/wp-content\/uploads\/2022\/09\/Marelle-soins-bio-pour-bebes-et-enfants-11-1024x683.jpg\" \/>\n\t<meta property=\"og:image:width\" content=\"1024\" \/>\n\t<meta property=\"og:image:height\" content=\"683\" \/>\n\t<meta property=\"og:image:type\" content=\"image\/jpeg\" \/>\n<meta name=\"twitter:card\" content=\"summary_large_image\" \/>\n<script type=\"application\/ld+json\" class=\"yoast-schema-graph\">{\"@context\":\"https:\/\/schema.org\",\"@graph\":[{\"@type\":\"WebPage\",\"@id\":\"https:\/\/www.marelle-bio.com\/en\/the-brand\/\",\"url\":\"https:\/\/www.marelle-bio.com\/en\/the-brand\/\",\"name\":\"The brand &#8226; Marelle\",\"isPartOf\":{\"@id\":\"https:\/\/www.marelle-bio.com\/fr\/#website\"},\"datePublished\":\"2019-10-29T10:42:14+00:00\",\"dateModified\":\"2025-03-07T10:02:20+00:00\",\"description\":\"Marelle est une histoire \u00e0 dimension humaine. Les produits ont \u00e9t\u00e9 imagin\u00e9s par une maman de 3 enfants en collaboration avec un laboratoire suisse.\",\"breadcrumb\":{\"@id\":\"https:\/\/www.marelle-bio.com\/en\/the-brand\/#breadcrumb\"},\"inLanguage\":\"en-US\",\"potentialAction\":[{\"@type\":\"ReadAction\",\"target\":[\"https:\/\/www.marelle-bio.com\/en\/the-brand\/\"]}]},{\"@type\":\"BreadcrumbList\",\"@id\":\"https:\/\/www.marelle-bio.com\/en\/the-brand\/#breadcrumb\",\"itemListElement\":[{\"@type\":\"ListItem\",\"position\":1,\"name\":\"Accueil\",\"item\":\"https:\/\/www.marelle-bio.com\/en\/\"},{\"@type\":\"ListItem\",\"position\":2,\"name\":\"The brand\"}]},{\"@type\":\"WebSite\",\"@id\":\"https:\/\/www.marelle-bio.com\/fr\/#website\",\"url\":\"https:\/\/www.marelle-bio.com\/fr\/\",\"name\":\"Marelle\",\"description\":\"Organic skin care for babies and children\",\"publisher\":{\"@id\":\"https:\/\/www.marelle-bio.com\/fr\/#organization\"},\"potentialAction\":[{\"@type\":\"SearchAction\",\"target\":{\"@type\":\"EntryPoint\",\"urlTemplate\":\"https:\/\/www.marelle-bio.com\/fr\/?s={search_term_string}\"},\"query-input\":\"required name=search_term_string\"}],\"inLanguage\":\"en-US\"},{\"@type\":\"Organization\",\"@id\":\"https:\/\/www.marelle-bio.com\/fr\/#organization\",\"name\":\"Marelle\",\"url\":\"https:\/\/www.marelle-bio.com\/fr\/\",\"logo\":{\"@type\":\"ImageObject\",\"inLanguage\":\"en-US\",\"@id\":\"https:\/\/www.marelle-bio.com\/fr\/#\/schema\/logo\/image\/\",\"url\":\"https:\/\/www.marelle-bio.com\/wp-content\/uploads\/2019\/10\/logo.png\",\"contentUrl\":\"https:\/\/www.marelle-bio.com\/wp-content\/uploads\/2019\/10\/logo.png\",\"width\":608,\"height\":295,\"caption\":\"Marelle\"},\"image\":{\"@id\":\"https:\/\/www.marelle-bio.com\/fr\/#\/schema\/logo\/image\/\"},\"sameAs\":[\"https:\/\/www.facebook.com\/marellebio\/\",\"https:\/\/www.instagram.com\/marelle_bio\/\"]}]}<\/script>\n<!-- \/ Yoast SEO plugin. -->","yoast_head_json":{"title":"The brand &#8226; Marelle","description":"Marelle est une histoire \u00e0 dimension humaine. Les produits ont \u00e9t\u00e9 imagin\u00e9s par une maman de 3 enfants en collaboration avec un laboratoire suisse.","robots":{"index":"index","follow":"follow","max-snippet":"max-snippet:-1","max-image-preview":"max-image-preview:large","max-video-preview":"max-video-preview:-1"},"canonical":"https:\/\/www.marelle-bio.com\/en\/the-brand\/","og_locale":"en_US","og_type":"article","og_title":"The brand &#8226; Marelle","og_description":"Marelle est une histoire \u00e0 dimension humaine. Les produits ont \u00e9t\u00e9 imagin\u00e9s par une maman de 3 enfants en collaboration avec un laboratoire suisse.","og_url":"https:\/\/www.marelle-bio.com\/en\/the-brand\/","og_site_name":"Marelle","article_publisher":"https:\/\/www.facebook.com\/marellebio\/","article_modified_time":"2025-03-07T10:02:20+00:00","og_image":[{"width":1024,"height":683,"url":"https:\/\/www.marelle-bio.com\/wp-content\/uploads\/2022\/09\/Marelle-soins-bio-pour-bebes-et-enfants-11-1024x683.jpg","type":"image\/jpeg"}],"twitter_card":"summary_large_image","schema":{"@context":"https:\/\/schema.org","@graph":[{"@type":"WebPage","@id":"https:\/\/www.marelle-bio.com\/en\/the-brand\/","url":"https:\/\/www.marelle-bio.com\/en\/the-brand\/","name":"The brand &#8226; Marelle","isPartOf":{"@id":"https:\/\/www.marelle-bio.com\/fr\/#website"},"datePublished":"2019-10-29T10:42:14+00:00","dateModified":"2025-03-07T10:02:20+00:00","description":"Marelle est une histoire \u00e0 dimension humaine. Les produits ont \u00e9t\u00e9 imagin\u00e9s par une maman de 3 enfants en collaboration avec un laboratoire suisse.","breadcrumb":{"@id":"https:\/\/www.marelle-bio.com\/en\/the-brand\/#breadcrumb"},"inLanguage":"en-US","potentialAction":[{"@type":"ReadAction","target":["https:\/\/www.marelle-bio.com\/en\/the-brand\/"]}]},{"@type":"BreadcrumbList","@id":"https:\/\/www.marelle-bio.com\/en\/the-brand\/#breadcrumb","itemListElement":[{"@type":"ListItem","position":1,"name":"Accueil","item":"https:\/\/www.marelle-bio.com\/en\/"},{"@type":"ListItem","position":2,"name":"The brand"}]},{"@type":"WebSite","@id":"https:\/\/www.marelle-bio.com\/fr\/#website","url":"https:\/\/www.marelle-bio.com\/fr\/","name":"Marelle","description":"Organic skin care for babies and children","publisher":{"@id":"https:\/\/www.marelle-bio.com\/fr\/#organization"},"potentialAction":[{"@type":"SearchAction","target":{"@type":"EntryPoint","urlTemplate":"https:\/\/www.marelle-bio.com\/fr\/?s={search_term_string}"},"query-input":"required name=search_term_string"}],"inLanguage":"en-US"},{"@type":"Organization","@id":"https:\/\/www.marelle-bio.com\/fr\/#organization","name":"Marelle","url":"https:\/\/www.marelle-bio.com\/fr\/","logo":{"@type":"ImageObject","inLanguage":"en-US","@id":"https:\/\/www.marelle-bio.com\/fr\/#\/schema\/logo\/image\/","url":"https:\/\/www.marelle-bio.com\/wp-content\/uploads\/2019\/10\/logo.png","contentUrl":"https:\/\/www.marelle-bio.com\/wp-content\/uploads\/2019\/10\/logo.png","width":608,"height":295,"caption":"Marelle"},"image":{"@id":"https:\/\/www.marelle-bio.com\/fr\/#\/schema\/logo\/image\/"},"sameAs":["https:\/\/www.facebook.com\/marellebio\/","https:\/\/www.instagram.com\/marelle_bio\/"]}]}},"_links":{"self":[{"href":"https:\/\/www.marelle-bio.com\/en\/wp-json\/wp\/v2\/pages\/1474"}],"collection":[{"href":"https:\/\/www.marelle-bio.com\/en\/wp-json\/wp\/v2\/pages"}],"about":[{"href":"https:\/\/www.marelle-bio.com\/en\/wp-json\/wp\/v2\/types\/page"}],"author":[{"embeddable":true,"href":"https:\/\/www.marelle-bio.com\/en\/wp-json\/wp\/v2\/users\/1"}],"replies":[{"embeddable":true,"href":"https:\/\/www.marelle-bio.com\/en\/wp-json\/wp\/v2\/comments?post=1474"}],"version-history":[{"count":46,"href":"https:\/\/www.marelle-bio.com\/en\/wp-json\/wp\/v2\/pages\/1474\/revisions"}],"predecessor-version":[{"id":83926,"href":"https:\/\/www.marelle-bio.com\/en\/wp-json\/wp\/v2\/pages\/1474\/revisions\/83926"}],"wp:attachment":[{"href":"https:\/\/www.marelle-bio.com\/en\/wp-json\/wp\/v2\/media?parent=1474"}],"curies":[{"name":"wp","href":"https:\/\/api.w.org\/{rel}","templated":true}]}}