{"id":84655,"date":"2026-01-27T10:45:40","date_gmt":"2026-01-27T09:46:21","guid":{"rendered":"https:\/\/www.marelle-bio.com\/?post_type=product&#038;p=84655"},"modified":"2026-02-13T11:00:55","modified_gmt":"2026-02-13T10:00:55","slug":"marelle-waschbare-tuecher","status":"publish","type":"product","link":"https:\/\/www.marelle-bio.com\/de\/produit\/marelle-waschbare-tuecher\/","title":{"rendered":"Waschbare T\u00fccher"},"content":{"rendered":"","protected":false},"excerpt":{"rendered":"<p>Set mit 5 waschbaren T\u00fcchern aus 100 % Bio-Baumwolle, eine umweltfreundliche und praktische Alternative zu Einwegt\u00fcchern und Wattepads.<\/p>\n<p>Diese weichen und vielseitigen, waschbaren T\u00fccher sind ideal f\u00fcr die Pflege der empfindlichen Haut von Babys, Kindern und der ganzen Familie.<\/p>\n<p>Sie werden aus GOTS-zertifizierter Bio-Baumwolle hergestellt und in Haute-Savoie, Frankreich, produziert. Sie sind sicher und umweltfreundlich.<\/p>\n<p>Mit ihrem doppelseitigen Design bieten diese T\u00fccher bei jeder Verwendung ein weiches und angenehmes Gef\u00fchl. Die Fleece-Seite ist weich und saugf\u00e4hig, w\u00e4hrend die Mikroschwamm-Seite eine gr\u00fcndlichere Reinigung erm\u00f6glicht.<\/p>\n<p>DETAILS &amp; ZUSAMMENSETZUNG:<\/p>\n<p>Ma\u00dfe &amp; Farbe: 10 x 10 cm, natur\/cremefarben.<\/p>\n<p>Zusammensetzung: GOTS-zertifizierte Bio-Baumwolle, 100 % der Fasern stammen aus biologischem Anbau. Hergestellt in einer Werkstatt in Haute-Savoie, Frankreich.<\/p>\n<p>Pflegehinweise: Maschinenw\u00e4sche bei 30 \u00b0C.<\/p>\n<p>ANWENDUNG:<\/p>\n<p>Verwenden Sie die T\u00fccher zusammen mit unserem Mizellenwasser f\u00fcr eine sanfte Hautreinigung.<\/p>\n<p>Befeuchten Sie die Fleece-Seite des Tuchs mit Mizellenwasser. Sie k\u00f6nnen es vorher anfeuchten, wenn Sie m\u00f6chten. Reinigen Sie sanft Gesicht, Hals, H\u00e4nde und Po, um alle Spuren von Unreinheiten zu entfernen.<\/p>\n<p>Drehen Sie das Tuch um und trocknen Sie die Haut bei Bedarf mit der Mikroschwamm-Seite ab.<\/p>\n<p>Sp\u00fclen Sie das Tuch nach jedem Gebrauch mit warmem Wasser und Seife aus. Waschen Sie die T\u00fccher bei Bedarf bei 30 \u00b0C in der Maschine.<\/p>\n","protected":false},"featured_media":84719,"template":"","meta":[],"product_cat":[82],"bundle_layout":"","bundled_by":[],"bundled_items":[],"acf":[],"yoast_head":"<!-- This site is optimized with the Yoast SEO plugin v21.2 - https:\/\/yoast.com\/wordpress\/plugins\/seo\/ -->\n<title>Waschbare T\u00fccher &#8226; Marelle<\/title>\n<meta name=\"description\" content=\"Entdecken Sie unsere neuen waschbaren T\u00fccher aus 100 % Bio-Baumwolle. Eine umweltfreundliche und praktische Alternative zu Einwegt\u00fcchern und Wattepads.\" \/>\n<meta name=\"robots\" content=\"index, follow, max-snippet:-1, max-image-preview:large, max-video-preview:-1\" \/>\n<link rel=\"canonical\" href=\"https:\/\/www.marelle-bio.com\/de\/produit\/marelle-waschbare-tuecher\/\" \/>\n<meta property=\"og:locale\" content=\"de_DE\" \/>\n<meta property=\"og:type\" content=\"article\" \/>\n<meta property=\"og:title\" content=\"Waschbare T\u00fccher &#8226; Marelle\" \/>\n<meta property=\"og:description\" content=\"Entdecken Sie unsere neuen waschbaren T\u00fccher aus 100 % Bio-Baumwolle. Eine umweltfreundliche und praktische Alternative zu Einwegt\u00fcchern und Wattepads.\" \/>\n<meta property=\"og:url\" content=\"https:\/\/www.marelle-bio.com\/de\/produit\/marelle-waschbare-tuecher\/\" \/>\n<meta property=\"og:site_name\" content=\"Marelle\" \/>\n<meta property=\"article:publisher\" content=\"https:\/\/www.facebook.com\/marellebio\/\" \/>\n<meta property=\"article:modified_time\" content=\"2026-02-13T10:00:55+00:00\" \/>\n<meta property=\"og:image\" content=\"https:\/\/www.marelle-bio.com\/wp-content\/uploads\/2026\/01\/marelle_lingettes_lavables_1.jpeg\" \/>\n\t<meta property=\"og:image:width\" content=\"2032\" \/>\n\t<meta property=\"og:image:height\" content=\"2032\" \/>\n\t<meta property=\"og:image:type\" content=\"image\/jpeg\" \/>\n<meta name=\"twitter:card\" content=\"summary_large_image\" \/>\n<script type=\"application\/ld+json\" class=\"yoast-schema-graph\">{\"@context\":\"https:\/\/schema.org\",\"@graph\":[{\"@type\":\"WebPage\",\"@id\":\"https:\/\/www.marelle-bio.com\/de\/produit\/marelle-waschbare-tuecher\/\",\"url\":\"https:\/\/www.marelle-bio.com\/de\/produit\/marelle-waschbare-tuecher\/\",\"name\":\"Waschbare T\u00fccher &#8226; Marelle\",\"isPartOf\":{\"@id\":\"https:\/\/www.marelle-bio.com\/fr\/#website\"},\"datePublished\":\"2026-01-27T09:46:21+00:00\",\"dateModified\":\"2026-02-13T10:00:55+00:00\",\"description\":\"Entdecken Sie unsere neuen waschbaren T\u00fccher aus 100 % Bio-Baumwolle. Eine umweltfreundliche und praktische Alternative zu Einwegt\u00fcchern und Wattepads.\",\"breadcrumb\":{\"@id\":\"https:\/\/www.marelle-bio.com\/de\/produit\/marelle-waschbare-tuecher\/#breadcrumb\"},\"inLanguage\":\"de\",\"potentialAction\":[{\"@type\":\"ReadAction\",\"target\":[\"https:\/\/www.marelle-bio.com\/de\/produit\/marelle-waschbare-tuecher\/\"]}]},{\"@type\":\"BreadcrumbList\",\"@id\":\"https:\/\/www.marelle-bio.com\/de\/produit\/marelle-waschbare-tuecher\/#breadcrumb\",\"itemListElement\":[{\"@type\":\"ListItem\",\"position\":1,\"name\":\"Accueil\",\"item\":\"https:\/\/www.marelle-bio.com\/de\/\"},{\"@type\":\"ListItem\",\"position\":2,\"name\":\"Shop\",\"item\":\"https:\/\/www.marelle-bio.com\/de\/marelle-hochwertige-hautpflegeprodukte-eshop\/\"},{\"@type\":\"ListItem\",\"position\":3,\"name\":\"Waschbare T\u00fccher\"}]},{\"@type\":\"WebSite\",\"@id\":\"https:\/\/www.marelle-bio.com\/fr\/#website\",\"url\":\"https:\/\/www.marelle-bio.com\/fr\/\",\"name\":\"Marelle\",\"description\":\"Soins bio pour b\u00e9b\u00e9s et enfants\",\"publisher\":{\"@id\":\"https:\/\/www.marelle-bio.com\/fr\/#organization\"},\"potentialAction\":[{\"@type\":\"SearchAction\",\"target\":{\"@type\":\"EntryPoint\",\"urlTemplate\":\"https:\/\/www.marelle-bio.com\/fr\/?s={search_term_string}\"},\"query-input\":\"required name=search_term_string\"}],\"inLanguage\":\"de\"},{\"@type\":\"Organization\",\"@id\":\"https:\/\/www.marelle-bio.com\/fr\/#organization\",\"name\":\"Marelle\",\"url\":\"https:\/\/www.marelle-bio.com\/fr\/\",\"logo\":{\"@type\":\"ImageObject\",\"inLanguage\":\"de\",\"@id\":\"https:\/\/www.marelle-bio.com\/fr\/#\/schema\/logo\/image\/\",\"url\":\"https:\/\/www.marelle-bio.com\/wp-content\/uploads\/2019\/10\/logo.png\",\"contentUrl\":\"https:\/\/www.marelle-bio.com\/wp-content\/uploads\/2019\/10\/logo.png\",\"width\":608,\"height\":295,\"caption\":\"Marelle\"},\"image\":{\"@id\":\"https:\/\/www.marelle-bio.com\/fr\/#\/schema\/logo\/image\/\"},\"sameAs\":[\"https:\/\/www.facebook.com\/marellebio\/\",\"https:\/\/www.instagram.com\/marelle_bio\/\"]}]}<\/script>\n<!-- \/ Yoast SEO plugin. -->","yoast_head_json":{"title":"Waschbare T\u00fccher &#8226; Marelle","description":"Entdecken Sie unsere neuen waschbaren T\u00fccher aus 100 % Bio-Baumwolle. Eine umweltfreundliche und praktische Alternative zu Einwegt\u00fcchern und Wattepads.","robots":{"index":"index","follow":"follow","max-snippet":"max-snippet:-1","max-image-preview":"max-image-preview:large","max-video-preview":"max-video-preview:-1"},"canonical":"https:\/\/www.marelle-bio.com\/de\/produit\/marelle-waschbare-tuecher\/","og_locale":"de_DE","og_type":"article","og_title":"Waschbare T\u00fccher &#8226; Marelle","og_description":"Entdecken Sie unsere neuen waschbaren T\u00fccher aus 100 % Bio-Baumwolle. Eine umweltfreundliche und praktische Alternative zu Einwegt\u00fcchern und Wattepads.","og_url":"https:\/\/www.marelle-bio.com\/de\/produit\/marelle-waschbare-tuecher\/","og_site_name":"Marelle","article_publisher":"https:\/\/www.facebook.com\/marellebio\/","article_modified_time":"2026-02-13T10:00:55+00:00","og_image":[{"width":2032,"height":2032,"url":"https:\/\/www.marelle-bio.com\/wp-content\/uploads\/2026\/01\/marelle_lingettes_lavables_1.jpeg","type":"image\/jpeg"}],"twitter_card":"summary_large_image","schema":{"@context":"https:\/\/schema.org","@graph":[{"@type":"WebPage","@id":"https:\/\/www.marelle-bio.com\/de\/produit\/marelle-waschbare-tuecher\/","url":"https:\/\/www.marelle-bio.com\/de\/produit\/marelle-waschbare-tuecher\/","name":"Waschbare T\u00fccher &#8226; Marelle","isPartOf":{"@id":"https:\/\/www.marelle-bio.com\/fr\/#website"},"datePublished":"2026-01-27T09:46:21+00:00","dateModified":"2026-02-13T10:00:55+00:00","description":"Entdecken Sie unsere neuen waschbaren T\u00fccher aus 100 % Bio-Baumwolle. Eine umweltfreundliche und praktische Alternative zu Einwegt\u00fcchern und Wattepads.","breadcrumb":{"@id":"https:\/\/www.marelle-bio.com\/de\/produit\/marelle-waschbare-tuecher\/#breadcrumb"},"inLanguage":"de","potentialAction":[{"@type":"ReadAction","target":["https:\/\/www.marelle-bio.com\/de\/produit\/marelle-waschbare-tuecher\/"]}]},{"@type":"BreadcrumbList","@id":"https:\/\/www.marelle-bio.com\/de\/produit\/marelle-waschbare-tuecher\/#breadcrumb","itemListElement":[{"@type":"ListItem","position":1,"name":"Accueil","item":"https:\/\/www.marelle-bio.com\/de\/"},{"@type":"ListItem","position":2,"name":"Shop","item":"https:\/\/www.marelle-bio.com\/de\/marelle-hochwertige-hautpflegeprodukte-eshop\/"},{"@type":"ListItem","position":3,"name":"Waschbare T\u00fccher"}]},{"@type":"WebSite","@id":"https:\/\/www.marelle-bio.com\/fr\/#website","url":"https:\/\/www.marelle-bio.com\/fr\/","name":"Marelle","description":"Soins bio pour b\u00e9b\u00e9s et enfants","publisher":{"@id":"https:\/\/www.marelle-bio.com\/fr\/#organization"},"potentialAction":[{"@type":"SearchAction","target":{"@type":"EntryPoint","urlTemplate":"https:\/\/www.marelle-bio.com\/fr\/?s={search_term_string}"},"query-input":"required name=search_term_string"}],"inLanguage":"de"},{"@type":"Organization","@id":"https:\/\/www.marelle-bio.com\/fr\/#organization","name":"Marelle","url":"https:\/\/www.marelle-bio.com\/fr\/","logo":{"@type":"ImageObject","inLanguage":"de","@id":"https:\/\/www.marelle-bio.com\/fr\/#\/schema\/logo\/image\/","url":"https:\/\/www.marelle-bio.com\/wp-content\/uploads\/2019\/10\/logo.png","contentUrl":"https:\/\/www.marelle-bio.com\/wp-content\/uploads\/2019\/10\/logo.png","width":608,"height":295,"caption":"Marelle"},"image":{"@id":"https:\/\/www.marelle-bio.com\/fr\/#\/schema\/logo\/image\/"},"sameAs":["https:\/\/www.facebook.com\/marellebio\/","https:\/\/www.instagram.com\/marelle_bio\/"]}]}},"_links":{"self":[{"href":"https:\/\/www.marelle-bio.com\/de\/wp-json\/wp\/v2\/product\/84655"}],"collection":[{"href":"https:\/\/www.marelle-bio.com\/de\/wp-json\/wp\/v2\/product"}],"about":[{"href":"https:\/\/www.marelle-bio.com\/de\/wp-json\/wp\/v2\/types\/product"}],"wp:featuredmedia":[{"embeddable":true,"href":"https:\/\/www.marelle-bio.com\/de\/wp-json\/wp\/v2\/media\/84719"}],"wp:attachment":[{"href":"https:\/\/www.marelle-bio.com\/de\/wp-json\/wp\/v2\/media?parent=84655"}],"wp:term":[{"taxonomy":"product_cat","embeddable":true,"href":"https:\/\/www.marelle-bio.com\/de\/wp-json\/wp\/v2\/product_cat?post=84655"}],"curies":[{"name":"wp","href":"https:\/\/api.w.org\/{rel}","templated":true}]}}