{"id":83150,"date":"2024-09-30T17:31:31","date_gmt":"2024-09-30T15:31:32","guid":{"rendered":"https:\/\/www.marelle-bio.com\/?post_type=product&#038;p=83150"},"modified":"2026-02-13T11:02:01","modified_gmt":"2026-02-13T10:02:01","slug":"marelle-hvid-kollab","status":"publish","type":"product","link":"https:\/\/www.marelle-bio.com\/de\/produit\/marelle-hvid-kollab\/","title":{"rendered":"Hvid x Marelle Geschenkbox"},"content":{"rendered":"","protected":false},"excerpt":{"rendered":"<p><strong>Neues Marelle x Hvid-Geschenkset<\/strong><\/p>\n<p>Wir haben uns mit der belgischen Baby- und Kindermarke Hvid zusammengetan, die in einem familiengef\u00fchrten Atelier in Belgien wundersch\u00f6ne Artikel aus ultrafeiner Merinowolle herstellt. Ihre Produkte sind zeitlos und unglaublich weich und hochwertig. Ein echtes Lieblingsst\u00fcck!<\/p>\n<p>In unserem neuen Geschenkset finden Sie die folgenden Artikel:<\/p>\n<ul>\n<li><strong>Ein Tokki-Teddy<\/strong> aus ultraweicher Merinowolle, der den Duft Ihres Babys aufnimmt und f\u00fcr Ruhe und Vertrauen sorgt. Sie k\u00f6nnen ihn auf den Kopf des Babys legen, um sich zu beruhigen und einzuschlafen. Merinowolle ist atmungsaktiv und sicher f\u00fcr Babys. Jeder Teddy wird in kleinen Mengen produziert und in Hvids Atelier in Belgien von Hand gefertigt.<\/li>\n<\/ul>\n<p><em>Abmessungen:<\/em> <em>35 cm hoch &#8211; 28 cm breit.<\/em> <em>Material:<\/em> <em>100 % extrafeine italienische Merinowolle (\u00d6ko-Tex, mulesingfrei).<\/em><em>F\u00fcllung:<\/em> <em>100 % Bio-Merinowolle.<\/em><\/p>\n<p><em>Flecken wie Milch lassen sich mit einem feuchten Tuch entfernen.<\/em> <em>Es ist nicht n\u00f6tig, das ganze Produkt zu waschen.<\/em> <em>Es ist nicht notwendig, Merinowolle h\u00e4ufig zu waschen.<\/em> <em>Diese Faser ist selbstreinigend.<\/em> <em>Es ist perfekt, sie einfach drau\u00dfen zu l\u00fcften.<\/em> <em>Ansonsten waschen Sie sie ganz vorsichtig von Hand mit lauwarmem Wasser von max.<\/em> <em>20\u00b0.<\/em> <em>Verwenden Sie zum Waschen ein Wollwaschmittel.<\/em> <em>Maschinenw\u00e4sche nur im Wollprogramm 20\u00b0, niedrige Drehzahl, auf eigene Gefahr, da wir keine Garantie f\u00fcr die individuellen Programmeinstellungen der Waschmaschinen \u00fcbernehmen k\u00f6nnen.<\/em><\/p>\n<p><em>Merinowolle juckt nicht und ist antibakteriell und daher ideal f\u00fcr Kinder mit Ekzemen oder empfindlicher Haut.<\/em><em>Hergestellt in Belgien.<\/em><\/p>\n<ul>\n<li><strong>Ein Ultra sanftes Reinigungsgel 500ml<\/strong> &#8211; Haar &amp; K\u00f6rper &#8211; Dieses Creme-Gel aus kontrolliert biologischem Anbau reinigt sanft die empfindliche Haut und das zarte Haar von Babys und Kindern.<\/li>\n<li><strong>Ein Zarte Feuchtigkeitscreme 100ml <\/strong>&#8211; Gesicht &amp; K\u00f6rper &#8211; Diese Feuchtigkeitscreme aus kontrolliert biologischem Anbau n\u00e4hrt, erweicht und sch\u00fctzt die zarte Haut von Babys und Kindern mit ihrer ultrafeinen Textur.<\/li>\n<\/ul>\n<p>Ein wundersch\u00f6nes und raffiniertes Geschenk in limitierter Auflage, das die Kleinen und ihre Eltern begeistern wird, verpackt in einer attraktiven Schachtel aus Gold und Kraft.<\/p>\n","protected":false},"featured_media":84745,"template":"","meta":[],"product_cat":[81],"bundle_layout":"","bundled_by":[],"bundled_items":[],"acf":[],"yoast_head":"<!-- This site is optimized with the Yoast SEO plugin v21.2 - https:\/\/yoast.com\/wordpress\/plugins\/seo\/ -->\n<title>Hvid x Marelle Geschenkbox &#8226; Marelle<\/title>\n<meta name=\"description\" content=\"Entdecken Sie unser neues geschenkset in Zusammenarbeit mit der belgischen Marke Hvid, das einen wundersch\u00f6nen Teddy aus Merinowolle\" \/>\n<meta name=\"robots\" content=\"index, follow, max-snippet:-1, max-image-preview:large, max-video-preview:-1\" \/>\n<link rel=\"canonical\" href=\"https:\/\/www.marelle-bio.com\/de\/produit\/marelle-hvid-kollab\/\" \/>\n<meta property=\"og:locale\" content=\"de_DE\" \/>\n<meta property=\"og:type\" content=\"article\" \/>\n<meta property=\"og:title\" content=\"Hvid x Marelle Geschenkbox &#8226; Marelle\" \/>\n<meta property=\"og:description\" content=\"Entdecken Sie unser neues geschenkset in Zusammenarbeit mit der belgischen Marke Hvid, das einen wundersch\u00f6nen Teddy aus Merinowolle\" \/>\n<meta property=\"og:url\" content=\"https:\/\/www.marelle-bio.com\/de\/produit\/marelle-hvid-kollab\/\" \/>\n<meta property=\"og:site_name\" content=\"Marelle\" \/>\n<meta property=\"article:publisher\" content=\"https:\/\/www.facebook.com\/marellebio\/\" \/>\n<meta property=\"article:modified_time\" content=\"2026-02-13T10:02:01+00:00\" \/>\n<meta property=\"og:image\" content=\"https:\/\/www.marelle-bio.com\/wp-content\/uploads\/2024\/09\/marelle_soins_bio_bebes_et_enfants_3-1-1.jpg\" \/>\n\t<meta property=\"og:image:width\" content=\"996\" \/>\n\t<meta property=\"og:image:height\" content=\"996\" \/>\n\t<meta property=\"og:image:type\" content=\"image\/jpeg\" \/>\n<meta name=\"twitter:card\" content=\"summary_large_image\" \/>\n<script type=\"application\/ld+json\" class=\"yoast-schema-graph\">{\"@context\":\"https:\/\/schema.org\",\"@graph\":[{\"@type\":\"WebPage\",\"@id\":\"https:\/\/www.marelle-bio.com\/de\/produit\/marelle-hvid-kollab\/\",\"url\":\"https:\/\/www.marelle-bio.com\/de\/produit\/marelle-hvid-kollab\/\",\"name\":\"Hvid x Marelle Geschenkbox &#8226; Marelle\",\"isPartOf\":{\"@id\":\"https:\/\/www.marelle-bio.com\/fr\/#website\"},\"datePublished\":\"2024-09-30T15:31:32+00:00\",\"dateModified\":\"2026-02-13T10:02:01+00:00\",\"description\":\"Entdecken Sie unser neues geschenkset in Zusammenarbeit mit der belgischen Marke Hvid, das einen wundersch\u00f6nen Teddy aus Merinowolle\",\"breadcrumb\":{\"@id\":\"https:\/\/www.marelle-bio.com\/de\/produit\/marelle-hvid-kollab\/#breadcrumb\"},\"inLanguage\":\"de\",\"potentialAction\":[{\"@type\":\"ReadAction\",\"target\":[\"https:\/\/www.marelle-bio.com\/de\/produit\/marelle-hvid-kollab\/\"]}]},{\"@type\":\"BreadcrumbList\",\"@id\":\"https:\/\/www.marelle-bio.com\/de\/produit\/marelle-hvid-kollab\/#breadcrumb\",\"itemListElement\":[{\"@type\":\"ListItem\",\"position\":1,\"name\":\"Accueil\",\"item\":\"https:\/\/www.marelle-bio.com\/de\/\"},{\"@type\":\"ListItem\",\"position\":2,\"name\":\"Shop\",\"item\":\"https:\/\/www.marelle-bio.com\/de\/marelle-hochwertige-hautpflegeprodukte-eshop\/\"},{\"@type\":\"ListItem\",\"position\":3,\"name\":\"Hvid x Marelle Geschenkbox\"}]},{\"@type\":\"WebSite\",\"@id\":\"https:\/\/www.marelle-bio.com\/fr\/#website\",\"url\":\"https:\/\/www.marelle-bio.com\/fr\/\",\"name\":\"Marelle\",\"description\":\"Soins bio pour b\u00e9b\u00e9s et enfants\",\"publisher\":{\"@id\":\"https:\/\/www.marelle-bio.com\/fr\/#organization\"},\"potentialAction\":[{\"@type\":\"SearchAction\",\"target\":{\"@type\":\"EntryPoint\",\"urlTemplate\":\"https:\/\/www.marelle-bio.com\/fr\/?s={search_term_string}\"},\"query-input\":\"required name=search_term_string\"}],\"inLanguage\":\"de\"},{\"@type\":\"Organization\",\"@id\":\"https:\/\/www.marelle-bio.com\/fr\/#organization\",\"name\":\"Marelle\",\"url\":\"https:\/\/www.marelle-bio.com\/fr\/\",\"logo\":{\"@type\":\"ImageObject\",\"inLanguage\":\"de\",\"@id\":\"https:\/\/www.marelle-bio.com\/fr\/#\/schema\/logo\/image\/\",\"url\":\"https:\/\/www.marelle-bio.com\/wp-content\/uploads\/2019\/10\/logo.png\",\"contentUrl\":\"https:\/\/www.marelle-bio.com\/wp-content\/uploads\/2019\/10\/logo.png\",\"width\":608,\"height\":295,\"caption\":\"Marelle\"},\"image\":{\"@id\":\"https:\/\/www.marelle-bio.com\/fr\/#\/schema\/logo\/image\/\"},\"sameAs\":[\"https:\/\/www.facebook.com\/marellebio\/\",\"https:\/\/www.instagram.com\/marelle_bio\/\"]}]}<\/script>\n<!-- \/ Yoast SEO plugin. -->","yoast_head_json":{"title":"Hvid x Marelle Geschenkbox &#8226; Marelle","description":"Entdecken Sie unser neues geschenkset in Zusammenarbeit mit der belgischen Marke Hvid, das einen wundersch\u00f6nen Teddy aus Merinowolle","robots":{"index":"index","follow":"follow","max-snippet":"max-snippet:-1","max-image-preview":"max-image-preview:large","max-video-preview":"max-video-preview:-1"},"canonical":"https:\/\/www.marelle-bio.com\/de\/produit\/marelle-hvid-kollab\/","og_locale":"de_DE","og_type":"article","og_title":"Hvid x Marelle Geschenkbox &#8226; Marelle","og_description":"Entdecken Sie unser neues geschenkset in Zusammenarbeit mit der belgischen Marke Hvid, das einen wundersch\u00f6nen Teddy aus Merinowolle","og_url":"https:\/\/www.marelle-bio.com\/de\/produit\/marelle-hvid-kollab\/","og_site_name":"Marelle","article_publisher":"https:\/\/www.facebook.com\/marellebio\/","article_modified_time":"2026-02-13T10:02:01+00:00","og_image":[{"width":996,"height":996,"url":"https:\/\/www.marelle-bio.com\/wp-content\/uploads\/2024\/09\/marelle_soins_bio_bebes_et_enfants_3-1-1.jpg","type":"image\/jpeg"}],"twitter_card":"summary_large_image","schema":{"@context":"https:\/\/schema.org","@graph":[{"@type":"WebPage","@id":"https:\/\/www.marelle-bio.com\/de\/produit\/marelle-hvid-kollab\/","url":"https:\/\/www.marelle-bio.com\/de\/produit\/marelle-hvid-kollab\/","name":"Hvid x Marelle Geschenkbox &#8226; Marelle","isPartOf":{"@id":"https:\/\/www.marelle-bio.com\/fr\/#website"},"datePublished":"2024-09-30T15:31:32+00:00","dateModified":"2026-02-13T10:02:01+00:00","description":"Entdecken Sie unser neues geschenkset in Zusammenarbeit mit der belgischen Marke Hvid, das einen wundersch\u00f6nen Teddy aus Merinowolle","breadcrumb":{"@id":"https:\/\/www.marelle-bio.com\/de\/produit\/marelle-hvid-kollab\/#breadcrumb"},"inLanguage":"de","potentialAction":[{"@type":"ReadAction","target":["https:\/\/www.marelle-bio.com\/de\/produit\/marelle-hvid-kollab\/"]}]},{"@type":"BreadcrumbList","@id":"https:\/\/www.marelle-bio.com\/de\/produit\/marelle-hvid-kollab\/#breadcrumb","itemListElement":[{"@type":"ListItem","position":1,"name":"Accueil","item":"https:\/\/www.marelle-bio.com\/de\/"},{"@type":"ListItem","position":2,"name":"Shop","item":"https:\/\/www.marelle-bio.com\/de\/marelle-hochwertige-hautpflegeprodukte-eshop\/"},{"@type":"ListItem","position":3,"name":"Hvid x Marelle Geschenkbox"}]},{"@type":"WebSite","@id":"https:\/\/www.marelle-bio.com\/fr\/#website","url":"https:\/\/www.marelle-bio.com\/fr\/","name":"Marelle","description":"Soins bio pour b\u00e9b\u00e9s et enfants","publisher":{"@id":"https:\/\/www.marelle-bio.com\/fr\/#organization"},"potentialAction":[{"@type":"SearchAction","target":{"@type":"EntryPoint","urlTemplate":"https:\/\/www.marelle-bio.com\/fr\/?s={search_term_string}"},"query-input":"required name=search_term_string"}],"inLanguage":"de"},{"@type":"Organization","@id":"https:\/\/www.marelle-bio.com\/fr\/#organization","name":"Marelle","url":"https:\/\/www.marelle-bio.com\/fr\/","logo":{"@type":"ImageObject","inLanguage":"de","@id":"https:\/\/www.marelle-bio.com\/fr\/#\/schema\/logo\/image\/","url":"https:\/\/www.marelle-bio.com\/wp-content\/uploads\/2019\/10\/logo.png","contentUrl":"https:\/\/www.marelle-bio.com\/wp-content\/uploads\/2019\/10\/logo.png","width":608,"height":295,"caption":"Marelle"},"image":{"@id":"https:\/\/www.marelle-bio.com\/fr\/#\/schema\/logo\/image\/"},"sameAs":["https:\/\/www.facebook.com\/marellebio\/","https:\/\/www.instagram.com\/marelle_bio\/"]}]}},"_links":{"self":[{"href":"https:\/\/www.marelle-bio.com\/de\/wp-json\/wp\/v2\/product\/83150"}],"collection":[{"href":"https:\/\/www.marelle-bio.com\/de\/wp-json\/wp\/v2\/product"}],"about":[{"href":"https:\/\/www.marelle-bio.com\/de\/wp-json\/wp\/v2\/types\/product"}],"wp:featuredmedia":[{"embeddable":true,"href":"https:\/\/www.marelle-bio.com\/de\/wp-json\/wp\/v2\/media\/84745"}],"wp:attachment":[{"href":"https:\/\/www.marelle-bio.com\/de\/wp-json\/wp\/v2\/media?parent=83150"}],"wp:term":[{"taxonomy":"product_cat","embeddable":true,"href":"https:\/\/www.marelle-bio.com\/de\/wp-json\/wp\/v2\/product_cat?post=83150"}],"curies":[{"name":"wp","href":"https:\/\/api.w.org\/{rel}","templated":true}]}}