{"id":81478,"date":"2020-09-20T10:23:44","date_gmt":"2020-09-20T08:23:44","guid":{"rendered":"https:\/\/www.marelle-bio.com\/produit\/marelle-coffret-cadeau\/"},"modified":"2026-02-13T11:03:45","modified_gmt":"2026-02-13T10:03:45","slug":"marelle-das-geschenkset","status":"publish","type":"product","link":"https:\/\/www.marelle-bio.com\/de\/produit\/marelle-das-geschenkset\/","title":{"rendered":"Das Geschenkset #1"},"content":{"rendered":"","protected":false},"excerpt":{"rendered":"<p><strong>Ultra sanftes Reinigungsgel 500ml + Micellar-Bl\u00fctenwasser + Zarte Feuchtigkeitscreme 100ml <\/strong><\/p>\n<p>Das ideale Geschenk zur Geburt eines Kindes, zum Geburtstag, zu Weihnachten, oder einfach um sich selbst zu verw\u00f6hnen!<\/p>\n<p>Die hochqualitative magnetische Geschenkbox der Marke Marelle ist mit einem grobk\u00f6rnigen Band umwickelt und enth\u00e4lt 3 essentielle Produkte der Marke f\u00fcr eine komplette Sch\u00f6nheitsroutine. Die Produkte werden in einem weichen Beutel aus 100% Bio-K\u00f6perbaumwolle pr\u00e4sentiert.<\/p>\n<ul>\n<li><strong>Ultra-sanftes Reinigungsgel<\/strong> <strong>500ml<\/strong> &#8211; Haare &amp; K\u00f6rper &#8211; Diese Gel-Creme ist bio-zertifiziert und reinigt sanft die empfindliche Haut und das zarte Haar von Babys und Kindern.<\/li>\n<li><strong>Bl\u00fctenmizellenwasser 250ml<\/strong> &#8211; Gesicht &amp; K\u00f6rper &#8211; Dieses unendlich sanfte Bl\u00fctenmizellenwasser aus kontrolliert biologischem Anbau reinigt die zarte Haut von Babys und Kindern, beruhigt sie und macht sie geschmeidig.<\/li>\n<li><strong>Zarte Feuchtigkeitscreme 100ml<\/strong> &#8211; Gesicht &amp; K\u00f6rper &#8211; Aus kontrolliert biologischem Anbau. Diese Feuchtigkeitscreme n\u00e4hrt, beruhigt und sch\u00fctzt die zarte Haut von Babys und Kindern mit ihrer ultrafeinen Textur.<\/li>\n<\/ul>\n","protected":false},"featured_media":64780,"template":"","meta":[],"product_cat":[67],"bundle_layout":"","bundled_by":[],"bundled_items":[],"acf":[],"yoast_head":"<!-- This site is optimized with the Yoast SEO plugin v21.2 - https:\/\/yoast.com\/wordpress\/plugins\/seo\/ -->\n<title>Das Geschenkset #1 &#8226; Marelle<\/title>\n<meta name=\"description\" content=\"Das ideale Geschenk zur Geburt eines Kindes, zum Geburtstag, zu Weihnachten, oder einfach um sich selbst zu verw\u00f6hnen! Die hochqualitative magnetische\" \/>\n<meta name=\"robots\" content=\"index, follow, max-snippet:-1, max-image-preview:large, max-video-preview:-1\" \/>\n<link rel=\"canonical\" href=\"https:\/\/www.marelle-bio.com\/de\/produit\/marelle-das-geschenkset\/\" \/>\n<meta property=\"og:locale\" content=\"de_DE\" \/>\n<meta property=\"og:type\" content=\"article\" \/>\n<meta property=\"og:title\" content=\"Das Geschenkset #1 &#8226; Marelle\" \/>\n<meta property=\"og:description\" content=\"Das ideale Geschenk zur Geburt eines Kindes, zum Geburtstag, zu Weihnachten, oder einfach um sich selbst zu verw\u00f6hnen! Die hochqualitative magnetische\" \/>\n<meta property=\"og:url\" content=\"https:\/\/www.marelle-bio.com\/de\/produit\/marelle-das-geschenkset\/\" \/>\n<meta property=\"og:site_name\" content=\"Marelle\" \/>\n<meta property=\"article:publisher\" content=\"https:\/\/www.facebook.com\/marellebio\/\" \/>\n<meta property=\"article:modified_time\" content=\"2026-02-13T10:03:45+00:00\" \/>\n<meta property=\"og:image\" content=\"https:\/\/www.marelle-bio.com\/wp-content\/uploads\/2020\/09\/Marelle-coffret-1-1-e1677767624555.png\" \/>\n\t<meta property=\"og:image:width\" content=\"1904\" \/>\n\t<meta property=\"og:image:height\" content=\"1904\" \/>\n\t<meta property=\"og:image:type\" content=\"image\/png\" \/>\n<meta name=\"twitter:card\" content=\"summary_large_image\" \/>\n<script type=\"application\/ld+json\" class=\"yoast-schema-graph\">{\"@context\":\"https:\/\/schema.org\",\"@graph\":[{\"@type\":\"WebPage\",\"@id\":\"https:\/\/www.marelle-bio.com\/de\/produit\/marelle-das-geschenkset\/\",\"url\":\"https:\/\/www.marelle-bio.com\/de\/produit\/marelle-das-geschenkset\/\",\"name\":\"Das Geschenkset #1 &#8226; Marelle\",\"isPartOf\":{\"@id\":\"https:\/\/www.marelle-bio.com\/fr\/#website\"},\"datePublished\":\"2020-09-20T08:23:44+00:00\",\"dateModified\":\"2026-02-13T10:03:45+00:00\",\"description\":\"Das ideale Geschenk zur Geburt eines Kindes, zum Geburtstag, zu Weihnachten, oder einfach um sich selbst zu verw\u00f6hnen! Die hochqualitative magnetische\",\"breadcrumb\":{\"@id\":\"https:\/\/www.marelle-bio.com\/de\/produit\/marelle-das-geschenkset\/#breadcrumb\"},\"inLanguage\":\"de\",\"potentialAction\":[{\"@type\":\"ReadAction\",\"target\":[\"https:\/\/www.marelle-bio.com\/de\/produit\/marelle-das-geschenkset\/\"]}]},{\"@type\":\"BreadcrumbList\",\"@id\":\"https:\/\/www.marelle-bio.com\/de\/produit\/marelle-das-geschenkset\/#breadcrumb\",\"itemListElement\":[{\"@type\":\"ListItem\",\"position\":1,\"name\":\"Accueil\",\"item\":\"https:\/\/www.marelle-bio.com\/de\/\"},{\"@type\":\"ListItem\",\"position\":2,\"name\":\"Shop\",\"item\":\"https:\/\/www.marelle-bio.com\/de\/marelle-hochwertige-hautpflegeprodukte-eshop\/\"},{\"@type\":\"ListItem\",\"position\":3,\"name\":\"Das Geschenkset #1\"}]},{\"@type\":\"WebSite\",\"@id\":\"https:\/\/www.marelle-bio.com\/fr\/#website\",\"url\":\"https:\/\/www.marelle-bio.com\/fr\/\",\"name\":\"Marelle\",\"description\":\"Soins bio pour b\u00e9b\u00e9s et enfants\",\"publisher\":{\"@id\":\"https:\/\/www.marelle-bio.com\/fr\/#organization\"},\"potentialAction\":[{\"@type\":\"SearchAction\",\"target\":{\"@type\":\"EntryPoint\",\"urlTemplate\":\"https:\/\/www.marelle-bio.com\/fr\/?s={search_term_string}\"},\"query-input\":\"required name=search_term_string\"}],\"inLanguage\":\"de\"},{\"@type\":\"Organization\",\"@id\":\"https:\/\/www.marelle-bio.com\/fr\/#organization\",\"name\":\"Marelle\",\"url\":\"https:\/\/www.marelle-bio.com\/fr\/\",\"logo\":{\"@type\":\"ImageObject\",\"inLanguage\":\"de\",\"@id\":\"https:\/\/www.marelle-bio.com\/fr\/#\/schema\/logo\/image\/\",\"url\":\"https:\/\/www.marelle-bio.com\/wp-content\/uploads\/2019\/10\/logo.png\",\"contentUrl\":\"https:\/\/www.marelle-bio.com\/wp-content\/uploads\/2019\/10\/logo.png\",\"width\":608,\"height\":295,\"caption\":\"Marelle\"},\"image\":{\"@id\":\"https:\/\/www.marelle-bio.com\/fr\/#\/schema\/logo\/image\/\"},\"sameAs\":[\"https:\/\/www.facebook.com\/marellebio\/\",\"https:\/\/www.instagram.com\/marelle_bio\/\"]}]}<\/script>\n<!-- \/ Yoast SEO plugin. -->","yoast_head_json":{"title":"Das Geschenkset #1 &#8226; Marelle","description":"Das ideale Geschenk zur Geburt eines Kindes, zum Geburtstag, zu Weihnachten, oder einfach um sich selbst zu verw\u00f6hnen! Die hochqualitative magnetische","robots":{"index":"index","follow":"follow","max-snippet":"max-snippet:-1","max-image-preview":"max-image-preview:large","max-video-preview":"max-video-preview:-1"},"canonical":"https:\/\/www.marelle-bio.com\/de\/produit\/marelle-das-geschenkset\/","og_locale":"de_DE","og_type":"article","og_title":"Das Geschenkset #1 &#8226; Marelle","og_description":"Das ideale Geschenk zur Geburt eines Kindes, zum Geburtstag, zu Weihnachten, oder einfach um sich selbst zu verw\u00f6hnen! Die hochqualitative magnetische","og_url":"https:\/\/www.marelle-bio.com\/de\/produit\/marelle-das-geschenkset\/","og_site_name":"Marelle","article_publisher":"https:\/\/www.facebook.com\/marellebio\/","article_modified_time":"2026-02-13T10:03:45+00:00","og_image":[{"width":1904,"height":1904,"url":"https:\/\/www.marelle-bio.com\/wp-content\/uploads\/2020\/09\/Marelle-coffret-1-1-e1677767624555.png","type":"image\/png"}],"twitter_card":"summary_large_image","schema":{"@context":"https:\/\/schema.org","@graph":[{"@type":"WebPage","@id":"https:\/\/www.marelle-bio.com\/de\/produit\/marelle-das-geschenkset\/","url":"https:\/\/www.marelle-bio.com\/de\/produit\/marelle-das-geschenkset\/","name":"Das Geschenkset #1 &#8226; Marelle","isPartOf":{"@id":"https:\/\/www.marelle-bio.com\/fr\/#website"},"datePublished":"2020-09-20T08:23:44+00:00","dateModified":"2026-02-13T10:03:45+00:00","description":"Das ideale Geschenk zur Geburt eines Kindes, zum Geburtstag, zu Weihnachten, oder einfach um sich selbst zu verw\u00f6hnen! Die hochqualitative magnetische","breadcrumb":{"@id":"https:\/\/www.marelle-bio.com\/de\/produit\/marelle-das-geschenkset\/#breadcrumb"},"inLanguage":"de","potentialAction":[{"@type":"ReadAction","target":["https:\/\/www.marelle-bio.com\/de\/produit\/marelle-das-geschenkset\/"]}]},{"@type":"BreadcrumbList","@id":"https:\/\/www.marelle-bio.com\/de\/produit\/marelle-das-geschenkset\/#breadcrumb","itemListElement":[{"@type":"ListItem","position":1,"name":"Accueil","item":"https:\/\/www.marelle-bio.com\/de\/"},{"@type":"ListItem","position":2,"name":"Shop","item":"https:\/\/www.marelle-bio.com\/de\/marelle-hochwertige-hautpflegeprodukte-eshop\/"},{"@type":"ListItem","position":3,"name":"Das Geschenkset #1"}]},{"@type":"WebSite","@id":"https:\/\/www.marelle-bio.com\/fr\/#website","url":"https:\/\/www.marelle-bio.com\/fr\/","name":"Marelle","description":"Soins bio pour b\u00e9b\u00e9s et enfants","publisher":{"@id":"https:\/\/www.marelle-bio.com\/fr\/#organization"},"potentialAction":[{"@type":"SearchAction","target":{"@type":"EntryPoint","urlTemplate":"https:\/\/www.marelle-bio.com\/fr\/?s={search_term_string}"},"query-input":"required name=search_term_string"}],"inLanguage":"de"},{"@type":"Organization","@id":"https:\/\/www.marelle-bio.com\/fr\/#organization","name":"Marelle","url":"https:\/\/www.marelle-bio.com\/fr\/","logo":{"@type":"ImageObject","inLanguage":"de","@id":"https:\/\/www.marelle-bio.com\/fr\/#\/schema\/logo\/image\/","url":"https:\/\/www.marelle-bio.com\/wp-content\/uploads\/2019\/10\/logo.png","contentUrl":"https:\/\/www.marelle-bio.com\/wp-content\/uploads\/2019\/10\/logo.png","width":608,"height":295,"caption":"Marelle"},"image":{"@id":"https:\/\/www.marelle-bio.com\/fr\/#\/schema\/logo\/image\/"},"sameAs":["https:\/\/www.facebook.com\/marellebio\/","https:\/\/www.instagram.com\/marelle_bio\/"]}]}},"_links":{"self":[{"href":"https:\/\/www.marelle-bio.com\/de\/wp-json\/wp\/v2\/product\/81478"}],"collection":[{"href":"https:\/\/www.marelle-bio.com\/de\/wp-json\/wp\/v2\/product"}],"about":[{"href":"https:\/\/www.marelle-bio.com\/de\/wp-json\/wp\/v2\/types\/product"}],"wp:featuredmedia":[{"embeddable":true,"href":"https:\/\/www.marelle-bio.com\/de\/wp-json\/wp\/v2\/media\/64780"}],"wp:attachment":[{"href":"https:\/\/www.marelle-bio.com\/de\/wp-json\/wp\/v2\/media?parent=81478"}],"wp:term":[{"taxonomy":"product_cat","embeddable":true,"href":"https:\/\/www.marelle-bio.com\/de\/wp-json\/wp\/v2\/product_cat?post=81478"}],"curies":[{"name":"wp","href":"https:\/\/api.w.org\/{rel}","templated":true}]}}