{"id":81466,"date":"2022-05-05T16:58:45","date_gmt":"2022-05-05T14:58:45","guid":{"rendered":"https:\/\/www.marelle-bio.com\/produit\/marelle-dry-oil\/"},"modified":"2026-02-13T11:03:16","modified_gmt":"2026-02-13T10:03:16","slug":"marelle-trockenoel","status":"publish","type":"product","link":"https:\/\/www.marelle-bio.com\/de\/produit\/marelle-trockenoel\/","title":{"rendered":"Trocken\u00f6l"},"content":{"rendered":"","protected":false},"excerpt":{"rendered":"<p><strong>mit biologischen Pflanzen\u00f6len<\/strong><br \/>\n<strong>K\u00f6rper &amp; Bad &amp; Massage<\/strong><\/p>\n<p>Dieses 100% nat\u00fcrliche Mehrzweck-Trocken\u00f6l aus kontrolliert biologischem Anbau n\u00e4hrt und beruhigt die empfindliche Haut von Babys und Kindern, ohne einen fettigen Effekt zu hinterlassen.<\/p>\n<p>Bestehend aus 5 hochreinen \u00d6len (Sonnenblumen\u00f6l, S\u00fc\u00dfmandel\u00f6l, Jojoba\u00f6l, Weizenkeim\u00f6l und Kamelien\u00f6l), kann dieses Produkt verwendet werden um Haut und Haar zu n\u00e4hren, das Badewasser weich zu machen oder w\u00e4hrend einer Massage f\u00fcr einen Moment der Entspannung.<\/p>\n","protected":false},"featured_media":81470,"template":"","meta":[],"product_cat":[80],"bundle_layout":"","bundled_by":["81484"],"bundled_items":[],"acf":[],"yoast_head":"<!-- This site is optimized with the Yoast SEO plugin v21.2 - https:\/\/yoast.com\/wordpress\/plugins\/seo\/ -->\n<title>Trocken\u00f6l &#8226; Marelle<\/title>\n<meta name=\"description\" content=\"Dieses 100% nat\u00fcrliche Mehrzweck-Trocken\u00f6l aus kontrolliert biologischem Anbau n\u00e4hrt und beruhigt die empfindliche Haut von Babys und Kindern.\" \/>\n<meta name=\"robots\" content=\"index, follow, max-snippet:-1, max-image-preview:large, max-video-preview:-1\" \/>\n<link rel=\"canonical\" href=\"https:\/\/www.marelle-bio.com\/de\/produit\/marelle-trockenoel\/\" \/>\n<meta property=\"og:locale\" content=\"de_DE\" \/>\n<meta property=\"og:type\" content=\"article\" \/>\n<meta property=\"og:title\" content=\"Trocken\u00f6l &#8226; Marelle\" \/>\n<meta property=\"og:description\" content=\"Dieses 100% nat\u00fcrliche Mehrzweck-Trocken\u00f6l aus kontrolliert biologischem Anbau n\u00e4hrt und beruhigt die empfindliche Haut von Babys und Kindern.\" \/>\n<meta property=\"og:url\" content=\"https:\/\/www.marelle-bio.com\/de\/produit\/marelle-trockenoel\/\" \/>\n<meta property=\"og:site_name\" content=\"Marelle\" \/>\n<meta property=\"article:publisher\" content=\"https:\/\/www.facebook.com\/marellebio\/\" \/>\n<meta property=\"article:modified_time\" content=\"2026-02-13T10:03:16+00:00\" \/>\n<meta property=\"og:image\" content=\"https:\/\/www.marelle-bio.com\/wp-content\/uploads\/2022\/05\/marelle-huile-seche.png\" \/>\n\t<meta property=\"og:image:width\" content=\"1797\" \/>\n\t<meta property=\"og:image:height\" content=\"1797\" \/>\n\t<meta property=\"og:image:type\" content=\"image\/png\" \/>\n<meta name=\"twitter:card\" content=\"summary_large_image\" \/>\n<script type=\"application\/ld+json\" class=\"yoast-schema-graph\">{\"@context\":\"https:\/\/schema.org\",\"@graph\":[{\"@type\":\"WebPage\",\"@id\":\"https:\/\/www.marelle-bio.com\/de\/produit\/marelle-trockenoel\/\",\"url\":\"https:\/\/www.marelle-bio.com\/de\/produit\/marelle-trockenoel\/\",\"name\":\"Trocken\u00f6l &#8226; Marelle\",\"isPartOf\":{\"@id\":\"https:\/\/www.marelle-bio.com\/fr\/#website\"},\"datePublished\":\"2022-05-05T14:58:45+00:00\",\"dateModified\":\"2026-02-13T10:03:16+00:00\",\"description\":\"Dieses 100% nat\u00fcrliche Mehrzweck-Trocken\u00f6l aus kontrolliert biologischem Anbau n\u00e4hrt und beruhigt die empfindliche Haut von Babys und Kindern.\",\"breadcrumb\":{\"@id\":\"https:\/\/www.marelle-bio.com\/de\/produit\/marelle-trockenoel\/#breadcrumb\"},\"inLanguage\":\"de\",\"potentialAction\":[{\"@type\":\"ReadAction\",\"target\":[\"https:\/\/www.marelle-bio.com\/de\/produit\/marelle-trockenoel\/\"]}]},{\"@type\":\"BreadcrumbList\",\"@id\":\"https:\/\/www.marelle-bio.com\/de\/produit\/marelle-trockenoel\/#breadcrumb\",\"itemListElement\":[{\"@type\":\"ListItem\",\"position\":1,\"name\":\"Accueil\",\"item\":\"https:\/\/www.marelle-bio.com\/de\/\"},{\"@type\":\"ListItem\",\"position\":2,\"name\":\"Shop\",\"item\":\"https:\/\/www.marelle-bio.com\/de\/marelle-hochwertige-hautpflegeprodukte-eshop\/\"},{\"@type\":\"ListItem\",\"position\":3,\"name\":\"Trocken\u00f6l\"}]},{\"@type\":\"WebSite\",\"@id\":\"https:\/\/www.marelle-bio.com\/fr\/#website\",\"url\":\"https:\/\/www.marelle-bio.com\/fr\/\",\"name\":\"Marelle\",\"description\":\"Soins bio pour b\u00e9b\u00e9s et enfants\",\"publisher\":{\"@id\":\"https:\/\/www.marelle-bio.com\/fr\/#organization\"},\"potentialAction\":[{\"@type\":\"SearchAction\",\"target\":{\"@type\":\"EntryPoint\",\"urlTemplate\":\"https:\/\/www.marelle-bio.com\/fr\/?s={search_term_string}\"},\"query-input\":\"required name=search_term_string\"}],\"inLanguage\":\"de\"},{\"@type\":\"Organization\",\"@id\":\"https:\/\/www.marelle-bio.com\/fr\/#organization\",\"name\":\"Marelle\",\"url\":\"https:\/\/www.marelle-bio.com\/fr\/\",\"logo\":{\"@type\":\"ImageObject\",\"inLanguage\":\"de\",\"@id\":\"https:\/\/www.marelle-bio.com\/fr\/#\/schema\/logo\/image\/\",\"url\":\"https:\/\/www.marelle-bio.com\/wp-content\/uploads\/2019\/10\/logo.png\",\"contentUrl\":\"https:\/\/www.marelle-bio.com\/wp-content\/uploads\/2019\/10\/logo.png\",\"width\":608,\"height\":295,\"caption\":\"Marelle\"},\"image\":{\"@id\":\"https:\/\/www.marelle-bio.com\/fr\/#\/schema\/logo\/image\/\"},\"sameAs\":[\"https:\/\/www.facebook.com\/marellebio\/\",\"https:\/\/www.instagram.com\/marelle_bio\/\"]}]}<\/script>\n<!-- \/ Yoast SEO plugin. -->","yoast_head_json":{"title":"Trocken\u00f6l &#8226; Marelle","description":"Dieses 100% nat\u00fcrliche Mehrzweck-Trocken\u00f6l aus kontrolliert biologischem Anbau n\u00e4hrt und beruhigt die empfindliche Haut von Babys und Kindern.","robots":{"index":"index","follow":"follow","max-snippet":"max-snippet:-1","max-image-preview":"max-image-preview:large","max-video-preview":"max-video-preview:-1"},"canonical":"https:\/\/www.marelle-bio.com\/de\/produit\/marelle-trockenoel\/","og_locale":"de_DE","og_type":"article","og_title":"Trocken\u00f6l &#8226; Marelle","og_description":"Dieses 100% nat\u00fcrliche Mehrzweck-Trocken\u00f6l aus kontrolliert biologischem Anbau n\u00e4hrt und beruhigt die empfindliche Haut von Babys und Kindern.","og_url":"https:\/\/www.marelle-bio.com\/de\/produit\/marelle-trockenoel\/","og_site_name":"Marelle","article_publisher":"https:\/\/www.facebook.com\/marellebio\/","article_modified_time":"2026-02-13T10:03:16+00:00","og_image":[{"width":1797,"height":1797,"url":"https:\/\/www.marelle-bio.com\/wp-content\/uploads\/2022\/05\/marelle-huile-seche.png","type":"image\/png"}],"twitter_card":"summary_large_image","schema":{"@context":"https:\/\/schema.org","@graph":[{"@type":"WebPage","@id":"https:\/\/www.marelle-bio.com\/de\/produit\/marelle-trockenoel\/","url":"https:\/\/www.marelle-bio.com\/de\/produit\/marelle-trockenoel\/","name":"Trocken\u00f6l &#8226; Marelle","isPartOf":{"@id":"https:\/\/www.marelle-bio.com\/fr\/#website"},"datePublished":"2022-05-05T14:58:45+00:00","dateModified":"2026-02-13T10:03:16+00:00","description":"Dieses 100% nat\u00fcrliche Mehrzweck-Trocken\u00f6l aus kontrolliert biologischem Anbau n\u00e4hrt und beruhigt die empfindliche Haut von Babys und Kindern.","breadcrumb":{"@id":"https:\/\/www.marelle-bio.com\/de\/produit\/marelle-trockenoel\/#breadcrumb"},"inLanguage":"de","potentialAction":[{"@type":"ReadAction","target":["https:\/\/www.marelle-bio.com\/de\/produit\/marelle-trockenoel\/"]}]},{"@type":"BreadcrumbList","@id":"https:\/\/www.marelle-bio.com\/de\/produit\/marelle-trockenoel\/#breadcrumb","itemListElement":[{"@type":"ListItem","position":1,"name":"Accueil","item":"https:\/\/www.marelle-bio.com\/de\/"},{"@type":"ListItem","position":2,"name":"Shop","item":"https:\/\/www.marelle-bio.com\/de\/marelle-hochwertige-hautpflegeprodukte-eshop\/"},{"@type":"ListItem","position":3,"name":"Trocken\u00f6l"}]},{"@type":"WebSite","@id":"https:\/\/www.marelle-bio.com\/fr\/#website","url":"https:\/\/www.marelle-bio.com\/fr\/","name":"Marelle","description":"Soins bio pour b\u00e9b\u00e9s et enfants","publisher":{"@id":"https:\/\/www.marelle-bio.com\/fr\/#organization"},"potentialAction":[{"@type":"SearchAction","target":{"@type":"EntryPoint","urlTemplate":"https:\/\/www.marelle-bio.com\/fr\/?s={search_term_string}"},"query-input":"required name=search_term_string"}],"inLanguage":"de"},{"@type":"Organization","@id":"https:\/\/www.marelle-bio.com\/fr\/#organization","name":"Marelle","url":"https:\/\/www.marelle-bio.com\/fr\/","logo":{"@type":"ImageObject","inLanguage":"de","@id":"https:\/\/www.marelle-bio.com\/fr\/#\/schema\/logo\/image\/","url":"https:\/\/www.marelle-bio.com\/wp-content\/uploads\/2019\/10\/logo.png","contentUrl":"https:\/\/www.marelle-bio.com\/wp-content\/uploads\/2019\/10\/logo.png","width":608,"height":295,"caption":"Marelle"},"image":{"@id":"https:\/\/www.marelle-bio.com\/fr\/#\/schema\/logo\/image\/"},"sameAs":["https:\/\/www.facebook.com\/marellebio\/","https:\/\/www.instagram.com\/marelle_bio\/"]}]}},"_links":{"self":[{"href":"https:\/\/www.marelle-bio.com\/de\/wp-json\/wp\/v2\/product\/81466"}],"collection":[{"href":"https:\/\/www.marelle-bio.com\/de\/wp-json\/wp\/v2\/product"}],"about":[{"href":"https:\/\/www.marelle-bio.com\/de\/wp-json\/wp\/v2\/types\/product"}],"wp:featuredmedia":[{"embeddable":true,"href":"https:\/\/www.marelle-bio.com\/de\/wp-json\/wp\/v2\/media\/81470"}],"wp:attachment":[{"href":"https:\/\/www.marelle-bio.com\/de\/wp-json\/wp\/v2\/media?parent=81466"}],"wp:term":[{"taxonomy":"product_cat","embeddable":true,"href":"https:\/\/www.marelle-bio.com\/de\/wp-json\/wp\/v2\/product_cat?post=81466"}],"curies":[{"name":"wp","href":"https:\/\/api.w.org\/{rel}","templated":true}]}}