{"id":67123,"date":"2019-09-24T12:19:20","date_gmt":"2023-10-10T13:31:27","guid":{"rendered":"https:\/\/www.marelle-bio.com\/?post_type=product&#038;p=67123"},"modified":"2026-02-13T11:05:15","modified_gmt":"2026-02-13T10:05:15","slug":"ultra-sanftes-reinigungsgel","status":"publish","type":"product","link":"https:\/\/www.marelle-bio.com\/de\/produit\/ultra-sanftes-reinigungsgel\/","title":{"rendered":"Ultra sanftes Reinigungsgel"},"content":{"rendered":"","protected":false},"excerpt":{"rendered":"<p><strong>Edelwei\u00dfbl\u00fcten und s\u00fc\u00dfe Mandelmilch<\/strong><br \/>\n<strong>Haare &amp; K\u00f6rper<\/strong><\/p>\n<p>Dieses bio-zertifizierte Creme-Gel reinigt sanft die empfindliche Haut und das zarte Haar von Babys und Kindern.<\/p>\n<p>Die Formel enth\u00e4lt Edelwei\u00dfbl\u00fctenextracte, die in den Schweizer Alpen biologisch angebaut werden und sch\u00fctzende und weichmachende Eigenschaften haben, sowie feuchtigkeitsspendende s\u00fc\u00dfe Bio-Mandelmilch.<\/p>\n","protected":false},"featured_media":67125,"template":"","meta":[],"product_cat":[80],"bundle_layout":"","bundled_by":["81484","82070"],"bundled_items":[],"acf":[],"yoast_head":"<!-- This site is optimized with the Yoast SEO plugin v21.2 - https:\/\/yoast.com\/wordpress\/plugins\/seo\/ -->\n<title>Ultra sanftes Reinigungsgel &#8226; Marelle<\/title>\n<meta name=\"description\" content=\"Dieses bio-zertifizierte Creme-Gel reinigt sanft die empfindliche Haut und das zarte Haar von Babys und Kindern. Die Formel enth\u00e4lt Edelwei\u00dfbl\u00fctenextracte\" \/>\n<meta name=\"robots\" content=\"index, follow, max-snippet:-1, max-image-preview:large, max-video-preview:-1\" \/>\n<link rel=\"canonical\" href=\"https:\/\/www.marelle-bio.com\/de\/produit\/ultra-sanftes-reinigungsgel\/\" \/>\n<meta property=\"og:locale\" content=\"de_DE\" \/>\n<meta property=\"og:type\" content=\"article\" \/>\n<meta property=\"og:title\" content=\"Ultra sanftes Reinigungsgel &#8226; Marelle\" \/>\n<meta property=\"og:description\" content=\"Dieses bio-zertifizierte Creme-Gel reinigt sanft die empfindliche Haut und das zarte Haar von Babys und Kindern. Die Formel enth\u00e4lt Edelwei\u00dfbl\u00fctenextracte\" \/>\n<meta property=\"og:url\" content=\"https:\/\/www.marelle-bio.com\/de\/produit\/ultra-sanftes-reinigungsgel\/\" \/>\n<meta property=\"og:site_name\" content=\"Marelle\" \/>\n<meta property=\"article:publisher\" content=\"https:\/\/www.facebook.com\/marellebio\/\" \/>\n<meta property=\"article:modified_time\" content=\"2026-02-13T10:05:15+00:00\" \/>\n<meta property=\"og:image\" content=\"https:\/\/www.marelle-bio.com\/wp-content\/uploads\/2019\/09\/Marelle-soins-bio-pour-b\u00e9b\u00e9s-et-enfants-Gel-nettoyant-tout-doux-e1623944390487.png\" \/>\n\t<meta property=\"og:image:width\" content=\"1061\" \/>\n\t<meta property=\"og:image:height\" content=\"1061\" \/>\n\t<meta property=\"og:image:type\" content=\"image\/png\" \/>\n<meta name=\"twitter:card\" content=\"summary_large_image\" \/>\n<script type=\"application\/ld+json\" class=\"yoast-schema-graph\">{\"@context\":\"https:\/\/schema.org\",\"@graph\":[{\"@type\":\"WebPage\",\"@id\":\"https:\/\/www.marelle-bio.com\/de\/produit\/ultra-sanftes-reinigungsgel\/\",\"url\":\"https:\/\/www.marelle-bio.com\/de\/produit\/ultra-sanftes-reinigungsgel\/\",\"name\":\"Ultra sanftes Reinigungsgel &#8226; Marelle\",\"isPartOf\":{\"@id\":\"https:\/\/www.marelle-bio.com\/fr\/#website\"},\"datePublished\":\"2023-10-10T13:31:27+00:00\",\"dateModified\":\"2026-02-13T10:05:15+00:00\",\"description\":\"Dieses bio-zertifizierte Creme-Gel reinigt sanft die empfindliche Haut und das zarte Haar von Babys und Kindern. Die Formel enth\u00e4lt Edelwei\u00dfbl\u00fctenextracte\",\"breadcrumb\":{\"@id\":\"https:\/\/www.marelle-bio.com\/de\/produit\/ultra-sanftes-reinigungsgel\/#breadcrumb\"},\"inLanguage\":\"de\",\"potentialAction\":[{\"@type\":\"ReadAction\",\"target\":[\"https:\/\/www.marelle-bio.com\/de\/produit\/ultra-sanftes-reinigungsgel\/\"]}]},{\"@type\":\"BreadcrumbList\",\"@id\":\"https:\/\/www.marelle-bio.com\/de\/produit\/ultra-sanftes-reinigungsgel\/#breadcrumb\",\"itemListElement\":[{\"@type\":\"ListItem\",\"position\":1,\"name\":\"Accueil\",\"item\":\"https:\/\/www.marelle-bio.com\/de\/\"},{\"@type\":\"ListItem\",\"position\":2,\"name\":\"Shop\",\"item\":\"https:\/\/www.marelle-bio.com\/de\/marelle-hochwertige-hautpflegeprodukte-eshop\/\"},{\"@type\":\"ListItem\",\"position\":3,\"name\":\"Ultra sanftes Reinigungsgel\"}]},{\"@type\":\"WebSite\",\"@id\":\"https:\/\/www.marelle-bio.com\/fr\/#website\",\"url\":\"https:\/\/www.marelle-bio.com\/fr\/\",\"name\":\"Marelle\",\"description\":\"Soins bio pour b\u00e9b\u00e9s et enfants\",\"publisher\":{\"@id\":\"https:\/\/www.marelle-bio.com\/fr\/#organization\"},\"potentialAction\":[{\"@type\":\"SearchAction\",\"target\":{\"@type\":\"EntryPoint\",\"urlTemplate\":\"https:\/\/www.marelle-bio.com\/fr\/?s={search_term_string}\"},\"query-input\":\"required name=search_term_string\"}],\"inLanguage\":\"de\"},{\"@type\":\"Organization\",\"@id\":\"https:\/\/www.marelle-bio.com\/fr\/#organization\",\"name\":\"Marelle\",\"url\":\"https:\/\/www.marelle-bio.com\/fr\/\",\"logo\":{\"@type\":\"ImageObject\",\"inLanguage\":\"de\",\"@id\":\"https:\/\/www.marelle-bio.com\/fr\/#\/schema\/logo\/image\/\",\"url\":\"https:\/\/www.marelle-bio.com\/wp-content\/uploads\/2019\/10\/logo.png\",\"contentUrl\":\"https:\/\/www.marelle-bio.com\/wp-content\/uploads\/2019\/10\/logo.png\",\"width\":608,\"height\":295,\"caption\":\"Marelle\"},\"image\":{\"@id\":\"https:\/\/www.marelle-bio.com\/fr\/#\/schema\/logo\/image\/\"},\"sameAs\":[\"https:\/\/www.facebook.com\/marellebio\/\",\"https:\/\/www.instagram.com\/marelle_bio\/\"]}]}<\/script>\n<!-- \/ Yoast SEO plugin. -->","yoast_head_json":{"title":"Ultra sanftes Reinigungsgel &#8226; Marelle","description":"Dieses bio-zertifizierte Creme-Gel reinigt sanft die empfindliche Haut und das zarte Haar von Babys und Kindern. Die Formel enth\u00e4lt Edelwei\u00dfbl\u00fctenextracte","robots":{"index":"index","follow":"follow","max-snippet":"max-snippet:-1","max-image-preview":"max-image-preview:large","max-video-preview":"max-video-preview:-1"},"canonical":"https:\/\/www.marelle-bio.com\/de\/produit\/ultra-sanftes-reinigungsgel\/","og_locale":"de_DE","og_type":"article","og_title":"Ultra sanftes Reinigungsgel &#8226; Marelle","og_description":"Dieses bio-zertifizierte Creme-Gel reinigt sanft die empfindliche Haut und das zarte Haar von Babys und Kindern. Die Formel enth\u00e4lt Edelwei\u00dfbl\u00fctenextracte","og_url":"https:\/\/www.marelle-bio.com\/de\/produit\/ultra-sanftes-reinigungsgel\/","og_site_name":"Marelle","article_publisher":"https:\/\/www.facebook.com\/marellebio\/","article_modified_time":"2026-02-13T10:05:15+00:00","og_image":[{"width":1061,"height":1061,"url":"https:\/\/www.marelle-bio.com\/wp-content\/uploads\/2019\/09\/Marelle-soins-bio-pour-b\u00e9b\u00e9s-et-enfants-Gel-nettoyant-tout-doux-e1623944390487.png","type":"image\/png"}],"twitter_card":"summary_large_image","schema":{"@context":"https:\/\/schema.org","@graph":[{"@type":"WebPage","@id":"https:\/\/www.marelle-bio.com\/de\/produit\/ultra-sanftes-reinigungsgel\/","url":"https:\/\/www.marelle-bio.com\/de\/produit\/ultra-sanftes-reinigungsgel\/","name":"Ultra sanftes Reinigungsgel &#8226; Marelle","isPartOf":{"@id":"https:\/\/www.marelle-bio.com\/fr\/#website"},"datePublished":"2023-10-10T13:31:27+00:00","dateModified":"2026-02-13T10:05:15+00:00","description":"Dieses bio-zertifizierte Creme-Gel reinigt sanft die empfindliche Haut und das zarte Haar von Babys und Kindern. Die Formel enth\u00e4lt Edelwei\u00dfbl\u00fctenextracte","breadcrumb":{"@id":"https:\/\/www.marelle-bio.com\/de\/produit\/ultra-sanftes-reinigungsgel\/#breadcrumb"},"inLanguage":"de","potentialAction":[{"@type":"ReadAction","target":["https:\/\/www.marelle-bio.com\/de\/produit\/ultra-sanftes-reinigungsgel\/"]}]},{"@type":"BreadcrumbList","@id":"https:\/\/www.marelle-bio.com\/de\/produit\/ultra-sanftes-reinigungsgel\/#breadcrumb","itemListElement":[{"@type":"ListItem","position":1,"name":"Accueil","item":"https:\/\/www.marelle-bio.com\/de\/"},{"@type":"ListItem","position":2,"name":"Shop","item":"https:\/\/www.marelle-bio.com\/de\/marelle-hochwertige-hautpflegeprodukte-eshop\/"},{"@type":"ListItem","position":3,"name":"Ultra sanftes Reinigungsgel"}]},{"@type":"WebSite","@id":"https:\/\/www.marelle-bio.com\/fr\/#website","url":"https:\/\/www.marelle-bio.com\/fr\/","name":"Marelle","description":"Soins bio pour b\u00e9b\u00e9s et enfants","publisher":{"@id":"https:\/\/www.marelle-bio.com\/fr\/#organization"},"potentialAction":[{"@type":"SearchAction","target":{"@type":"EntryPoint","urlTemplate":"https:\/\/www.marelle-bio.com\/fr\/?s={search_term_string}"},"query-input":"required name=search_term_string"}],"inLanguage":"de"},{"@type":"Organization","@id":"https:\/\/www.marelle-bio.com\/fr\/#organization","name":"Marelle","url":"https:\/\/www.marelle-bio.com\/fr\/","logo":{"@type":"ImageObject","inLanguage":"de","@id":"https:\/\/www.marelle-bio.com\/fr\/#\/schema\/logo\/image\/","url":"https:\/\/www.marelle-bio.com\/wp-content\/uploads\/2019\/10\/logo.png","contentUrl":"https:\/\/www.marelle-bio.com\/wp-content\/uploads\/2019\/10\/logo.png","width":608,"height":295,"caption":"Marelle"},"image":{"@id":"https:\/\/www.marelle-bio.com\/fr\/#\/schema\/logo\/image\/"},"sameAs":["https:\/\/www.facebook.com\/marellebio\/","https:\/\/www.instagram.com\/marelle_bio\/"]}]}},"_links":{"self":[{"href":"https:\/\/www.marelle-bio.com\/de\/wp-json\/wp\/v2\/product\/67123"}],"collection":[{"href":"https:\/\/www.marelle-bio.com\/de\/wp-json\/wp\/v2\/product"}],"about":[{"href":"https:\/\/www.marelle-bio.com\/de\/wp-json\/wp\/v2\/types\/product"}],"wp:featuredmedia":[{"embeddable":true,"href":"https:\/\/www.marelle-bio.com\/de\/wp-json\/wp\/v2\/media\/67125"}],"wp:attachment":[{"href":"https:\/\/www.marelle-bio.com\/de\/wp-json\/wp\/v2\/media?parent=67123"}],"wp:term":[{"taxonomy":"product_cat","embeddable":true,"href":"https:\/\/www.marelle-bio.com\/de\/wp-json\/wp\/v2\/product_cat?post=67123"}],"curies":[{"name":"wp","href":"https:\/\/api.w.org\/{rel}","templated":true}]}}