{"id":81263,"date":"2019-10-10T19:05:38","date_gmt":"2019-10-10T17:05:38","guid":{"rendered":"https:\/\/www.marelle-bio.com\/legal-notice\/"},"modified":"2023-10-02T14:53:20","modified_gmt":"2023-10-02T12:53:20","slug":"legal-notice","status":"publish","type":"page","link":"https:\/\/www.marelle-bio.com\/de\/legal-notice\/","title":{"rendered":"Benutzungsbedingungen"},"content":{"rendered":"\n<p class=\"has-text-align-center\">Willkommen auf unserer Website&nbsp;<a href=\"http:\/\/www.marelle-bio.com\/\">www.marelle-bio.com<\/a>. <\/p>\n\n\n\n<p class=\"has-text-align-center\">Wir danken Ihnen f\u00fcr Ihren Besuch.<\/p>\n\n\n\n<h2 class=\"wp-block-heading\">Rechtliche Erw\u00e4hnungen<\/h2>\n\n\n\n<p>Marelle Cosm\u00e9tiques S\u00e0rl, mit einem Kapital von CHF 20&#8217;000, ist ein Unternehmen, das im Bereich der Kosmetik t\u00e4tig ist. Das Unternehmen ist im Schweizer Handelsregister wie folgt eingetragen:<\/p>\n\n\n\n<p>Marelle Cosm\u00e9tiques S\u00e0rl<\/p>\n\n\n\n<p>Gesch\u00e4ftssitz: route de Gland 2, 1268 Begnins, Schweiz<\/p>\n\n\n\n<p>Handelsregisternummer: CHE-483.969.432<\/p>\n\n\n\n<p>Registre du Commerce du Canton de Vaud<\/p>\n\n\n\n<p>Mehrwertsteuer-Nr.: CHE-483.969.432<\/p>\n\n\n\n<p>Verlagsleiter: Vanessa Toublanc<\/p>\n\n\n\n<p>Marelle ist eine beim IGE-IPI (Eidgen\u00f6ssisches Institut f\u00fcr Geistiges Eigentum) und beim EUIPO (Amt der Europ\u00e4ischen Union f\u00fcr geistiges Eigentum) eingetragene Marke. Die gesamte Website ist das ausschlie\u00dfliche Eigentum von Marelle Cosm\u00e9tiques. Ohne die vorherige schriftliche Zustimmung von Marelle Cosm\u00e9tiques darf keine Reproduktion oder Darstellung erfolgen.<\/p>\n\n\n\n<p>Entwicklung, Beratung und E-Commerce-Unterst\u00fctzung durch Prismatic &#8211; joffrey@prismatic.digital.<\/p>\n\n\n\n<p>Gehostet von Alwaysdata &#8211; 91 rue du Faubourg Saint Honor\u00e9 75008 Paris, Frankreich &#8211; Tel: +33 1 84 16 23 40.<\/p>\n\n\n\n<p>Wenn Sie weitere Fragen haben, kontaktieren Sie uns bitte unter contact@marelle-bio.com.<\/p>\n\n\n\n<p><\/p>\n\n\n\n<h2 class=\"wp-block-heading\">Verwaltung pers\u00f6nlicher Daten<\/h2>\n\n\n\n<p>Der Kunde wird \u00fcber die Vorschriften zur Marketingkommunikation, die Allgemeine Datenschutzverordnung (RGPD: n\u00b0 2016-679), informiert.<\/p>\n\n\n\n<h3 class=\"wp-block-heading\"><strong>1. <\/strong>F\u00fcr die Erhebung personenbezogener Daten zust\u00e4ndige Personen<\/h3>\n\n\n\n<p>F\u00fcr die personenbezogenen Daten, die im Zusammenhang mit der Erstellung des pers\u00f6nlichen Kontos des Benutzers und dem Surfen auf der Website erhoben werden, ist die f\u00fcr die Verarbeitung der personenbezogenen Daten verantwortliche Partei: Marelle Cosm\u00e9tiques. https:\/\/www.marelle-bio.com wird vertreten durch Vanessa Toublanc, ihre gesetzliche Vertreterin.<\/p>\n\n\n\n<p>Als Verantwortlicher f\u00fcr die Verarbeitung der gesammelten Daten verpflichtet sich https:\/\/www.marelle-bio.com, die geltenden gesetzlichen Bestimmungen einzuhalten. Insbesondere obliegt es dem Kunden, die Zwecke seiner Datenverarbeitungsvorg\u00e4nge festzulegen, seine Interessenten und Kunden vollst\u00e4ndig \u00fcber die Verarbeitung ihrer personenbezogenen Daten zu informieren und ein korrektes Datenverarbeitungsregister zu f\u00fchren. Wann immer https:\/\/www.marelle-bio.com personenbezogene Daten verarbeitet, unternimmt https:\/\/www.marelle-bio.com alle angemessenen Schritte, um sicherzustellen, dass die personenbezogenen Daten korrekt und f\u00fcr die Zwecke, f\u00fcr die https:\/\/www.marelle-bio.com sie verarbeitet, relevant sind.<\/p>\n\n\n\n<h3 class=\"wp-block-heading\"><strong>2.<\/strong> Zweck der erhobenen Daten<\/h3>\n\n\n\n<p>https:\/\/www.marelle-bio.com kann einige oder alle der folgenden Daten verarbeiten:<\/p>\n\n\n\n<p>um das Surfen auf der Website sowie die Verwaltung und R\u00fcckverfolgbarkeit der vom Nutzer bestellten Dienstleistungen zu erm\u00f6glichen: Verbindungs- und Nutzungsdaten der Website, Rechnungsstellung, Bestellhistorie usw.<\/p>\n\n\n\n<p>zur Vorbeugung und Bek\u00e4mpfung von Computerbetrug (Spamming, Hacking usw.): f\u00fcr das Surfen verwendete Hardware, IP-Adresse, Passwort (gehasht) usw.<\/p>\n\n\n\n<p>zur Verbesserung der Navigation auf der Website: Verbindungs- und Nutzungsdaten<\/p>\n\n\n\n<p>zur Durchf\u00fchrung von fakultativen Zufriedenheitsumfragen auf https:\/\/www.marelle-bio.com: E-Mail Adresse<\/p>\n\n\n\n<p>f\u00fcr die Durchf\u00fchrung von Kommunikationskampagnen (SMS, E-Mail): Telefonnummer, E-Mail Adresse.<\/p>\n\n\n\n<p>https:\/\/www.marelle-bio.com verkauft Ihre pers\u00f6nlichen Daten nicht; sie werden ausschlie\u00dflich f\u00fcr statistische und analytische Zwecke verwendet.<\/p>\n\n\n\n<h3 class=\"wp-block-heading\"><strong>3. <\/strong>Recht auf Auskunft, Berichtigung und Widerspruch<\/h3>\n\n\n\n<p>Gem\u00e4\u00df den geltenden europ\u00e4ischen Vorschriften haben die Nutzer von https:\/\/www.marelle-bio.com folgende Rechte:<\/p>\n\n\n\n<p>Recht auf Auskunft (Art. 15 RGPD) und Berichtigung (Art. 16 RGPD), Aktualisierung, Vollst\u00e4ndigkeit der Daten des Nutzers Recht auf Sperrung oder L\u00f6schung der personenbezogenen Daten des Nutzers (Art. 17 RGPD), wenn diese unrichtig, unvollst\u00e4ndig, zweideutig oder veraltet sind oder deren Erhebung, Nutzung, \u00dcbermittlung oder Speicherung untersagt ist<\/p>\n\n\n\n<p>das Recht, die Einwilligung jederzeit zu widerrufen (Artikel 13-2c RGPD)<\/p>\n\n\n\n<p>das Recht, die Verarbeitung der Daten der Nutzer einzuschr\u00e4nken (Artikel 18 RGPD)<\/p>\n\n\n\n<p>Recht auf Widerspruch gegen die Verarbeitung der Daten der Nutzer (Artikel 21 DSGVO)<\/p>\n\n\n\n<p>das Recht auf \u00dcbertragbarkeit der von den Nutzern zur Verf\u00fcgung gestellten Daten, wenn diese Daten einer automatisierten Verarbeitung auf der Grundlage ihrer Einwilligung oder eines Vertrags unterliegen (Artikel 20 RGPD)<\/p>\n\n\n\n<p>das Recht, den Verbleib der Daten des Nutzers nach dessen Tod zu bestimmen und zu w\u00e4hlen, an wen https:\/\/www.marelle-bio.com seine Daten weitergeben soll (oder nicht), an einen Dritten, den er zuvor bestimmt hat.<\/p>\n\n\n\n<p>Sobald https:\/\/www.marelle-bio.com vom Tod eines Nutzers erf\u00e4hrt, verpflichtet sich https:\/\/www.marelle-bio.com, die Daten des Nutzers zu vernichten, es sei denn, sie m\u00fcssen zu Beweiszwecken oder zur Erf\u00fcllung einer gesetzlichen Verpflichtung aufbewahrt werden.<\/p>\n\n\n\n<p>Wenn der Nutzer wissen m\u00f6chte, wie https:\/\/www.marelle-bio.com seine personenbezogenen Daten verwendet, um deren Berichtigung bittet oder der Verarbeitung widerspricht, kann er sich schriftlich an folgende Adresse wenden: https:\/\/www.marelle-bio.com:<\/p>\n\n\n\n<p>Marelle Cosm\u00e9tiques S\u00e0rl<br>Route de Gland 2, 1268 Begnins, Schweiz.<\/p>\n\n\n\n<p>In diesem Fall muss der Nutzer angeben, welche pers\u00f6nlichen Daten er https:\/\/www.marelle-bio.com korrigieren, aktualisieren oder l\u00f6schen lassen m\u00f6chte, und sich mit einer Kopie eines Ausweises (Personalausweis oder Reisepass) genau identifizieren.<\/p>\n\n\n\n<p>Antr\u00e4ge auf L\u00f6schung von personenbezogenen Daten unterliegen den Verpflichtungen, die https:\/\/www.marelle-bio.com gesetzlich auferlegt sind, insbesondere in Bezug auf die Aufbewahrung oder Archivierung von Dokumenten. Schlie\u00dflich k\u00f6nnen die Nutzer von https:\/\/www.marelle-bio.com eine Beschwerde bei den Aufsichtsbeh\u00f6rden einreichen.<\/p>\n\n\n\n<h3 class=\"wp-block-heading\"><strong>4. <\/strong>Nichtweitergabe von personenbezogenen Daten<\/h3>\n\n\n\n<p>https:\/\/www.marelle-bio.com verzichtet auf die Verarbeitung, das Hosting oder die \u00dcbermittlung von Informationen, die \u00fcber seine Kunden gesammelt wurden, in ein Land au\u00dferhalb der Europ\u00e4ischen Union oder in ein Land, das von der Europ\u00e4ischen Kommission als &#8220;nicht angemessen&#8221; eingestuft wurde, ohne den Kunden im Voraus dar\u00fcber zu informieren. In all diesen F\u00e4llen steht es https:\/\/www.marelle-bio.com frei, seine technischen und kommerziellen Unterauftragnehmer zu w\u00e4hlen, sofern diese ausreichende Garantien in Bezug auf die Anforderungen der Allgemeinen Datenschutzverordnung (GDPR: Nr. 2016-679) bieten.<\/p>\n\n\n\n<p>https:\/\/www.marelle-bio.com verpflichtet sich, alle notwendigen Vorkehrungen zu treffen, um die Sicherheit der Informationen zu gew\u00e4hrleisten und insbesondere sicherzustellen, dass sie nicht an Unbefugte weitergegeben werden. Wird https:\/\/www.marelle-bio.com jedoch ein Vorfall zur Kenntnis gebracht, der die Integrit\u00e4t oder Vertraulichkeit der Informationen des Kunden beeintr\u00e4chtigt, muss https:\/\/www.marelle-bio.com den Kunden so schnell wie m\u00f6glich informieren und ihn \u00fcber die getroffenen Abhilfema\u00dfnahmen unterrichten. https:\/\/www.marelle-bio.com sammelt keine &#8220;sensiblen Daten&#8221;.<\/p>\n\n\n\n<p>Die personenbezogenen Daten des Nutzers k\u00f6nnen von den Tochtergesellschaften und Unterauftragnehmern (Dienstleistern) von https:\/\/www.marelle-bio.com verarbeitet werden, und zwar ausschlie\u00dflich, um die Zwecke der vorliegenden Richtlinie zu erf\u00fcllen.<\/p>\n\n\n\n<p>Im Rahmen ihrer jeweiligen Zust\u00e4ndigkeiten und zu den oben beschriebenen Zwecken haben vor allem unsere Kundendienstmitarbeiter Zugang zu den Nutzerdaten von https:\/\/www.marelle-bio.com.<\/p>\n\n\n\n<h3 class=\"wp-block-heading\"><strong>5. <\/strong>Meldung eines Vorfalls<\/h3>\n\n\n\n<p>Trotz unserer Bem\u00fchungen ist keine Methode der \u00dcbertragung \u00fcber das Internet und keine Methode der elektronischen Speicherung v\u00f6llig sicher. Wir k\u00f6nnen daher keine absolute Sicherheit garantieren. Sollten wir von einem Sicherheitsversto\u00df Kenntnis erhalten, werden wir die betroffenen Nutzer benachrichtigen, damit sie geeignete Ma\u00dfnahmen ergreifen k\u00f6nnen. Unsere Verfahren zur Meldung von Vorf\u00e4llen ber\u00fccksichtigen unsere rechtlichen Verpflichtungen auf nationaler oder europ\u00e4ischer Ebene. Wir verpflichten uns, unsere Kunden \u00fcber alle Angelegenheiten, die die Sicherheit ihres Kontos betreffen, umfassend zu informieren und ihnen alle notwendigen Informationen zur Verf\u00fcgung zu stellen, um sie bei der Erf\u00fcllung ihrer eigenen gesetzlichen Meldepflichten zu unterst\u00fctzen.<\/p>\n\n\n\n<p>Keine pers\u00f6nlichen Daten der Nutzer der Website https:\/\/www.marelle-bio.com werden ohne deren Wissen ver\u00f6ffentlicht, ausgetauscht, \u00fcbertragen, abgetreten oder \u00fcber irgendein Medium an Dritte verkauft. Nur die \u00dcbernahme des R\u00fcckkaufs von https:\/\/www.marelle-bio.com und seiner Rechte w\u00fcrde die \u00dcbermittlung der besagten Informationen an den eventuellen Erwerber erm\u00f6glichen, der seinerseits an die gleiche Verpflichtung zur Aufbewahrung und \u00c4nderung der Daten in Bezug auf den Nutzer der Website https:\/\/www.marelle-bio.com gebunden w\u00e4re.<\/p>\n\n\n\n<h3 class=\"wp-block-heading\">6. Sicherheit<\/h3>\n\n\n\n<p>Um die Sicherheit und Vertraulichkeit der pers\u00f6nlichen Daten und der pers\u00f6nlichen Gesundheitsdaten zu gew\u00e4hrleisten, verwendet https:\/\/www.marelle-bio.com Netzwerke, die durch Standardvorrichtungen wie Firewalls, Pseudonymisierung, Verschl\u00fcsselung und Passw\u00f6rter gesch\u00fctzt sind.<\/p>\n\n\n\n<p>Bei der Verarbeitung personenbezogener Daten ergreift https:\/\/www.marelle-bio.comprend alle angemessenen Ma\u00dfnahmen, um sie vor Verlust, Missbrauch, unbefugtem Zugriff, Offenlegung, \u00c4nderung oder Zerst\u00f6rung zu sch\u00fctzen.<\/p>\n\n\n\n<h3 class=\"wp-block-heading\"><strong>7. <\/strong>Hypertext-Links, Cookies und Internet-Tags<\/h3>\n\n\n\n<p>Die Website https:\/\/www.marelle-bio.com enth\u00e4lt eine Reihe von Hyperlinks zu anderen Websites, die mit Genehmigung von https:\/\/www.marelle-bio.com eingerichtet wurden. https:\/\/www.marelle-bio.com ist jedoch nicht in der Lage, den Inhalt der auf diese Weise besuchten Seiten zu \u00fcberpr\u00fcfen und \u00fcbernimmt daher keine Verantwortung daf\u00fcr. Sofern Sie sich nicht entscheiden, Cookies zu deaktivieren, akzeptieren Sie, dass die Website diese verwenden kann. Sie k\u00f6nnen diese Cookies jederzeit kostenlos deaktivieren, indem Sie die unten aufgef\u00fchrten Deaktivierungsoptionen nutzen, obwohl dies den Zugang zu allen oder einem Teil der von der Website angebotenen Dienste einschr\u00e4nken oder verhindern kann.<\/p>\n\n\n\n<p>Ein &#8220;Cookie&#8221; ist eine kleine Datendatei, die an den Browser des Nutzers gesendet und auf dem Endger\u00e4t des Nutzers (z. B. Computer, Smartphone) gespeichert wird (im Folgenden &#8220;Cookies&#8221;). Diese Datei enth\u00e4lt Informationen wie den Dom\u00e4nennamen des Nutzers, den Internetdienstanbieter des Nutzers, das Betriebssystem des Nutzers sowie das Datum und die Uhrzeit des Zugriffs. Cookies sind in keiner Weise geeignet, das Endger\u00e4t des Benutzers zu besch\u00e4digen.<\/p>\n\n\n\n<p>https:\/\/www.marelle-bio.com kann Informationen \u00fcber den Besuch des Benutzers auf der Website, wie z.B. aufgerufene Seiten und durchgef\u00fchrte Suchen, verarbeiten. Diese Informationen erm\u00f6glichen es https:\/\/www.marelle-bio.com, den Inhalt der Website und das Surferlebnis des Benutzers zu verbessern.<\/p>\n\n\n\n<p>Da Cookies das Surfen und\/oder die Bereitstellung der von der Website angebotenen Dienste erleichtern, kann der Nutzer seinen Browser so konfigurieren, dass er entscheiden kann, ob er sie annimmt oder nicht, so dass die Cookies im Terminal gespeichert werden oder im Gegenteil, entweder systematisch oder je nach Absender abgelehnt werden. Der Nutzer kann seinen Browser auch so konfigurieren, dass die Annahme oder Ablehnung von Cookies von Zeit zu Zeit vorgeschlagen wird, bevor ein Cookie in seinem Endger\u00e4t gespeichert wird. https:\/\/www.marelle-bio.com informiert den Nutzer dar\u00fcber, dass in diesem Fall m\u00f6glicherweise nicht alle Funktionen seines Browsers zur Verf\u00fcgung stehen werden.<\/p>\n\n\n\n<p>Wenn der Nutzer die Speicherung von Cookies auf seinem Endger\u00e4t oder Browser ablehnt oder wenn der Nutzer die auf seinem Endger\u00e4t oder Browser gespeicherten Cookies l\u00f6scht, wird der Nutzer dar\u00fcber informiert, dass sein Surfen und seine Erfahrung auf der Website eingeschr\u00e4nkt sein k\u00f6nnen. Dies kann auch der Fall sein, wenn https:\/\/www.marelle-bio.com oder einer seiner Dienstleister aus Gr\u00fcnden der technischen Kompatibilit\u00e4t den vom Endger\u00e4t verwendeten Browsertyp, die Sprach- und Anzeigeeinstellungen oder das Land, von dem aus das Endger\u00e4t mit dem Internet verbunden zu sein scheint, nicht erkennen kann.<\/p>\n\n\n\n<p>Gegebenenfalls lehnt https:\/\/www.marelle-bio.com jede Verantwortung f\u00fcr die Folgen ab, die sich aus der Beeintr\u00e4chtigung der Funktionsweise der Website und der von https:\/\/www.marelle-bio.com angebotenen Dienste ergeben, wenn (i) der Benutzer die Cookies ablehnt oder (ii) https:\/\/www.marelle-bio.com aufgrund der Wahl des Benutzers nicht in der Lage ist, die f\u00fcr den Betrieb der Website erforderlichen Cookies zu speichern oder einzusehen. F\u00fcr die Verwaltung von Cookies und die Wahl des Benutzers ist die Konfiguration jedes Browsers unterschiedlich. Dies wird im Hilfemen\u00fc des Browsers beschrieben, das angibt, wie der Nutzer seine W\u00fcnsche in Bezug auf Cookies \u00e4ndern kann.<\/p>\n\n\n\n<p>Der Nutzer hat jederzeit die M\u00f6glichkeit, seine W\u00fcnsche in Bezug auf Cookies zu \u00e4u\u00dfern und zu \u00e4ndern. https:\/\/www.marelle-bio.com kann auch die Dienste von externen Dienstleistern in Anspruch nehmen, um die in diesem Abschnitt beschriebenen Informationen zu sammeln und zu verarbeiten.<\/p>\n\n\n\n<p>Schlie\u00dflich k\u00f6nnen Twitter, Facebook, Linkedin und Google Plus durch Anklicken der Symbole der sozialen Netzwerke Twitter, Facebook, Linkedin und Google Plus, die auf der Website https:\/\/www.marelle-bio.com oder in der mobilen Anwendung erscheinen, Cookies auf Ihren Endger\u00e4ten (Computer, Tablet, Mobiltelefon) ablegen, wenn der Nutzer durch weiteres Navigieren auf der Website https:\/\/www.marelle-bio.com oder der mobilen Anwendung die Hinterlegung von Cookies akzeptiert hat.<\/p>\n\n\n\n<p>Diese Arten von Cookies werden nur dann auf Ihren Endger\u00e4ten hinterlegt, wenn Sie ihnen zustimmen, indem Sie auf der Website https:\/\/www.marelle-bio.com oder der mobilen Anwendung weitersurfen. Der Nutzer kann jedoch jederzeit seine Zustimmung zur Hinterlegung dieser Art von Cookies auf https:\/\/www.marelle-bio.com widerrufen.<\/p>\n\n\n\n<p><strong>Article 9.2. INTERNET-TAGS<\/strong><\/p>\n\n\n\n<p>https:\/\/www.marelle-bio.com kann gelegentlich Internet-Tags (auch bekannt als Action Tags, Single-Pixel-GIFs, Clear GIFs, Invisible GIFs und One-to-One GIFs) verwenden und diese \u00fcber einen spezialisierten Webanalysepartner einsetzen, der sich m\u00f6glicherweise im Ausland befindet (und daher damit verbundene Informationen, einschlie\u00dflich der IP-Adresse des Nutzers, speichert).<\/p>\n\n\n\n<p>Diese Beacons werden sowohl in den Online-Anzeigen, die den Internetnutzern den Zugang zur Website erm\u00f6glichen, als auch auf den verschiedenen Seiten der Website platziert.<\/p>\n\n\n\n<p>Diese Technologie erm\u00f6glicht es https:\/\/www.marelle-bio.com, die Reaktionen der Besucher auf die Website und die Wirksamkeit ihrer Aktionen (z. B. die Anzahl der Seitenaufrufe und der abgerufenen Informationen) sowie die Nutzung der Website durch den Benutzer zu bewerten.<\/p>\n\n\n\n<p>Der externe Dienstleister kann mit Hilfe dieser Tags Informationen \u00fcber die Besucher der Website und anderer Internetseiten sammeln, Berichte \u00fcber die Aktivit\u00e4ten auf der Website f\u00fcr https:\/\/www.marelle-bio.com erstellen und andere Dienstleistungen im Zusammenhang mit der Nutzung der Website und des Internets erbringen.<\/p>\n","protected":false},"excerpt":{"rendered":"<p>Willkommen auf unserer Website&nbsp;www.marelle-bio.com. Wir danken Ihnen f\u00fcr Ihren Besuch. Rechtliche Erw\u00e4hnungen Marelle Cosm\u00e9tiques S\u00e0rl, mit einem Kapital von CHF 20&#8217;000, ist ein Unternehmen, das (&#8230;)<\/p>\n","protected":false},"author":1,"featured_media":0,"parent":0,"menu_order":0,"comment_status":"closed","ping_status":"closed","template":"template-basic-content.php","meta":{"footnotes":""},"acf":[],"yoast_head":"<!-- This site is optimized with the Yoast SEO plugin v21.2 - https:\/\/yoast.com\/wordpress\/plugins\/seo\/ -->\n<title>Benutzungsbedingungen &#8226; Marelle<\/title>\n<meta name=\"robots\" content=\"index, follow, max-snippet:-1, max-image-preview:large, max-video-preview:-1\" \/>\n<link rel=\"canonical\" href=\"https:\/\/www.marelle-bio.com\/fr\/mentions-legales\/\" \/>\n<meta property=\"og:locale\" content=\"de_DE\" \/>\n<meta property=\"og:type\" content=\"article\" \/>\n<meta property=\"og:title\" content=\"Benutzungsbedingungen &#8226; Marelle\" \/>\n<meta property=\"og:description\" content=\"Willkommen auf unserer Website&nbsp;www.marelle-bio.com. Wir danken Ihnen f\u00fcr Ihren Besuch. Rechtliche Erw\u00e4hnungen Marelle Cosm\u00e9tiques S\u00e0rl, mit einem Kapital von CHF 20&#8217;000, ist ein Unternehmen, das (...)\" \/>\n<meta property=\"og:url\" content=\"https:\/\/www.marelle-bio.com\/fr\/mentions-legales\/\" \/>\n<meta property=\"og:site_name\" content=\"Marelle\" \/>\n<meta property=\"article:publisher\" content=\"https:\/\/www.facebook.com\/marellebio\/\" \/>\n<meta property=\"article:modified_time\" content=\"2023-10-02T12:53:20+00:00\" \/>\n<meta property=\"og:image\" content=\"https:\/\/www.marelle-bio.com\/wp-content\/uploads\/2022\/09\/Marelle-soins-bio-pour-bebes-et-enfants-11-1024x683.jpg\" \/>\n\t<meta property=\"og:image:width\" content=\"1024\" \/>\n\t<meta property=\"og:image:height\" content=\"683\" \/>\n\t<meta property=\"og:image:type\" content=\"image\/jpeg\" \/>\n<meta name=\"twitter:card\" content=\"summary_large_image\" \/>\n<meta name=\"twitter:label1\" content=\"Gesch\u00e4tzte Lesezeit\" \/>\n\t<meta name=\"twitter:data1\" content=\"10\u00a0Minuten\" \/>\n<script type=\"application\/ld+json\" class=\"yoast-schema-graph\">{\"@context\":\"https:\/\/schema.org\",\"@graph\":[{\"@type\":\"WebPage\",\"@id\":\"https:\/\/www.marelle-bio.com\/fr\/mentions-legales\/\",\"url\":\"https:\/\/www.marelle-bio.com\/fr\/mentions-legales\/\",\"name\":\"Benutzungsbedingungen &#8226; Marelle\",\"isPartOf\":{\"@id\":\"https:\/\/www.marelle-bio.com\/fr\/#website\"},\"datePublished\":\"2019-10-10T17:05:38+00:00\",\"dateModified\":\"2023-10-02T12:53:20+00:00\",\"breadcrumb\":{\"@id\":\"https:\/\/www.marelle-bio.com\/fr\/mentions-legales\/#breadcrumb\"},\"inLanguage\":\"de\",\"potentialAction\":[{\"@type\":\"ReadAction\",\"target\":[\"https:\/\/www.marelle-bio.com\/fr\/mentions-legales\/\"]}]},{\"@type\":\"BreadcrumbList\",\"@id\":\"https:\/\/www.marelle-bio.com\/fr\/mentions-legales\/#breadcrumb\",\"itemListElement\":[{\"@type\":\"ListItem\",\"position\":1,\"name\":\"Accueil\",\"item\":\"https:\/\/www.marelle-bio.com\/de\/\"},{\"@type\":\"ListItem\",\"position\":2,\"name\":\"Benutzungsbedingungen\"}]},{\"@type\":\"WebSite\",\"@id\":\"https:\/\/www.marelle-bio.com\/fr\/#website\",\"url\":\"https:\/\/www.marelle-bio.com\/fr\/\",\"name\":\"Marelle\",\"description\":\"Soins bio pour b\u00e9b\u00e9s et enfants\",\"publisher\":{\"@id\":\"https:\/\/www.marelle-bio.com\/fr\/#organization\"},\"potentialAction\":[{\"@type\":\"SearchAction\",\"target\":{\"@type\":\"EntryPoint\",\"urlTemplate\":\"https:\/\/www.marelle-bio.com\/fr\/?s={search_term_string}\"},\"query-input\":\"required name=search_term_string\"}],\"inLanguage\":\"de\"},{\"@type\":\"Organization\",\"@id\":\"https:\/\/www.marelle-bio.com\/fr\/#organization\",\"name\":\"Marelle\",\"url\":\"https:\/\/www.marelle-bio.com\/fr\/\",\"logo\":{\"@type\":\"ImageObject\",\"inLanguage\":\"de\",\"@id\":\"https:\/\/www.marelle-bio.com\/fr\/#\/schema\/logo\/image\/\",\"url\":\"https:\/\/www.marelle-bio.com\/wp-content\/uploads\/2019\/10\/logo.png\",\"contentUrl\":\"https:\/\/www.marelle-bio.com\/wp-content\/uploads\/2019\/10\/logo.png\",\"width\":608,\"height\":295,\"caption\":\"Marelle\"},\"image\":{\"@id\":\"https:\/\/www.marelle-bio.com\/fr\/#\/schema\/logo\/image\/\"},\"sameAs\":[\"https:\/\/www.facebook.com\/marellebio\/\",\"https:\/\/www.instagram.com\/marelle_bio\/\"]}]}<\/script>\n<!-- \/ Yoast SEO plugin. -->","yoast_head_json":{"title":"Benutzungsbedingungen &#8226; Marelle","robots":{"index":"index","follow":"follow","max-snippet":"max-snippet:-1","max-image-preview":"max-image-preview:large","max-video-preview":"max-video-preview:-1"},"canonical":"https:\/\/www.marelle-bio.com\/fr\/mentions-legales\/","og_locale":"de_DE","og_type":"article","og_title":"Benutzungsbedingungen &#8226; Marelle","og_description":"Willkommen auf unserer Website&nbsp;www.marelle-bio.com. Wir danken Ihnen f\u00fcr Ihren Besuch. Rechtliche Erw\u00e4hnungen Marelle Cosm\u00e9tiques S\u00e0rl, mit einem Kapital von CHF 20&#8217;000, ist ein Unternehmen, das (...)","og_url":"https:\/\/www.marelle-bio.com\/fr\/mentions-legales\/","og_site_name":"Marelle","article_publisher":"https:\/\/www.facebook.com\/marellebio\/","article_modified_time":"2023-10-02T12:53:20+00:00","og_image":[{"width":1024,"height":683,"url":"https:\/\/www.marelle-bio.com\/wp-content\/uploads\/2022\/09\/Marelle-soins-bio-pour-bebes-et-enfants-11-1024x683.jpg","type":"image\/jpeg"}],"twitter_card":"summary_large_image","twitter_misc":{"Gesch\u00e4tzte Lesezeit":"10\u00a0Minuten"},"schema":{"@context":"https:\/\/schema.org","@graph":[{"@type":"WebPage","@id":"https:\/\/www.marelle-bio.com\/fr\/mentions-legales\/","url":"https:\/\/www.marelle-bio.com\/fr\/mentions-legales\/","name":"Benutzungsbedingungen &#8226; Marelle","isPartOf":{"@id":"https:\/\/www.marelle-bio.com\/fr\/#website"},"datePublished":"2019-10-10T17:05:38+00:00","dateModified":"2023-10-02T12:53:20+00:00","breadcrumb":{"@id":"https:\/\/www.marelle-bio.com\/fr\/mentions-legales\/#breadcrumb"},"inLanguage":"de","potentialAction":[{"@type":"ReadAction","target":["https:\/\/www.marelle-bio.com\/fr\/mentions-legales\/"]}]},{"@type":"BreadcrumbList","@id":"https:\/\/www.marelle-bio.com\/fr\/mentions-legales\/#breadcrumb","itemListElement":[{"@type":"ListItem","position":1,"name":"Accueil","item":"https:\/\/www.marelle-bio.com\/de\/"},{"@type":"ListItem","position":2,"name":"Benutzungsbedingungen"}]},{"@type":"WebSite","@id":"https:\/\/www.marelle-bio.com\/fr\/#website","url":"https:\/\/www.marelle-bio.com\/fr\/","name":"Marelle","description":"Soins bio pour b\u00e9b\u00e9s et enfants","publisher":{"@id":"https:\/\/www.marelle-bio.com\/fr\/#organization"},"potentialAction":[{"@type":"SearchAction","target":{"@type":"EntryPoint","urlTemplate":"https:\/\/www.marelle-bio.com\/fr\/?s={search_term_string}"},"query-input":"required name=search_term_string"}],"inLanguage":"de"},{"@type":"Organization","@id":"https:\/\/www.marelle-bio.com\/fr\/#organization","name":"Marelle","url":"https:\/\/www.marelle-bio.com\/fr\/","logo":{"@type":"ImageObject","inLanguage":"de","@id":"https:\/\/www.marelle-bio.com\/fr\/#\/schema\/logo\/image\/","url":"https:\/\/www.marelle-bio.com\/wp-content\/uploads\/2019\/10\/logo.png","contentUrl":"https:\/\/www.marelle-bio.com\/wp-content\/uploads\/2019\/10\/logo.png","width":608,"height":295,"caption":"Marelle"},"image":{"@id":"https:\/\/www.marelle-bio.com\/fr\/#\/schema\/logo\/image\/"},"sameAs":["https:\/\/www.facebook.com\/marellebio\/","https:\/\/www.instagram.com\/marelle_bio\/"]}]}},"_links":{"self":[{"href":"https:\/\/www.marelle-bio.com\/de\/wp-json\/wp\/v2\/pages\/81263"}],"collection":[{"href":"https:\/\/www.marelle-bio.com\/de\/wp-json\/wp\/v2\/pages"}],"about":[{"href":"https:\/\/www.marelle-bio.com\/de\/wp-json\/wp\/v2\/types\/page"}],"author":[{"embeddable":true,"href":"https:\/\/www.marelle-bio.com\/de\/wp-json\/wp\/v2\/users\/1"}],"replies":[{"embeddable":true,"href":"https:\/\/www.marelle-bio.com\/de\/wp-json\/wp\/v2\/comments?post=81263"}],"version-history":[{"count":16,"href":"https:\/\/www.marelle-bio.com\/de\/wp-json\/wp\/v2\/pages\/81263\/revisions"}],"predecessor-version":[{"id":81350,"href":"https:\/\/www.marelle-bio.com\/de\/wp-json\/wp\/v2\/pages\/81263\/revisions\/81350"}],"wp:attachment":[{"href":"https:\/\/www.marelle-bio.com\/de\/wp-json\/wp\/v2\/media?parent=81263"}],"curies":[{"name":"wp","href":"https:\/\/api.w.org\/{rel}","templated":true}]}}