{"id":81254,"date":"2019-10-29T11:48:17","date_gmt":"2019-10-29T10:48:17","guid":{"rendered":"https:\/\/www.marelle-bio.com\/swiss-made\/"},"modified":"2023-10-16T17:14:52","modified_gmt":"2023-10-16T15:14:52","slug":"swiss-made","status":"publish","type":"page","link":"https:\/\/www.marelle-bio.com\/de\/swiss-made\/","title":{"rendered":"Hergestellt in der Schweiz"},"content":{"rendered":"<section class=\"wrap pic first-pic\">\n\n      <figure class=\"rellax\" style=\"background-image:url(https:\/\/www.marelle-bio.com\/wp-content\/uploads\/2023\/03\/Marelle-soins-bio-bebes-et-enfants-suisse-655x800.jpeg);\">\n      <img loading=\"lazy\" width=\"655\" height=\"800\" src=\"https:\/\/www.marelle-bio.com\/wp-content\/uploads\/2023\/03\/Marelle-soins-bio-bebes-et-enfants-suisse-655x800.jpeg\" class=\"attachment-medium size-medium\" alt=\"Marelle soins bio b\u00e9b\u00e9s et enfants Suisse\" decoding=\"async\" srcset=\"https:\/\/www.marelle-bio.com\/wp-content\/uploads\/2023\/03\/Marelle-soins-bio-bebes-et-enfants-suisse-655x800.jpeg 655w, https:\/\/www.marelle-bio.com\/wp-content\/uploads\/2023\/03\/Marelle-soins-bio-bebes-et-enfants-suisse-600x732.jpeg 600w, https:\/\/www.marelle-bio.com\/wp-content\/uploads\/2023\/03\/Marelle-soins-bio-bebes-et-enfants-suisse-768x937.jpeg 768w, https:\/\/www.marelle-bio.com\/wp-content\/uploads\/2023\/03\/Marelle-soins-bio-bebes-et-enfants-suisse-300x366.jpeg 300w, https:\/\/www.marelle-bio.com\/wp-content\/uploads\/2023\/03\/Marelle-soins-bio-bebes-et-enfants-suisse.jpeg 802w\" sizes=\"(max-width: 655px) 100vw, 655px\" \/>    <\/figure>\n    \n  <div class=\"text\">\n    <h2>Hergestellt in der Schweiz<\/h2>\n<p>Die Produkte von Marelle entstehen in einer einmalig sch\u00f6nen und reinen Umgebung.<\/p>\n<p>Die Produkte werden in einem Schweizer Kosmetiklabor hergestellt, das auf den H\u00f6hen des Genfer Sees mit Blick auf die Alpen liegt.<\/p>\n  <\/div>\n\n<\/section>\n\n\n<section class=\"wrap pic right landscape first-pic\">\n\n      <figure class=\"rellax\" style=\"background-image:url(https:\/\/www.marelle-bio.com\/wp-content\/uploads\/2020\/01\/marelle-soins-bio-bebes-et-enfants-bio-et-responsable-2-800x534.jpg);\">\n      <img loading=\"lazy\" width=\"800\" height=\"534\" src=\"https:\/\/www.marelle-bio.com\/wp-content\/uploads\/2020\/01\/marelle-soins-bio-bebes-et-enfants-bio-et-responsable-2-800x534.jpg\" class=\"attachment-medium size-medium\" alt=\"Marelle soins bio b\u00e9b\u00e9s et enfants bio et responsable\" decoding=\"async\" srcset=\"https:\/\/www.marelle-bio.com\/wp-content\/uploads\/2020\/01\/marelle-soins-bio-bebes-et-enfants-bio-et-responsable-2-800x534.jpg 800w, https:\/\/www.marelle-bio.com\/wp-content\/uploads\/2020\/01\/marelle-soins-bio-bebes-et-enfants-bio-et-responsable-2-1024x683.jpg 1024w, https:\/\/www.marelle-bio.com\/wp-content\/uploads\/2020\/01\/marelle-soins-bio-bebes-et-enfants-bio-et-responsable-2-768x513.jpg 768w, https:\/\/www.marelle-bio.com\/wp-content\/uploads\/2020\/01\/marelle-soins-bio-bebes-et-enfants-bio-et-responsable-2-300x200.jpg 300w, https:\/\/www.marelle-bio.com\/wp-content\/uploads\/2020\/01\/marelle-soins-bio-bebes-et-enfants-bio-et-responsable-2-600x400.jpg 600w, https:\/\/www.marelle-bio.com\/wp-content\/uploads\/2020\/01\/marelle-soins-bio-bebes-et-enfants-bio-et-responsable-2.jpg 1500w\" sizes=\"(max-width: 800px) 100vw, 800px\" \/>    <\/figure>\n    \n  <div class=\"text\">\n    <h2>Das Labor<\/h2>\n<p>Das Labor ist ein anerkanntes Kompetenzzentrum f\u00fcr die Forschung und Innovation von biokosmetischen Produkten. Es h\u00e4lt sich an die strengsten Sicherheitsprotokolle und -standards, um Produkte von au\u00dfergew\u00f6hnlicher Qualit\u00e4t herzustellen.<\/p>\n<p>Dar\u00fcber hinaus hat die Nachhaltigkeit oberste Priorit\u00e4t. Das Labor verpflichtet sich, ethisch und \u00f6kologisch einwandfreie Produkte zu liefern und die neuen globalen Ideale durch nachhaltige Praktiken zu erf\u00fcllen. Das Labor verf\u00fcgt \u00fcber die Sozial- und Umweltzertifikate SA 8000 und ISO 14001.<\/p>\n<p>Das G\u00fctesiegel &#8220;Made in Switzerland&#8221; ist eine Garantie f\u00fcr die Exzellenz aller Marelle-Produkte und eine Garantie f\u00fcr die Sicherheit aller Benutzer.<\/p>\n  <\/div>\n\n<\/section>\n\n\n<section class=\"featured wrap white-green\">\n\n  <div class=\"featured-img\">\n    <img loading=\"lazy\" width=\"800\" height=\"585\" src=\"https:\/\/www.marelle-bio.com\/wp-content\/uploads\/2023\/03\/Marelle-gamme-1-2-e1677769575694-800x585.png\" class=\"attachment-medium size-medium\" alt=\"Marelle soins bio b\u00e9b\u00e9s et enfants gamme\" decoding=\"async\" srcset=\"https:\/\/www.marelle-bio.com\/wp-content\/uploads\/2023\/03\/Marelle-gamme-1-2-e1677769575694-800x585.png 800w, https:\/\/www.marelle-bio.com\/wp-content\/uploads\/2023\/03\/Marelle-gamme-1-2-e1677769575694-600x439.png 600w, https:\/\/www.marelle-bio.com\/wp-content\/uploads\/2023\/03\/Marelle-gamme-1-2-e1677769575694-1024x749.png 1024w, https:\/\/www.marelle-bio.com\/wp-content\/uploads\/2023\/03\/Marelle-gamme-1-2-e1677769575694-768x562.png 768w, https:\/\/www.marelle-bio.com\/wp-content\/uploads\/2023\/03\/Marelle-gamme-1-2-e1677769575694-300x219.png 300w, https:\/\/www.marelle-bio.com\/wp-content\/uploads\/2023\/03\/Marelle-gamme-1-2-e1677769575694.png 1105w\" sizes=\"(max-width: 800px) 100vw, 800px\" \/>  <\/div>\n\n  <div class=\"featured-content\">\n\n    <h2>\n      Unser e-shop    <\/h2>\n\n    <p class=\"left\">\n      Entdecken Sie das Sortiment von Marelle.<br \/>\r\n<br \/>\r\nUltra-sanfte Hautpflegeprodukte f\u00fcr Babys und Kinder, biologisch zertifiziert und in der Schweiz hergestellt. Von einer Mutter in Zusammenarbeit mit einem Labor auf den H\u00f6hen des Genfer Sees entwickelt, enthalten die Produkte das Beste aus der Natur.<br \/>\r\n<br \/>\r\nInspiriert von der Sch\u00f6nheit und Reinheit der Schweizer Alpen.<br \/>\r\n    <\/p>\n\n    <a href=\"https:\/\/www.marelle-bio.com\/de\/marelle-hochwertige-hautpflegeprodukte-eshop\/\" title=\"Entdecken Sie unsere Produkte.\" class=\"arrow\">\n      Entdecken Sie unsere Produkte.      <svg xmlns=\"http:\/\/www.w3.org\/2000\/svg\" viewBox=\"0 0 14.31 7.5\"><title>arrow<\/title><g id=\"Calque_2\" data-name=\"Calque 2\"><g id=\"Calque_1-2\" data-name=\"Calque 1\"><polygon points=\"10.53 0 9.83 0.71 12.4 3.25 0 3.25 0 4.25 12.37 4.25 9.83 6.79 10.54 7.5 14.31 3.73 10.53 0\"\/><\/g><\/g><\/svg>    <\/a>\n\n  <\/div>\n<\/section>\n\n\n<section id=\"usps\" class=\"green small\">\n\n        <div class=\"usp\">\n        <a href=\"https:\/\/www.marelle-bio.com\/de\/marelle-organisch-und-verantwortlich\/\" title=\"Acc\u00e8s \u00e0 la page \u00e0 propos de \u00d6kologisch und verantwortungsbewusst\">\n\n          <div class=\"usp-content\">\n            <img decoding=\"async\" src=\"https:\/\/www.marelle-bio.com\/wp-content\/uploads\/2019\/09\/cosmos-white.png\" \/>          <\/div>\n\n          <h2>\u00d6kologisch und verantwortungsbewusst<\/h2>\n\n        <\/a>\n      <\/div>\n            <div class=\"usp\">\n        <a href=\"https:\/\/www.marelle-bio.com\/de\/marelle-organic-skin-care-babies-and-children-ingredients\/\" title=\"Acc\u00e8s \u00e0 la page \u00e0 propos de Die Inhaltsstoffe\">\n\n          <div class=\"usp-content\">\n            <?xml version=\"1.0\" encoding=\"utf-8\"?>\n<!-- Generator: Adobe Illustrator 21.0.2, SVG Export Plug-In . SVG Version: 6.00 Build 0)  -->\n<svg version=\"1.1\" id=\"Calque_1\" xmlns=\"http:\/\/www.w3.org\/2000\/svg\" xmlns:xlink=\"http:\/\/www.w3.org\/1999\/xlink\" x=\"0px\" y=\"0px\"\n\t viewBox=\"0 0 82 82\" style=\"enable-background:new 0 0 82 82;\" xml:space=\"preserve\">\n<path d=\"M41,82C18.4,82,0,63.6,0,41S18.4,0,41,0s41,18.4,41,41S63.6,82,41,82z M41,2C19.5,2,2,19.5,2,41c0,21.5,17.5,39,39,39\n\ts39-17.5,39-39c0-10.3-4.1-20.3-11.4-27.6C61.3,6.1,51.3,2,41,2z\"\/>\n<path id=\"Fill-1\" d=\"M26.6,56.4L26.6,56.4c-0.3,0.3-0.8,0.3-1.1,0l0,0c-0.3-0.3-0.3-0.8,0-1.2c0,0,0,0,0,0l6.2-6.3l0,0V41\n\tc0-0.5,0.4-0.8,0.8-0.8c0.5,0,0.8,0.4,0.8,0.8v6.2l4.9-4.9V37c0-0.5,0.4-0.8,0.8-0.8c0.5,0,0.8,0.4,0.8,0.8v3.8l0,0l4.9-4.9v-2.2\n\tc0-0.5,0.4-0.8,0.8-0.8s0.8,0.4,0.8,0.8c0,0,0,0,0,0v1.6h1.7c0.5,0,0.8,0.4,0.8,0.8s-0.4,0.8-0.8,0.8c0,0,0,0,0,0H46l-4.9,4.9h3.8\n\tc0.5,0,0.8,0.4,0.8,0.8s-0.4,0.8-0.8,0.8c0,0,0,0,0,0h-5.4l-4.5,4.9h6.2c0.5,0,0.8,0.4,0.8,0.8c0,0.5-0.4,0.8-0.8,0.8h-7.8\n\tL26.6,56.4z M58.6,23.2c-0.2-0.2-0.4-0.3-0.7-0.2c-1.1,0.1-27.7,3.2-33.7,16c-2,4.1-1.5,8.8,1.3,13.9l-1.2,1.2c-1,1-1,2.5,0,3.5\n\ts2.5,1,3.5,0l1.3-1.3c2.6,1.5,5.5,2.4,8.5,2.5c7.2,0,13.2-6.1,17.3-17.6c1.9-5.6,3.3-11.4,4-17.3C58.9,23.7,58.8,23.4,58.6,23.2z\"\/>\n<\/svg>\n          <\/div>\n\n          <h2>Die Inhaltsstoffe<\/h2>\n\n        <\/a>\n      <\/div>\n            <div class=\"usp\">\n        <a href=\"https:\/\/www.marelle-bio.com\/de\/marke\/\" title=\"Acc\u00e8s \u00e0 la page \u00e0 propos de Die Geschichte\">\n\n          <div class=\"usp-content\">\n            <?xml version=\"1.0\" encoding=\"utf-8\"?>\n<!-- Generator: Adobe Illustrator 21.0.2, SVG Export Plug-In . SVG Version: 6.00 Build 0)  -->\n<svg version=\"1.1\" id=\"Calque_1\" xmlns=\"http:\/\/www.w3.org\/2000\/svg\" xmlns:xlink=\"http:\/\/www.w3.org\/1999\/xlink\" x=\"0px\" y=\"0px\"\n\t viewBox=\"0 0 82 82\" style=\"enable-background:new 0 0 82 82;\" xml:space=\"preserve\">\n<path d=\"M50.2,25c-3.7,0.1-7.1,1.9-9.2,5c-2.1-3.1-5.6-4.9-9.3-5c-3.3,0.1-6.3,1.6-8.5,4c-2.2,2.4-3.3,5.5-3.2,8.8\n\tc0,10.7,16.1,23.3,19.4,25.7c0.9,0.7,2.2,0.7,3.2,0C43,63.1,62,49.4,62,37.8c0.1-3.2-1-6.4-3.2-8.8C56.6,26.6,53.5,25.1,50.2,25z\"\/>\n<path d=\"M70,12C54-4,28-4,12,12s-16,42,0,58s42,16,58,0c7.7-7.7,12-18.1,12-29C82,30.1,77.7,19.7,70,12z M41,80C19.5,80,2,62.5,2,41\n\tS19.5,2,41,2s39,17.5,39,39S62.5,80,41,80z\"\/>\n<\/svg>\n          <\/div>\n\n          <h2>Die Geschichte<\/h2>\n\n        <\/a>\n      <\/div>\n      \n<\/section>\n\n\n\n<p><\/p>\n","protected":false},"excerpt":{"rendered":"","protected":false},"author":1,"featured_media":0,"parent":0,"menu_order":0,"comment_status":"closed","ping_status":"closed","template":"","meta":{"footnotes":""},"acf":[],"yoast_head":"<!-- This site is optimized with the Yoast SEO plugin v21.2 - https:\/\/yoast.com\/wordpress\/plugins\/seo\/ -->\n<title>Hergestellt in der Schweiz &#8226; Marelle<\/title>\n<meta name=\"description\" content=\"Les produits sont fabriqu\u00e9s dans un laboratoire de biocosm\u00e9tiques situ\u00e9 sur les hauteurs du lac L\u00e9man. Le swiss made est une garantie d&#039;excellence.\" \/>\n<meta name=\"robots\" content=\"index, follow, max-snippet:-1, max-image-preview:large, max-video-preview:-1\" \/>\n<link rel=\"canonical\" href=\"https:\/\/www.marelle-bio.com\/de\/swiss-made\/\" \/>\n<meta property=\"og:locale\" content=\"de_DE\" \/>\n<meta property=\"og:type\" content=\"article\" \/>\n<meta property=\"og:title\" content=\"Hergestellt in der Schweiz &#8226; Marelle\" \/>\n<meta property=\"og:description\" content=\"Les produits sont fabriqu\u00e9s dans un laboratoire de biocosm\u00e9tiques situ\u00e9 sur les hauteurs du lac L\u00e9man. Le swiss made est une garantie d&#039;excellence.\" \/>\n<meta property=\"og:url\" content=\"https:\/\/www.marelle-bio.com\/de\/swiss-made\/\" \/>\n<meta property=\"og:site_name\" content=\"Marelle\" \/>\n<meta property=\"article:publisher\" content=\"https:\/\/www.facebook.com\/marellebio\/\" \/>\n<meta property=\"article:modified_time\" content=\"2023-10-16T15:14:52+00:00\" \/>\n<meta property=\"og:image\" content=\"https:\/\/www.marelle-bio.com\/wp-content\/uploads\/2022\/09\/Marelle-soins-bio-pour-bebes-et-enfants-11-1024x683.jpg\" \/>\n\t<meta property=\"og:image:width\" content=\"1024\" \/>\n\t<meta property=\"og:image:height\" content=\"683\" \/>\n\t<meta property=\"og:image:type\" content=\"image\/jpeg\" \/>\n<meta name=\"twitter:card\" content=\"summary_large_image\" \/>\n<script type=\"application\/ld+json\" class=\"yoast-schema-graph\">{\"@context\":\"https:\/\/schema.org\",\"@graph\":[{\"@type\":\"WebPage\",\"@id\":\"https:\/\/www.marelle-bio.com\/de\/swiss-made\/\",\"url\":\"https:\/\/www.marelle-bio.com\/de\/swiss-made\/\",\"name\":\"Hergestellt in der Schweiz &#8226; Marelle\",\"isPartOf\":{\"@id\":\"https:\/\/www.marelle-bio.com\/fr\/#website\"},\"datePublished\":\"2019-10-29T10:48:17+00:00\",\"dateModified\":\"2023-10-16T15:14:52+00:00\",\"description\":\"Les produits sont fabriqu\u00e9s dans un laboratoire de biocosm\u00e9tiques situ\u00e9 sur les hauteurs du lac L\u00e9man. Le swiss made est une garantie d'excellence.\",\"breadcrumb\":{\"@id\":\"https:\/\/www.marelle-bio.com\/de\/swiss-made\/#breadcrumb\"},\"inLanguage\":\"de\",\"potentialAction\":[{\"@type\":\"ReadAction\",\"target\":[\"https:\/\/www.marelle-bio.com\/de\/swiss-made\/\"]}]},{\"@type\":\"BreadcrumbList\",\"@id\":\"https:\/\/www.marelle-bio.com\/de\/swiss-made\/#breadcrumb\",\"itemListElement\":[{\"@type\":\"ListItem\",\"position\":1,\"name\":\"Accueil\",\"item\":\"https:\/\/www.marelle-bio.com\/de\/\"},{\"@type\":\"ListItem\",\"position\":2,\"name\":\"Hergestellt in der Schweiz\"}]},{\"@type\":\"WebSite\",\"@id\":\"https:\/\/www.marelle-bio.com\/fr\/#website\",\"url\":\"https:\/\/www.marelle-bio.com\/fr\/\",\"name\":\"Marelle\",\"description\":\"Soins bio pour b\u00e9b\u00e9s et enfants\",\"publisher\":{\"@id\":\"https:\/\/www.marelle-bio.com\/fr\/#organization\"},\"potentialAction\":[{\"@type\":\"SearchAction\",\"target\":{\"@type\":\"EntryPoint\",\"urlTemplate\":\"https:\/\/www.marelle-bio.com\/fr\/?s={search_term_string}\"},\"query-input\":\"required name=search_term_string\"}],\"inLanguage\":\"de\"},{\"@type\":\"Organization\",\"@id\":\"https:\/\/www.marelle-bio.com\/fr\/#organization\",\"name\":\"Marelle\",\"url\":\"https:\/\/www.marelle-bio.com\/fr\/\",\"logo\":{\"@type\":\"ImageObject\",\"inLanguage\":\"de\",\"@id\":\"https:\/\/www.marelle-bio.com\/fr\/#\/schema\/logo\/image\/\",\"url\":\"https:\/\/www.marelle-bio.com\/wp-content\/uploads\/2019\/10\/logo.png\",\"contentUrl\":\"https:\/\/www.marelle-bio.com\/wp-content\/uploads\/2019\/10\/logo.png\",\"width\":608,\"height\":295,\"caption\":\"Marelle\"},\"image\":{\"@id\":\"https:\/\/www.marelle-bio.com\/fr\/#\/schema\/logo\/image\/\"},\"sameAs\":[\"https:\/\/www.facebook.com\/marellebio\/\",\"https:\/\/www.instagram.com\/marelle_bio\/\"]}]}<\/script>\n<!-- \/ Yoast SEO plugin. -->","yoast_head_json":{"title":"Hergestellt in der Schweiz &#8226; Marelle","description":"Les produits sont fabriqu\u00e9s dans un laboratoire de biocosm\u00e9tiques situ\u00e9 sur les hauteurs du lac L\u00e9man. Le swiss made est une garantie d'excellence.","robots":{"index":"index","follow":"follow","max-snippet":"max-snippet:-1","max-image-preview":"max-image-preview:large","max-video-preview":"max-video-preview:-1"},"canonical":"https:\/\/www.marelle-bio.com\/de\/swiss-made\/","og_locale":"de_DE","og_type":"article","og_title":"Hergestellt in der Schweiz &#8226; Marelle","og_description":"Les produits sont fabriqu\u00e9s dans un laboratoire de biocosm\u00e9tiques situ\u00e9 sur les hauteurs du lac L\u00e9man. Le swiss made est une garantie d'excellence.","og_url":"https:\/\/www.marelle-bio.com\/de\/swiss-made\/","og_site_name":"Marelle","article_publisher":"https:\/\/www.facebook.com\/marellebio\/","article_modified_time":"2023-10-16T15:14:52+00:00","og_image":[{"width":1024,"height":683,"url":"https:\/\/www.marelle-bio.com\/wp-content\/uploads\/2022\/09\/Marelle-soins-bio-pour-bebes-et-enfants-11-1024x683.jpg","type":"image\/jpeg"}],"twitter_card":"summary_large_image","schema":{"@context":"https:\/\/schema.org","@graph":[{"@type":"WebPage","@id":"https:\/\/www.marelle-bio.com\/de\/swiss-made\/","url":"https:\/\/www.marelle-bio.com\/de\/swiss-made\/","name":"Hergestellt in der Schweiz &#8226; Marelle","isPartOf":{"@id":"https:\/\/www.marelle-bio.com\/fr\/#website"},"datePublished":"2019-10-29T10:48:17+00:00","dateModified":"2023-10-16T15:14:52+00:00","description":"Les produits sont fabriqu\u00e9s dans un laboratoire de biocosm\u00e9tiques situ\u00e9 sur les hauteurs du lac L\u00e9man. Le swiss made est une garantie d'excellence.","breadcrumb":{"@id":"https:\/\/www.marelle-bio.com\/de\/swiss-made\/#breadcrumb"},"inLanguage":"de","potentialAction":[{"@type":"ReadAction","target":["https:\/\/www.marelle-bio.com\/de\/swiss-made\/"]}]},{"@type":"BreadcrumbList","@id":"https:\/\/www.marelle-bio.com\/de\/swiss-made\/#breadcrumb","itemListElement":[{"@type":"ListItem","position":1,"name":"Accueil","item":"https:\/\/www.marelle-bio.com\/de\/"},{"@type":"ListItem","position":2,"name":"Hergestellt in der Schweiz"}]},{"@type":"WebSite","@id":"https:\/\/www.marelle-bio.com\/fr\/#website","url":"https:\/\/www.marelle-bio.com\/fr\/","name":"Marelle","description":"Soins bio pour b\u00e9b\u00e9s et enfants","publisher":{"@id":"https:\/\/www.marelle-bio.com\/fr\/#organization"},"potentialAction":[{"@type":"SearchAction","target":{"@type":"EntryPoint","urlTemplate":"https:\/\/www.marelle-bio.com\/fr\/?s={search_term_string}"},"query-input":"required name=search_term_string"}],"inLanguage":"de"},{"@type":"Organization","@id":"https:\/\/www.marelle-bio.com\/fr\/#organization","name":"Marelle","url":"https:\/\/www.marelle-bio.com\/fr\/","logo":{"@type":"ImageObject","inLanguage":"de","@id":"https:\/\/www.marelle-bio.com\/fr\/#\/schema\/logo\/image\/","url":"https:\/\/www.marelle-bio.com\/wp-content\/uploads\/2019\/10\/logo.png","contentUrl":"https:\/\/www.marelle-bio.com\/wp-content\/uploads\/2019\/10\/logo.png","width":608,"height":295,"caption":"Marelle"},"image":{"@id":"https:\/\/www.marelle-bio.com\/fr\/#\/schema\/logo\/image\/"},"sameAs":["https:\/\/www.facebook.com\/marellebio\/","https:\/\/www.instagram.com\/marelle_bio\/"]}]}},"_links":{"self":[{"href":"https:\/\/www.marelle-bio.com\/de\/wp-json\/wp\/v2\/pages\/81254"}],"collection":[{"href":"https:\/\/www.marelle-bio.com\/de\/wp-json\/wp\/v2\/pages"}],"about":[{"href":"https:\/\/www.marelle-bio.com\/de\/wp-json\/wp\/v2\/types\/page"}],"author":[{"embeddable":true,"href":"https:\/\/www.marelle-bio.com\/de\/wp-json\/wp\/v2\/users\/1"}],"replies":[{"embeddable":true,"href":"https:\/\/www.marelle-bio.com\/de\/wp-json\/wp\/v2\/comments?post=81254"}],"version-history":[{"count":8,"href":"https:\/\/www.marelle-bio.com\/de\/wp-json\/wp\/v2\/pages\/81254\/revisions"}],"predecessor-version":[{"id":81610,"href":"https:\/\/www.marelle-bio.com\/de\/wp-json\/wp\/v2\/pages\/81254\/revisions\/81610"}],"wp:attachment":[{"href":"https:\/\/www.marelle-bio.com\/de\/wp-json\/wp\/v2\/media?parent=81254"}],"curies":[{"name":"wp","href":"https:\/\/api.w.org\/{rel}","templated":true}]}}