{"id":81245,"date":"2019-10-29T11:39:12","date_gmt":"2019-10-29T10:39:12","guid":{"rendered":"https:\/\/www.marelle-bio.com\/marelle-organic-skin-care-babies-and-children-ingredients\/"},"modified":"2023-10-17T16:22:51","modified_gmt":"2023-10-17T14:22:51","slug":"marelle-organic-skin-care-babies-and-children-ingredients","status":"publish","type":"page","link":"https:\/\/www.marelle-bio.com\/de\/marelle-organic-skin-care-babies-and-children-ingredients\/","title":{"rendered":"Die Inhaltsstoffe"},"content":{"rendered":"<section class=\"wrap pic first-pic\">\n\n      <figure class=\"rellax\" style=\"background-image:url(https:\/\/www.marelle-bio.com\/wp-content\/uploads\/2023\/03\/marelle-soins-bio-bebe-enfants-7-533x800.jpg);\">\n      <img loading=\"lazy\" width=\"533\" height=\"800\" src=\"https:\/\/www.marelle-bio.com\/wp-content\/uploads\/2023\/03\/marelle-soins-bio-bebe-enfants-7-533x800.jpg\" class=\"attachment-medium size-medium\" alt=\"Marelle soins bio b\u00e9b\u00e9s et enfants parfum\" decoding=\"async\" srcset=\"https:\/\/www.marelle-bio.com\/wp-content\/uploads\/2023\/03\/marelle-soins-bio-bebe-enfants-7-533x800.jpg 533w, https:\/\/www.marelle-bio.com\/wp-content\/uploads\/2023\/03\/marelle-soins-bio-bebe-enfants-7-600x900.jpg 600w, https:\/\/www.marelle-bio.com\/wp-content\/uploads\/2023\/03\/marelle-soins-bio-bebe-enfants-7-683x1024.jpg 683w, https:\/\/www.marelle-bio.com\/wp-content\/uploads\/2023\/03\/marelle-soins-bio-bebe-enfants-7-768x1152.jpg 768w, https:\/\/www.marelle-bio.com\/wp-content\/uploads\/2023\/03\/marelle-soins-bio-bebe-enfants-7-1024x1536.jpg 1024w, https:\/\/www.marelle-bio.com\/wp-content\/uploads\/2023\/03\/marelle-soins-bio-bebe-enfants-7-scaled.jpg 1365w, https:\/\/www.marelle-bio.com\/wp-content\/uploads\/2023\/03\/marelle-soins-bio-bebe-enfants-7-2000x3000.jpg 2000w, https:\/\/www.marelle-bio.com\/wp-content\/uploads\/2023\/03\/marelle-soins-bio-bebe-enfants-7-300x450.jpg 300w\" sizes=\"(max-width: 533px) 100vw, 533px\" \/>    <\/figure>\n    \n  <div class=\"text\">\n    <h1>99% bis 100% nat\u00fcrliche Inhaltsstoffe<\/h1>\n<p>Die Produkte von Marelle sch\u00fctzen und pflegen die besonders empfindliche Haut von Babys und Kindern.<\/p>\n<p>Jedes Produkt wurde unter dermatologischer Kontrolle an empfindlicher Haut getestet und kann von Geburt an verwendet werden.<\/p>\n<p>Die Inhaltsstoffe wurden sorgf\u00e4ltig ausgew\u00e4hlt und aus dem Herzen der Natur und f\u00fcr einige von ihnen aus der Schweiz bezogen, um so sanft, nat\u00fcrlich und rein wie m\u00f6glich zu sein.<\/p>\n<h2>Der Duft<\/h2>\n<p>F\u00fcr die Marke Marelle wurde ein Duft entwickelt, der zu 100% aus nat\u00fcrlichen Quellen stammt und die zarte Haut von Babys und Kindern respektiert. Er ist ebenfalls Cosmos Organic zertifiziert.<\/p>\n<p>Es ist ein sanfter und subtiler Duft mit Noten von Orangenbl\u00fcten, Honig und s\u00fc\u00dfen Mandeln, der den Geruch der Natur, Blumenfelder, hohes Gras, die Freude und Unschuld der Kindheit hervorruft&#8230;<\/p>\n  <\/div>\n\n<\/section>\n\n\n\n  <section class=\"wrap pic small\">\n\n    <img decoding=\"async\" src=\"https:\/\/www.marelle-bio.com\/wp-content\/uploads\/2019\/11\/edelweiss.svg\" \/>\n    <div class=\"text\">\n      <h2>Bio-Edelwei\u00dfbl\u00fctenextrakt<\/h2>\n      <p><p>Der Edelwei\u00dfbl\u00fctenextrakt ist die charakteristische Zutat der Marke Marelle, die in jedem Produkt enthalten ist.<\/p>\n<p>Es handelt sich um eine reine und seltene Gebirgsblume mit wei\u00dfen, flauschigen Bl\u00fctenbl\u00e4ttern, die lindernde, weichmachende und sch\u00fctzende Eigenschaften besitzt und besonders f\u00fcr die empfindliche Haut von Babys und Kindern geeignet ist.<\/p>\n<p>Da das Edelwei\u00df unter extremen Wetterbedingungen leidet, hat es sehr wirksame Schutzmechanismen entwickelt, die es vor Frost, starkem Wind und strahlender Sonne sch\u00fctzen. Dadurch profitiert es von einzigartigen Eigenschaften wie dem Schutz der Epidermis.<\/p>\n<p>Der in den Marelle-Produkten verwendete Extrakt wird aus Pflanzen aus biologischem Anbau in den Schweizer Alpen gewonnen.<\/p>\n<\/p>\n    <\/div>\n\n  <\/section>\n\n  \n  <section class=\"wrap pic small right\">\n\n    <img decoding=\"async\" src=\"https:\/\/www.marelle-bio.com\/wp-content\/uploads\/2019\/11\/amandes.svg\" \/>\n    <div class=\"text\">\n      <h2>Bio-S\u00fc\u00dfmandelmilch<\/h2>\n      <p><p>S\u00fc\u00dfe Mandelmilch ist feuchtigkeitsspendend, weichmachend, erweichend und pflegend. Diese Milch wird aus biologisch angebauten Mandeln gewonnen.<\/p>\n<\/p>\n    <\/div>\n\n  <\/section>\n\n  \n  <section class=\"wrap pic small\">\n\n    <img decoding=\"async\" src=\"https:\/\/www.marelle-bio.com\/wp-content\/uploads\/2019\/11\/karite.svg\" \/>\n    <div class=\"text\">\n      <h2>Bio-Sheabutter<\/h2>\n      <p><p>Sheabutter aus biologischem Anbau ist stark regenerierend. Sie besitzt au\u00dferdem weichmachende, feuchtigkeitsspendende und restrukturierende Eigenschaften.<\/p>\n<\/p>\n    <\/div>\n\n  <\/section>\n\n  \n  <section class=\"wrap pic small right\">\n\n    <img decoding=\"async\" src=\"https:\/\/www.marelle-bio.com\/wp-content\/uploads\/2019\/11\/camomille.svg\" \/>\n    <div class=\"text\">\n      <h2>Bio-Kamillen-Hydrolat<\/h2>\n      <p><p>R\u00f6misches Kamillenhydrolat wird durch Wasserdampfdestillation von Kamillenbl\u00fcten aus biologischem Anbau gewonnen. Dieses Bl\u00fctenwasser hilft, die Haut zu beruhigen und weich zu machen.<\/p>\n<\/p>\n    <\/div>\n\n  <\/section>\n\n  \n  <section class=\"wrap pic small\">\n\n    <img decoding=\"async\" src=\"https:\/\/www.marelle-bio.com\/wp-content\/uploads\/2019\/09\/hive.svg\" \/>\n    <div class=\"text\">\n      <h2>Wei\u00dfes Bienenwachs<\/h2>\n      <p><p>Bienenwachs hat lindernde und weichmachende Eigenschaften. Es bildet einen Film auf der Oberfl\u00e4che der Haut, der sie vor \u00e4u\u00dferen Einfl\u00fcssen und Trockenheit sch\u00fctzt.<\/p>\n<\/p>\n    <\/div>\n\n  <\/section>\n\n  \n  <section class=\"wrap pic small right\">\n\n    <img decoding=\"async\" src=\"https:\/\/www.marelle-bio.com\/wp-content\/uploads\/2019\/09\/aloevera.svg\" \/>\n    <div class=\"text\">\n      <h2>Bio-Aloe vera<\/h2>\n      <p><p>Die Bl\u00e4tter der Aloe vera Pflanze enthalten ein Gel, das mit Vitaminen und Mineralien angereichert ist. Es verf\u00fcgt \u00fcber feuchtigkeitsspendende und regenerierende Eigenschaften f\u00fcr die Haut. Der in den Marelle-Produkten verwendete Extrakt wird aus biologisch angebauter Aloe vera gewonnen.<\/p>\n<\/p>\n    <\/div>\n\n  <\/section>\n\n  \n\n<section class=\"featured wrap white-green\">\n\n  <div class=\"featured-img\">\n    <img loading=\"lazy\" width=\"800\" height=\"583\" src=\"https:\/\/www.marelle-bio.com\/wp-content\/uploads\/2023\/03\/Marelle-gamme-1-2-e1677769330187-800x583.png\" class=\"attachment-medium size-medium\" alt=\"Marelle soins bio b\u00e9b\u00e9s et enfants gamme\" decoding=\"async\" srcset=\"https:\/\/www.marelle-bio.com\/wp-content\/uploads\/2023\/03\/Marelle-gamme-1-2-e1677769330187-800x583.png 800w, https:\/\/www.marelle-bio.com\/wp-content\/uploads\/2023\/03\/Marelle-gamme-1-2-e1677769330187-600x437.png 600w, https:\/\/www.marelle-bio.com\/wp-content\/uploads\/2023\/03\/Marelle-gamme-1-2-e1677769330187-1024x746.png 1024w, https:\/\/www.marelle-bio.com\/wp-content\/uploads\/2023\/03\/Marelle-gamme-1-2-e1677769330187-768x559.png 768w, https:\/\/www.marelle-bio.com\/wp-content\/uploads\/2023\/03\/Marelle-gamme-1-2-e1677769330187-1536x1119.png 1536w, https:\/\/www.marelle-bio.com\/wp-content\/uploads\/2023\/03\/Marelle-gamme-1-2-e1677769330187-300x219.png 300w, https:\/\/www.marelle-bio.com\/wp-content\/uploads\/2023\/03\/Marelle-gamme-1-2-e1677769330187.png 1558w\" sizes=\"(max-width: 800px) 100vw, 800px\" \/>  <\/div>\n\n  <div class=\"featured-content\">\n\n    <h2>\n      Unser e-shop    <\/h2>\n\n    <p class=\"left\">\n      Entdecken Sie das Sortiment von Marelle.<br \/>\r\n<br \/>\r\nUltra-sanfte Hautpflegeprodukte f\u00fcr Babys und Kinder, biologisch zertifiziert und in der Schweiz hergestellt. Von einer Mutter in Zusammenarbeit mit einem Labor auf den H\u00f6hen des Genfer Sees entwickelt, enthalten die Produkte das Beste aus der Natur.<br \/>\r\n<br \/>\r\nInspiriert von der Sch\u00f6nheit und Reinheit der Schweizer Alpen.<br \/>\r\n<br \/>\r\n    <\/p>\n\n    <a href=\"https:\/\/www.marelle-bio.com\/de\/marelle-hochwertige-hautpflegeprodukte-eshop\/\" title=\"Entdecken Sie unsere Produkte\" class=\"arrow\">\n      Entdecken Sie unsere Produkte      <svg xmlns=\"http:\/\/www.w3.org\/2000\/svg\" viewBox=\"0 0 14.31 7.5\"><title>arrow<\/title><g id=\"Calque_2\" data-name=\"Calque 2\"><g id=\"Calque_1-2\" data-name=\"Calque 1\"><polygon points=\"10.53 0 9.83 0.71 12.4 3.25 0 3.25 0 4.25 12.37 4.25 9.83 6.79 10.54 7.5 14.31 3.73 10.53 0\"\/><\/g><\/g><\/svg>    <\/a>\n\n  <\/div>\n<\/section>\n\n\n<section id=\"usps\" class=\"green small\">\n\n        <div class=\"usp\">\n        <a href=\"https:\/\/www.marelle-bio.com\/de\/marelle-organisch-und-verantwortlich\/\" title=\"Acc\u00e8s \u00e0 la page \u00e0 propos de Bio und verantwortungsvoll\">\n\n          <div class=\"usp-content\">\n            <img decoding=\"async\" src=\"https:\/\/www.marelle-bio.com\/wp-content\/uploads\/2019\/09\/cosmos-white.png\" \/>          <\/div>\n\n          <h2>Bio und verantwortungsvoll<\/h2>\n\n        <\/a>\n      <\/div>\n            <div class=\"usp\">\n        <a href=\"https:\/\/www.marelle-bio.com\/de\/swiss-made\/\" title=\"Acc\u00e8s \u00e0 la page \u00e0 propos de Hergestellt in der Schweiz\">\n\n          <div class=\"usp-content\">\n            <?xml version=\"1.0\" encoding=\"utf-8\"?>\n<!-- Generator: Adobe Illustrator 21.0.2, SVG Export Plug-In . SVG Version: 6.00 Build 0)  -->\n<svg version=\"1.1\" id=\"Calque_1\" xmlns=\"http:\/\/www.w3.org\/2000\/svg\" xmlns:xlink=\"http:\/\/www.w3.org\/1999\/xlink\" x=\"0px\" y=\"0px\"\n\t viewBox=\"0 0 82 82\" style=\"enable-background:new 0 0 82 82;\" xml:space=\"preserve\">\n<path d=\"M41,82C18.4,82,0,63.6,0,41S18.4,0,41,0l0,0c22.6,0,41,18.4,41,41S63.6,82,41,82z M41,2C19.5,2,2,19.5,2,41s17.5,39,39,39\n\tl0,0c21.5,0,39-17.5,39-39S62.5,2,41,2z\"\/>\n<polygon id=\"Path\" points=\"61,47.7 47.7,47.7 47.7,61 34.3,61 34.3,47.7 21,47.7 21,34.3 34.3,34.3 34.3,21 47.7,21 47.7,34.3 \n\t61,34.3 \"\/>\n<\/svg>\n          <\/div>\n\n          <h2>Hergestellt in der Schweiz<\/h2>\n\n        <\/a>\n      <\/div>\n            <div class=\"usp\">\n        <a href=\"https:\/\/www.marelle-bio.com\/de\/marke\/\" title=\"Acc\u00e8s \u00e0 la page \u00e0 propos de Die Geschichte\">\n\n          <div class=\"usp-content\">\n            <?xml version=\"1.0\" encoding=\"utf-8\"?>\n<!-- Generator: Adobe Illustrator 21.0.2, SVG Export Plug-In . SVG Version: 6.00 Build 0)  -->\n<svg version=\"1.1\" id=\"Calque_1\" xmlns=\"http:\/\/www.w3.org\/2000\/svg\" xmlns:xlink=\"http:\/\/www.w3.org\/1999\/xlink\" x=\"0px\" y=\"0px\"\n\t viewBox=\"0 0 82 82\" style=\"enable-background:new 0 0 82 82;\" xml:space=\"preserve\">\n<path d=\"M50.2,25c-3.7,0.1-7.1,1.9-9.2,5c-2.1-3.1-5.6-4.9-9.3-5c-3.3,0.1-6.3,1.6-8.5,4c-2.2,2.4-3.3,5.5-3.2,8.8\n\tc0,10.7,16.1,23.3,19.4,25.7c0.9,0.7,2.2,0.7,3.2,0C43,63.1,62,49.4,62,37.8c0.1-3.2-1-6.4-3.2-8.8C56.6,26.6,53.5,25.1,50.2,25z\"\/>\n<path d=\"M70,12C54-4,28-4,12,12s-16,42,0,58s42,16,58,0c7.7-7.7,12-18.1,12-29C82,30.1,77.7,19.7,70,12z M41,80C19.5,80,2,62.5,2,41\n\tS19.5,2,41,2s39,17.5,39,39S62.5,80,41,80z\"\/>\n<\/svg>\n          <\/div>\n\n          <h2>Die Geschichte<\/h2>\n\n        <\/a>\n      <\/div>\n      \n<\/section>\n","protected":false},"excerpt":{"rendered":"","protected":false},"author":1,"featured_media":0,"parent":0,"menu_order":0,"comment_status":"closed","ping_status":"closed","template":"","meta":{"footnotes":""},"acf":[],"yoast_head":"<!-- This site is optimized with the Yoast SEO plugin v21.2 - https:\/\/yoast.com\/wordpress\/plugins\/seo\/ -->\n<title>Die Inhaltsstoffe &#8226; Marelle<\/title>\n<meta name=\"description\" content=\"The ingredients have been carefully selected and sourced from the heart of nature in order to be as gentle, natural and pure as possible.\" \/>\n<meta name=\"robots\" content=\"index, follow, max-snippet:-1, max-image-preview:large, max-video-preview:-1\" \/>\n<link rel=\"canonical\" href=\"https:\/\/www.marelle-bio.com\/fr\/marelle-soins-bio-bebes-et-enfants-ingredients\/\" \/>\n<meta property=\"og:locale\" content=\"de_DE\" \/>\n<meta property=\"og:type\" content=\"article\" \/>\n<meta property=\"og:title\" content=\"Die Inhaltsstoffe &#8226; Marelle\" \/>\n<meta property=\"og:description\" content=\"The ingredients have been carefully selected and sourced from the heart of nature in order to be as gentle, natural and pure as possible.\" \/>\n<meta property=\"og:url\" content=\"https:\/\/www.marelle-bio.com\/fr\/marelle-soins-bio-bebes-et-enfants-ingredients\/\" \/>\n<meta property=\"og:site_name\" content=\"Marelle\" \/>\n<meta property=\"article:publisher\" content=\"https:\/\/www.facebook.com\/marellebio\/\" \/>\n<meta property=\"article:modified_time\" content=\"2023-10-17T14:22:51+00:00\" \/>\n<meta property=\"og:image\" content=\"https:\/\/www.marelle-bio.com\/wp-content\/uploads\/2022\/09\/Marelle-soins-bio-pour-bebes-et-enfants-11-1024x683.jpg\" \/>\n\t<meta property=\"og:image:width\" content=\"1024\" \/>\n\t<meta property=\"og:image:height\" content=\"683\" \/>\n\t<meta property=\"og:image:type\" content=\"image\/jpeg\" \/>\n<meta name=\"twitter:card\" content=\"summary_large_image\" \/>\n<script type=\"application\/ld+json\" class=\"yoast-schema-graph\">{\"@context\":\"https:\/\/schema.org\",\"@graph\":[{\"@type\":\"WebPage\",\"@id\":\"https:\/\/www.marelle-bio.com\/fr\/marelle-soins-bio-bebes-et-enfants-ingredients\/\",\"url\":\"https:\/\/www.marelle-bio.com\/fr\/marelle-soins-bio-bebes-et-enfants-ingredients\/\",\"name\":\"Die Inhaltsstoffe &#8226; Marelle\",\"isPartOf\":{\"@id\":\"https:\/\/www.marelle-bio.com\/fr\/#website\"},\"datePublished\":\"2019-10-29T10:39:12+00:00\",\"dateModified\":\"2023-10-17T14:22:51+00:00\",\"description\":\"The ingredients have been carefully selected and sourced from the heart of nature in order to be as gentle, natural and pure as possible.\",\"breadcrumb\":{\"@id\":\"https:\/\/www.marelle-bio.com\/fr\/marelle-soins-bio-bebes-et-enfants-ingredients\/#breadcrumb\"},\"inLanguage\":\"de\",\"potentialAction\":[{\"@type\":\"ReadAction\",\"target\":[\"https:\/\/www.marelle-bio.com\/fr\/marelle-soins-bio-bebes-et-enfants-ingredients\/\"]}]},{\"@type\":\"BreadcrumbList\",\"@id\":\"https:\/\/www.marelle-bio.com\/fr\/marelle-soins-bio-bebes-et-enfants-ingredients\/#breadcrumb\",\"itemListElement\":[{\"@type\":\"ListItem\",\"position\":1,\"name\":\"Accueil\",\"item\":\"https:\/\/www.marelle-bio.com\/de\/\"},{\"@type\":\"ListItem\",\"position\":2,\"name\":\"Die Inhaltsstoffe\"}]},{\"@type\":\"WebSite\",\"@id\":\"https:\/\/www.marelle-bio.com\/fr\/#website\",\"url\":\"https:\/\/www.marelle-bio.com\/fr\/\",\"name\":\"Marelle\",\"description\":\"Soins bio pour b\u00e9b\u00e9s et enfants\",\"publisher\":{\"@id\":\"https:\/\/www.marelle-bio.com\/fr\/#organization\"},\"potentialAction\":[{\"@type\":\"SearchAction\",\"target\":{\"@type\":\"EntryPoint\",\"urlTemplate\":\"https:\/\/www.marelle-bio.com\/fr\/?s={search_term_string}\"},\"query-input\":\"required name=search_term_string\"}],\"inLanguage\":\"de\"},{\"@type\":\"Organization\",\"@id\":\"https:\/\/www.marelle-bio.com\/fr\/#organization\",\"name\":\"Marelle\",\"url\":\"https:\/\/www.marelle-bio.com\/fr\/\",\"logo\":{\"@type\":\"ImageObject\",\"inLanguage\":\"de\",\"@id\":\"https:\/\/www.marelle-bio.com\/fr\/#\/schema\/logo\/image\/\",\"url\":\"https:\/\/www.marelle-bio.com\/wp-content\/uploads\/2019\/10\/logo.png\",\"contentUrl\":\"https:\/\/www.marelle-bio.com\/wp-content\/uploads\/2019\/10\/logo.png\",\"width\":608,\"height\":295,\"caption\":\"Marelle\"},\"image\":{\"@id\":\"https:\/\/www.marelle-bio.com\/fr\/#\/schema\/logo\/image\/\"},\"sameAs\":[\"https:\/\/www.facebook.com\/marellebio\/\",\"https:\/\/www.instagram.com\/marelle_bio\/\"]}]}<\/script>\n<!-- \/ Yoast SEO plugin. -->","yoast_head_json":{"title":"Die Inhaltsstoffe &#8226; Marelle","description":"The ingredients have been carefully selected and sourced from the heart of nature in order to be as gentle, natural and pure as possible.","robots":{"index":"index","follow":"follow","max-snippet":"max-snippet:-1","max-image-preview":"max-image-preview:large","max-video-preview":"max-video-preview:-1"},"canonical":"https:\/\/www.marelle-bio.com\/fr\/marelle-soins-bio-bebes-et-enfants-ingredients\/","og_locale":"de_DE","og_type":"article","og_title":"Die Inhaltsstoffe &#8226; Marelle","og_description":"The ingredients have been carefully selected and sourced from the heart of nature in order to be as gentle, natural and pure as possible.","og_url":"https:\/\/www.marelle-bio.com\/fr\/marelle-soins-bio-bebes-et-enfants-ingredients\/","og_site_name":"Marelle","article_publisher":"https:\/\/www.facebook.com\/marellebio\/","article_modified_time":"2023-10-17T14:22:51+00:00","og_image":[{"width":1024,"height":683,"url":"https:\/\/www.marelle-bio.com\/wp-content\/uploads\/2022\/09\/Marelle-soins-bio-pour-bebes-et-enfants-11-1024x683.jpg","type":"image\/jpeg"}],"twitter_card":"summary_large_image","schema":{"@context":"https:\/\/schema.org","@graph":[{"@type":"WebPage","@id":"https:\/\/www.marelle-bio.com\/fr\/marelle-soins-bio-bebes-et-enfants-ingredients\/","url":"https:\/\/www.marelle-bio.com\/fr\/marelle-soins-bio-bebes-et-enfants-ingredients\/","name":"Die Inhaltsstoffe &#8226; Marelle","isPartOf":{"@id":"https:\/\/www.marelle-bio.com\/fr\/#website"},"datePublished":"2019-10-29T10:39:12+00:00","dateModified":"2023-10-17T14:22:51+00:00","description":"The ingredients have been carefully selected and sourced from the heart of nature in order to be as gentle, natural and pure as possible.","breadcrumb":{"@id":"https:\/\/www.marelle-bio.com\/fr\/marelle-soins-bio-bebes-et-enfants-ingredients\/#breadcrumb"},"inLanguage":"de","potentialAction":[{"@type":"ReadAction","target":["https:\/\/www.marelle-bio.com\/fr\/marelle-soins-bio-bebes-et-enfants-ingredients\/"]}]},{"@type":"BreadcrumbList","@id":"https:\/\/www.marelle-bio.com\/fr\/marelle-soins-bio-bebes-et-enfants-ingredients\/#breadcrumb","itemListElement":[{"@type":"ListItem","position":1,"name":"Accueil","item":"https:\/\/www.marelle-bio.com\/de\/"},{"@type":"ListItem","position":2,"name":"Die Inhaltsstoffe"}]},{"@type":"WebSite","@id":"https:\/\/www.marelle-bio.com\/fr\/#website","url":"https:\/\/www.marelle-bio.com\/fr\/","name":"Marelle","description":"Soins bio pour b\u00e9b\u00e9s et enfants","publisher":{"@id":"https:\/\/www.marelle-bio.com\/fr\/#organization"},"potentialAction":[{"@type":"SearchAction","target":{"@type":"EntryPoint","urlTemplate":"https:\/\/www.marelle-bio.com\/fr\/?s={search_term_string}"},"query-input":"required name=search_term_string"}],"inLanguage":"de"},{"@type":"Organization","@id":"https:\/\/www.marelle-bio.com\/fr\/#organization","name":"Marelle","url":"https:\/\/www.marelle-bio.com\/fr\/","logo":{"@type":"ImageObject","inLanguage":"de","@id":"https:\/\/www.marelle-bio.com\/fr\/#\/schema\/logo\/image\/","url":"https:\/\/www.marelle-bio.com\/wp-content\/uploads\/2019\/10\/logo.png","contentUrl":"https:\/\/www.marelle-bio.com\/wp-content\/uploads\/2019\/10\/logo.png","width":608,"height":295,"caption":"Marelle"},"image":{"@id":"https:\/\/www.marelle-bio.com\/fr\/#\/schema\/logo\/image\/"},"sameAs":["https:\/\/www.facebook.com\/marellebio\/","https:\/\/www.instagram.com\/marelle_bio\/"]}]}},"_links":{"self":[{"href":"https:\/\/www.marelle-bio.com\/de\/wp-json\/wp\/v2\/pages\/81245"}],"collection":[{"href":"https:\/\/www.marelle-bio.com\/de\/wp-json\/wp\/v2\/pages"}],"about":[{"href":"https:\/\/www.marelle-bio.com\/de\/wp-json\/wp\/v2\/types\/page"}],"author":[{"embeddable":true,"href":"https:\/\/www.marelle-bio.com\/de\/wp-json\/wp\/v2\/users\/1"}],"replies":[{"embeddable":true,"href":"https:\/\/www.marelle-bio.com\/de\/wp-json\/wp\/v2\/comments?post=81245"}],"version-history":[{"count":8,"href":"https:\/\/www.marelle-bio.com\/de\/wp-json\/wp\/v2\/pages\/81245\/revisions"}],"predecessor-version":[{"id":81618,"href":"https:\/\/www.marelle-bio.com\/de\/wp-json\/wp\/v2\/pages\/81245\/revisions\/81618"}],"wp:attachment":[{"href":"https:\/\/www.marelle-bio.com\/de\/wp-json\/wp\/v2\/media?parent=81245"}],"curies":[{"name":"wp","href":"https:\/\/api.w.org\/{rel}","templated":true}]}}