{"id":81241,"date":"2019-11-14T09:45:41","date_gmt":"2019-11-14T08:45:41","guid":{"rendered":"https:\/\/www.marelle-bio.com\/shipping-and-returns\/"},"modified":"2023-10-04T15:07:09","modified_gmt":"2023-10-04T13:07:09","slug":"versand-und-ruecksendung","status":"publish","type":"page","link":"https:\/\/www.marelle-bio.com\/de\/versand-und-ruecksendung\/","title":{"rendered":"Lieferungen und R\u00fccksendungen"},"content":{"rendered":"\n<p class=\"has-text-align-center\">Willkommen auf unserer Website <a href=\"http:\/\/www.marelle-bio.com\">www.marelle-bio.com<\/a>. <\/p>\n\n\n\n<p class=\"has-text-align-center\">Wir danken Ihnen f\u00fcr Ihren Besuch.<\/p>\n\n\n\n<h2 class=\"wp-block-heading\">Lieferungen und R\u00fcckgaben<\/h2>\n\n\n\n<p>Hier finden Sie alle Informationen, die Sie f\u00fcr die Lieferung und R\u00fcckgabe von Marelle-Produkten ben\u00f6tigen.<\/p>\n\n\n\n<h3 class=\"wp-block-heading\">1. Lieferungen<\/h3>\n\n\n\n<p><strong>Die Lieferung ist ab einem Bestellwert von 70 CHF in der Schweiz und 70 \u20ac in Frankreich kostenlos.<\/strong><\/p>\n\n\n\n<p>Sobald die Zahlung eingegangen ist, wird die Bestellung so schnell wie m\u00f6glich bearbeitet. Wir bereiten unsere Bestellungen mit gro\u00dfer Sorgfalt vor.<\/p>\n\n\n\n<p>W\u00e4hrend Messen oder Urlauben kann die Bearbeitung der Bestellung etwas l\u00e4nger dauern. In diesem Fall werden Sie per E-Mail benachrichtigt.<\/p>\n\n\n\n<h3 class=\"wp-block-heading\">Lieferung f\u00fcr die Schweiz<\/h3>\n\n\n\n<p>Lieferungen innerhalb der Schweiz werden mit der Schweizerischen Post verschickt.<\/p>\n\n\n\n<p>Nach dem Versand erhalten Sie automatisch eine Tracking-Nummer f\u00fcr Ihre Bestellung.<\/p>\n\n\n\n<p>Hier sind die verschiedenen Tarife und Lieferoptionen:<\/p>\n\n\n\n<figure class=\"wp-block-table aligncenter\"><table><tbody><tr><td><strong>Gewicht<\/strong><\/td><td><strong>Art der Lieferung <\/strong><\/td><td><strong>Lieferfrist <\/strong><\/td><td><strong>Preis<\/strong><\/td><\/tr><tr><td>bis zu 2 kg<\/td><td>PostPac Economy<\/td><td>2-3 Arbeitstage<\/td><td>7 CHF    <\/td><\/tr><tr><td>bis zu 2 kg<\/td><td>PostPac Priority<\/td><td>1-2 Arbeitstage<\/td><td>9 CHF<\/td><\/tr><tr><td>bis zu 10 kg<\/td><td>PostPac Economy<\/td><td>2-3 Arbeitstage<\/td><td>10 CHF<\/td><\/tr><tr><td>bis zu 10 kg<\/td><td>PostPac Priority<\/td><td>1-2 Arbeitstage<\/td><td>11 CHF<\/td><\/tr><\/tbody><\/table><\/figure>\n\n\n\n<h3 class=\"wp-block-heading\">Europ\u00e4ische Union und internationale Lieferungen<\/h3>\n\n\n\n<p>F\u00fcr Lieferungen innerhalb der Europ\u00e4ischen Union und ins Ausland variieren die Versandkosten je nach Bestimmungsort und Paketgewicht.<\/p>\n\n\n\n<p>Die endg\u00fcltigen Kosten werden am Ende des Bestellvorgangs berechnet.<\/p>\n\n\n\n<h3 class=\"wp-block-heading\">2. R\u00fcckgabe<\/h3>\n\n\n\n<p>Wenn Ihnen die Produkte nicht zusagen, k\u00f6nnen Sie sie innerhalb von f\u00fcnfzehn (15) Tagen nach Erhalt Ihrer Bestellung an uns zur\u00fccksenden.<\/p>\n\n\n\n<p>Die Kosten f\u00fcr den Transport der zur\u00fcckgesandten Waren gehen zu Ihren Lasten.<\/p>\n\n\n\n<p>Die Produkte m\u00fcssen in der Originalverpackung und im Originalzustand zur\u00fcckgeschickt werden, einschlie\u00dflich der intakten Originalit\u00e4tsringe auf jedem Produkt (Aluminiumsiegel auf der Tube von Delicate hydrating cream und Schutzring auf der Pumpe von Ultra gentle cleansing gel und Micellar floral water).<\/p>\n\n\n\n<p><strong>Wichtig: Marelle beh\u00e4lt sich das Recht vor, das Widerrufsrecht des Kunden f\u00fcr Artikel, die aus Gesundheits- und Sicherheitsgr\u00fcnden unverschlossen zur\u00fcckgegeben werden, nicht zu ber\u00fccksichtigen.<\/strong><\/p>\n\n\n\n<p>Um eine R\u00fcckgabe zu t\u00e4tigen, muss der Kunde:<\/p>\n\n\n\n<ul>\n<li>Innerhalb von 15 Tagen einen R\u00fcckgabeantrag an unsere Abteilung f\u00fcr Kundenbeziehungen unter contact@marelle-bio.com senden.<\/li>\n<\/ul>\n\n\n\n<ul>\n<li>Das\/die Produkt(e) in seiner\/ihrer unge\u00f6ffneten und unbesch\u00e4digten Originalverpackung, die Nummer der zur\u00fcckzusendenden Bestellung und einen Antrag auf Umtausch oder Erstattung beif\u00fcgen.<\/li>\n<\/ul>\n\n\n\n<ul>\n<li>Sobald die R\u00fccksendung best\u00e4tigt wurde, erhalten Sie die R\u00fcckerstattung auf demselben Weg wie die Zahlung im Falle eines Erstattungsantrags.<\/li>\n<\/ul>\n\n\n\n<p>Sollte der Kunde die vorliegenden Bedingungen, insbesondere die R\u00fcckgabe- oder Umtauschbedingungen, nicht einhalten, ist Marelle nicht in der Lage, die Erstattung der betreffenden Produkte vorzunehmen.<\/p>\n","protected":false},"excerpt":{"rendered":"<p>Willkommen auf unserer Website www.marelle-bio.com. Wir danken Ihnen f\u00fcr Ihren Besuch. Lieferungen und R\u00fcckgaben Hier finden Sie alle Informationen, die Sie f\u00fcr die Lieferung und (&#8230;)<\/p>\n","protected":false},"author":1,"featured_media":0,"parent":0,"menu_order":0,"comment_status":"closed","ping_status":"closed","template":"template-basic-content.php","meta":{"footnotes":""},"acf":[],"yoast_head":"<!-- This site is optimized with the Yoast SEO plugin v21.2 - https:\/\/yoast.com\/wordpress\/plugins\/seo\/ -->\n<title>Lieferungen und R\u00fccksendungen &#8226; Marelle<\/title>\n<meta name=\"description\" content=\"Hier finden Sie alle Informationen \u00fcber Lieferungen und R\u00fccksendungen von Marelle-Produkten innerhalb der Europ\u00e4ischen Union\" \/>\n<meta name=\"robots\" content=\"index, follow, max-snippet:-1, max-image-preview:large, max-video-preview:-1\" \/>\n<link rel=\"canonical\" href=\"https:\/\/www.marelle-bio.com\/fr\/livraison-retours\/\" \/>\n<meta property=\"og:locale\" content=\"de_DE\" \/>\n<meta property=\"og:type\" content=\"article\" \/>\n<meta property=\"og:title\" content=\"Lieferungen und R\u00fccksendungen &#8226; Marelle\" \/>\n<meta property=\"og:description\" content=\"Hier finden Sie alle Informationen \u00fcber Lieferungen und R\u00fccksendungen von Marelle-Produkten innerhalb der Europ\u00e4ischen Union\" \/>\n<meta property=\"og:url\" content=\"https:\/\/www.marelle-bio.com\/fr\/livraison-retours\/\" \/>\n<meta property=\"og:site_name\" content=\"Marelle\" \/>\n<meta property=\"article:publisher\" content=\"https:\/\/www.facebook.com\/marellebio\/\" \/>\n<meta property=\"article:modified_time\" content=\"2023-10-04T13:07:09+00:00\" \/>\n<meta property=\"og:image\" content=\"https:\/\/www.marelle-bio.com\/wp-content\/uploads\/2022\/09\/Marelle-soins-bio-pour-bebes-et-enfants-11-1024x683.jpg\" \/>\n\t<meta property=\"og:image:width\" content=\"1024\" \/>\n\t<meta property=\"og:image:height\" content=\"683\" \/>\n\t<meta property=\"og:image:type\" content=\"image\/jpeg\" \/>\n<meta name=\"twitter:card\" content=\"summary_large_image\" \/>\n<meta name=\"twitter:label1\" content=\"Gesch\u00e4tzte Lesezeit\" \/>\n\t<meta name=\"twitter:data1\" content=\"2\u00a0Minuten\" \/>\n<script type=\"application\/ld+json\" class=\"yoast-schema-graph\">{\"@context\":\"https:\/\/schema.org\",\"@graph\":[{\"@type\":\"WebPage\",\"@id\":\"https:\/\/www.marelle-bio.com\/fr\/livraison-retours\/\",\"url\":\"https:\/\/www.marelle-bio.com\/fr\/livraison-retours\/\",\"name\":\"Lieferungen und R\u00fccksendungen &#8226; Marelle\",\"isPartOf\":{\"@id\":\"https:\/\/www.marelle-bio.com\/fr\/#website\"},\"datePublished\":\"2019-11-14T08:45:41+00:00\",\"dateModified\":\"2023-10-04T13:07:09+00:00\",\"description\":\"Hier finden Sie alle Informationen \u00fcber Lieferungen und R\u00fccksendungen von Marelle-Produkten innerhalb der Europ\u00e4ischen Union\",\"breadcrumb\":{\"@id\":\"https:\/\/www.marelle-bio.com\/fr\/livraison-retours\/#breadcrumb\"},\"inLanguage\":\"de\",\"potentialAction\":[{\"@type\":\"ReadAction\",\"target\":[\"https:\/\/www.marelle-bio.com\/fr\/livraison-retours\/\"]}]},{\"@type\":\"BreadcrumbList\",\"@id\":\"https:\/\/www.marelle-bio.com\/fr\/livraison-retours\/#breadcrumb\",\"itemListElement\":[{\"@type\":\"ListItem\",\"position\":1,\"name\":\"Accueil\",\"item\":\"https:\/\/www.marelle-bio.com\/de\/\"},{\"@type\":\"ListItem\",\"position\":2,\"name\":\"Lieferungen und R\u00fccksendungen\"}]},{\"@type\":\"WebSite\",\"@id\":\"https:\/\/www.marelle-bio.com\/fr\/#website\",\"url\":\"https:\/\/www.marelle-bio.com\/fr\/\",\"name\":\"Marelle\",\"description\":\"Soins bio pour b\u00e9b\u00e9s et enfants\",\"publisher\":{\"@id\":\"https:\/\/www.marelle-bio.com\/fr\/#organization\"},\"potentialAction\":[{\"@type\":\"SearchAction\",\"target\":{\"@type\":\"EntryPoint\",\"urlTemplate\":\"https:\/\/www.marelle-bio.com\/fr\/?s={search_term_string}\"},\"query-input\":\"required name=search_term_string\"}],\"inLanguage\":\"de\"},{\"@type\":\"Organization\",\"@id\":\"https:\/\/www.marelle-bio.com\/fr\/#organization\",\"name\":\"Marelle\",\"url\":\"https:\/\/www.marelle-bio.com\/fr\/\",\"logo\":{\"@type\":\"ImageObject\",\"inLanguage\":\"de\",\"@id\":\"https:\/\/www.marelle-bio.com\/fr\/#\/schema\/logo\/image\/\",\"url\":\"https:\/\/www.marelle-bio.com\/wp-content\/uploads\/2019\/10\/logo.png\",\"contentUrl\":\"https:\/\/www.marelle-bio.com\/wp-content\/uploads\/2019\/10\/logo.png\",\"width\":608,\"height\":295,\"caption\":\"Marelle\"},\"image\":{\"@id\":\"https:\/\/www.marelle-bio.com\/fr\/#\/schema\/logo\/image\/\"},\"sameAs\":[\"https:\/\/www.facebook.com\/marellebio\/\",\"https:\/\/www.instagram.com\/marelle_bio\/\"]}]}<\/script>\n<!-- \/ Yoast SEO plugin. -->","yoast_head_json":{"title":"Lieferungen und R\u00fccksendungen &#8226; Marelle","description":"Hier finden Sie alle Informationen \u00fcber Lieferungen und R\u00fccksendungen von Marelle-Produkten innerhalb der Europ\u00e4ischen Union","robots":{"index":"index","follow":"follow","max-snippet":"max-snippet:-1","max-image-preview":"max-image-preview:large","max-video-preview":"max-video-preview:-1"},"canonical":"https:\/\/www.marelle-bio.com\/fr\/livraison-retours\/","og_locale":"de_DE","og_type":"article","og_title":"Lieferungen und R\u00fccksendungen &#8226; Marelle","og_description":"Hier finden Sie alle Informationen \u00fcber Lieferungen und R\u00fccksendungen von Marelle-Produkten innerhalb der Europ\u00e4ischen Union","og_url":"https:\/\/www.marelle-bio.com\/fr\/livraison-retours\/","og_site_name":"Marelle","article_publisher":"https:\/\/www.facebook.com\/marellebio\/","article_modified_time":"2023-10-04T13:07:09+00:00","og_image":[{"width":1024,"height":683,"url":"https:\/\/www.marelle-bio.com\/wp-content\/uploads\/2022\/09\/Marelle-soins-bio-pour-bebes-et-enfants-11-1024x683.jpg","type":"image\/jpeg"}],"twitter_card":"summary_large_image","twitter_misc":{"Gesch\u00e4tzte Lesezeit":"2\u00a0Minuten"},"schema":{"@context":"https:\/\/schema.org","@graph":[{"@type":"WebPage","@id":"https:\/\/www.marelle-bio.com\/fr\/livraison-retours\/","url":"https:\/\/www.marelle-bio.com\/fr\/livraison-retours\/","name":"Lieferungen und R\u00fccksendungen &#8226; Marelle","isPartOf":{"@id":"https:\/\/www.marelle-bio.com\/fr\/#website"},"datePublished":"2019-11-14T08:45:41+00:00","dateModified":"2023-10-04T13:07:09+00:00","description":"Hier finden Sie alle Informationen \u00fcber Lieferungen und R\u00fccksendungen von Marelle-Produkten innerhalb der Europ\u00e4ischen Union","breadcrumb":{"@id":"https:\/\/www.marelle-bio.com\/fr\/livraison-retours\/#breadcrumb"},"inLanguage":"de","potentialAction":[{"@type":"ReadAction","target":["https:\/\/www.marelle-bio.com\/fr\/livraison-retours\/"]}]},{"@type":"BreadcrumbList","@id":"https:\/\/www.marelle-bio.com\/fr\/livraison-retours\/#breadcrumb","itemListElement":[{"@type":"ListItem","position":1,"name":"Accueil","item":"https:\/\/www.marelle-bio.com\/de\/"},{"@type":"ListItem","position":2,"name":"Lieferungen und R\u00fccksendungen"}]},{"@type":"WebSite","@id":"https:\/\/www.marelle-bio.com\/fr\/#website","url":"https:\/\/www.marelle-bio.com\/fr\/","name":"Marelle","description":"Soins bio pour b\u00e9b\u00e9s et enfants","publisher":{"@id":"https:\/\/www.marelle-bio.com\/fr\/#organization"},"potentialAction":[{"@type":"SearchAction","target":{"@type":"EntryPoint","urlTemplate":"https:\/\/www.marelle-bio.com\/fr\/?s={search_term_string}"},"query-input":"required name=search_term_string"}],"inLanguage":"de"},{"@type":"Organization","@id":"https:\/\/www.marelle-bio.com\/fr\/#organization","name":"Marelle","url":"https:\/\/www.marelle-bio.com\/fr\/","logo":{"@type":"ImageObject","inLanguage":"de","@id":"https:\/\/www.marelle-bio.com\/fr\/#\/schema\/logo\/image\/","url":"https:\/\/www.marelle-bio.com\/wp-content\/uploads\/2019\/10\/logo.png","contentUrl":"https:\/\/www.marelle-bio.com\/wp-content\/uploads\/2019\/10\/logo.png","width":608,"height":295,"caption":"Marelle"},"image":{"@id":"https:\/\/www.marelle-bio.com\/fr\/#\/schema\/logo\/image\/"},"sameAs":["https:\/\/www.facebook.com\/marellebio\/","https:\/\/www.instagram.com\/marelle_bio\/"]}]}},"_links":{"self":[{"href":"https:\/\/www.marelle-bio.com\/de\/wp-json\/wp\/v2\/pages\/81241"}],"collection":[{"href":"https:\/\/www.marelle-bio.com\/de\/wp-json\/wp\/v2\/pages"}],"about":[{"href":"https:\/\/www.marelle-bio.com\/de\/wp-json\/wp\/v2\/types\/page"}],"author":[{"embeddable":true,"href":"https:\/\/www.marelle-bio.com\/de\/wp-json\/wp\/v2\/users\/1"}],"replies":[{"embeddable":true,"href":"https:\/\/www.marelle-bio.com\/de\/wp-json\/wp\/v2\/comments?post=81241"}],"version-history":[{"count":20,"href":"https:\/\/www.marelle-bio.com\/de\/wp-json\/wp\/v2\/pages\/81241\/revisions"}],"predecessor-version":[{"id":81386,"href":"https:\/\/www.marelle-bio.com\/de\/wp-json\/wp\/v2\/pages\/81241\/revisions\/81386"}],"wp:attachment":[{"href":"https:\/\/www.marelle-bio.com\/de\/wp-json\/wp\/v2\/media?parent=81241"}],"curies":[{"name":"wp","href":"https:\/\/api.w.org\/{rel}","templated":true}]}}